{"id":288110,"date":"2022-03-24T14:00:40","date_gmt":"2022-03-24T12:00:40","guid":{"rendered":"https:\/\/www.huntersfriend.eu\/product\/hha-tetra-max-1-pin\/"},"modified":"2025-08-27T11:06:24","modified_gmt":"2025-08-27T09:06:24","slug":"hha-tetra-max-1-pin","status":"publish","type":"product","link":"https:\/\/www.huntersfriend.eu\/sv\/produkt\/hha-tetra-max-1-pin\/","title":{"rendered":"HHA Tetra Max 1-pin"},"content":{"rendered":"<p>Beh\u00f6ver du olika pilar beroende p\u00e5 s\u00e4song? Varje Tetra Max-sikte levereras med tv\u00e5 avst\u00e5ndshjul, vilket g\u00f6r bytet mellan inst\u00e4llningar enkelt och inte en halv dag p\u00e5 skjutbanan. Byt ut den ultrafina pekaren mot f\u00f6rstoringsglaset och se dina avst\u00e5ndsmarkeringar som aldrig f\u00f6rr. L\u00e4gg till en valfri Blue Burst-lampa och belys din tapeskala f\u00f6r att g\u00f6ra snabba justeringar i t\u00e4t vegetation eller fr\u00e5n s\u00e4kerheten i ett markg\u00f6msle.   <\/p>\n<ul class=\"acf-repeater-list\">\n<li class=\"acf-repeater-list__item\">H\u00f6jdsystem med o\u00e4ndlig justering<\/li>\n<li class=\"acf-repeater-list__item\">Mekanisk reostat<\/li>\n<li class=\"acf-repeater-list__item\">Integrerad vattenpasslibell<\/li>\n<li class=\"acf-repeater-list__item\">Vattent\u00e5liga avst\u00e5ndstejper<\/li>\n<li class=\"acf-repeater-list__item\">Armerade pinnar<\/li>\n<li class=\"acf-repeater-list__item\">F\u00f6rstoringsglas f\u00f6r avst\u00e5ndshjul<\/li>\n<li class=\"acf-repeater-list__item\">M\u00e4t avst\u00e5nd. St\u00e4ll in. Skjut.  <\/li>\n<li class=\"acf-repeater-list__item\">Kompatibel med Blue Burst-lampa<\/li>\n<li class=\"acf-repeater-list__item\">Kompatibel med lins<\/li>\n<li class=\"acf-repeater-list__item\">100 % livstidsgaranti<\/li>\n<\/ul>\n<div class=\"elementor-element elementor-element-8bf1893 elementor-widget elementor-widget-heading\" data-id=\"8bf1893\" data-element_type=\"widget\" data-widget_type=\"heading.default\">\n<div class=\"elementor-widget-container\">\n<h2 class=\"elementor-heading-title elementor-size-default\">I F\u00d6RPACKNINGEN<\/h2>\n<\/div>\n<\/div>\n<div class=\"elementor-element elementor-element-6f11581 elementor-widget__width-auto elementor-widget elementor-widget-acf-repeater-list\" data-id=\"6f11581\" data-element_type=\"widget\" data-widget_type=\"acf-repeater-list.default\">\n<div class=\"elementor-widget-container\">\n<div class=\"acf-repeater-list-grid\">\n<ul class=\"acf-repeater-list\">\n<li class=\"acf-repeater-list__item\">Tetra Max-sikte<\/li>\n<li class=\"acf-repeater-list__item\">Tejpsats<\/li>\n<li class=\"acf-repeater-list__item\">Monteringsdetaljer<\/li>\n<li class=\"acf-repeater-list__item\">Instruktioner<\/li>\n<li class=\"acf-repeater-list__item\">Tejpf\u00f6rstorare<\/li>\n<\/ul>\n<p>V\u00e4nsterhandsmodeller endast p\u00e5 specialbest\u00e4llning \u2013 Kontakta oss direkt f\u00f6r v\u00e4nsterhandsmodeller<\/p>\n<\/div>\n<\/div>\n<\/div>\n","protected":false},"excerpt":{"rendered":"<p>1-pin 1 5\/8&#8243; sikte med reostat, endast RH<\/p>\n","protected":false},"featured_media":226853,"comment_status":"open","ping_status":"closed","template":"","meta":[],"product_brand":[],"product_cat":[878],"product_tag":[],"class_list":{"0":"post-288110","1":"product","2":"type-product","3":"status-publish","4":"has-post-thumbnail","6":"product_cat-uncategorized-sv","8":"first","9":"instock","10":"taxable","11":"shipping-taxable","12":"product-type-simple"},"composite_virtual":false,"composite_layout":"","composite_add_to_cart_form_location":"","composite_editable_in_cart":false,"composite_sold_individually_context":"","composite_shop_price_calc":"","composite_components":[],"composite_scenarios":[],"group_of_quantity":0,"min_quantity":0,"max_quantity":"","exclude_order_quantity_value_rules":"no","exclude_category_quantity_rules":"no","combine_variations":"no","exclude_global_add_ons":[],"addons":[],"_links":{"self":[{"href":"https:\/\/www.huntersfriend.eu\/sv\/wp-json\/wp\/v2\/product\/288110","targetHints":{"allow":["GET"]}}],"collection":[{"href":"https:\/\/www.huntersfriend.eu\/sv\/wp-json\/wp\/v2\/product"}],"about":[{"href":"https:\/\/www.huntersfriend.eu\/sv\/wp-json\/wp\/v2\/types\/product"}],"replies":[{"embeddable":true,"href":"https:\/\/www.huntersfriend.eu\/sv\/wp-json\/wp\/v2\/comments?post=288110"}],"wp:featuredmedia":[{"embeddable":true,"href":"https:\/\/www.huntersfriend.eu\/sv\/wp-json\/wp\/v2\/media\/226853"}],"wp:attachment":[{"href":"https:\/\/www.huntersfriend.eu\/sv\/wp-json\/wp\/v2\/media?parent=288110"}],"wp:term":[{"taxonomy":"product_brand","embeddable":true,"href":"https:\/\/www.huntersfriend.eu\/sv\/wp-json\/wp\/v2\/product_brand?post=288110"},{"taxonomy":"product_cat","embeddable":true,"href":"https:\/\/www.huntersfriend.eu\/sv\/wp-json\/wp\/v2\/product_cat?post=288110"},{"taxonomy":"product_tag","embeddable":true,"href":"https:\/\/www.huntersfriend.eu\/sv\/wp-json\/wp\/v2\/product_tag?post=288110"}],"curies":[{"name":"wp","href":"https:\/\/api.w.org\/{rel}","templated":true}]}}