{"id":288109,"date":"2022-03-25T12:20:19","date_gmt":"2022-03-25T10:20:19","guid":{"rendered":"https:\/\/www.huntersfriend.eu\/product\/armytek-micro-usb-kabel-28-cm\/"},"modified":"2025-08-27T11:06:20","modified_gmt":"2025-08-27T09:06:20","slug":"armytek-micro-usb-kabel-28-cm","status":"publish","type":"product","link":"https:\/\/www.huntersfriend.eu\/sv\/produkt\/armytek-micro-usb-kabel-28-cm\/","title":{"rendered":"Armytek micro-USB-kabel 28 cm"},"content":{"rendered":"<p>Micro-USB-kabel passar Elf C1\/Elf-ficklampor C2, samt laddare i Handy-serien. Kan \u00e4ven anv\u00e4ndas f\u00f6r mobiltelefoner etc. <\/p>\n<p>Kabell\u00e4ngd: 28 cm.<\/p>\n","protected":false},"excerpt":{"rendered":"<p>Micro-USB-kabel passar Elf C1\/Elf-ficklampor C2, samt laddare i Handy-serien. Kan \u00e4ven anv\u00e4ndas f\u00f6r mobiltelefoner etc. Kabell\u00e4ngd: 28 cm.<\/p>\n","protected":false},"featured_media":246908,"comment_status":"open","ping_status":"closed","template":"","meta":[],"product_brand":[],"product_cat":[2525],"product_tag":[],"class_list":{"0":"post-288109","1":"product","2":"type-product","3":"status-publish","4":"has-post-thumbnail","6":"product_cat-jaktlampor","8":"first","9":"instock","10":"taxable","11":"shipping-taxable","12":"purchasable","13":"product-type-simple"},"composite_virtual":false,"composite_layout":"","composite_add_to_cart_form_location":"","composite_editable_in_cart":false,"composite_sold_individually_context":"","composite_shop_price_calc":"","composite_components":[],"composite_scenarios":[],"group_of_quantity":0,"min_quantity":0,"max_quantity":"","exclude_order_quantity_value_rules":"no","exclude_category_quantity_rules":"no","combine_variations":"no","exclude_global_add_ons":[],"addons":[],"_links":{"self":[{"href":"https:\/\/www.huntersfriend.eu\/sv\/wp-json\/wp\/v2\/product\/288109","targetHints":{"allow":["GET"]}}],"collection":[{"href":"https:\/\/www.huntersfriend.eu\/sv\/wp-json\/wp\/v2\/product"}],"about":[{"href":"https:\/\/www.huntersfriend.eu\/sv\/wp-json\/wp\/v2\/types\/product"}],"replies":[{"embeddable":true,"href":"https:\/\/www.huntersfriend.eu\/sv\/wp-json\/wp\/v2\/comments?post=288109"}],"wp:featuredmedia":[{"embeddable":true,"href":"https:\/\/www.huntersfriend.eu\/sv\/wp-json\/wp\/v2\/media\/246908"}],"wp:attachment":[{"href":"https:\/\/www.huntersfriend.eu\/sv\/wp-json\/wp\/v2\/media?parent=288109"}],"wp:term":[{"taxonomy":"product_brand","embeddable":true,"href":"https:\/\/www.huntersfriend.eu\/sv\/wp-json\/wp\/v2\/product_brand?post=288109"},{"taxonomy":"product_cat","embeddable":true,"href":"https:\/\/www.huntersfriend.eu\/sv\/wp-json\/wp\/v2\/product_cat?post=288109"},{"taxonomy":"product_tag","embeddable":true,"href":"https:\/\/www.huntersfriend.eu\/sv\/wp-json\/wp\/v2\/product_tag?post=288109"}],"curies":[{"name":"wp","href":"https:\/\/api.w.org\/{rel}","templated":true}]}}