{"id":288108,"date":"2022-03-25T12:20:19","date_gmt":"2022-03-25T10:20:19","guid":{"rendered":"https:\/\/www.huntersfriend.eu\/product\/armytek-usb-kontaktadapter-typ-c\/"},"modified":"2025-08-27T11:06:01","modified_gmt":"2025-08-27T09:06:01","slug":"armytek-usb-kontaktadapter-typ-c","status":"publish","type":"product","link":"https:\/\/www.huntersfriend.eu\/sv\/produkt\/armytek-usb-kontaktadapter-typ-c\/","title":{"rendered":"Armytek USB-kontaktadapter typ C"},"content":{"rendered":"<p>Armytek USB-kontaktadapter typ C<\/p>\n<ul>\n<li>Standard Typ C anv\u00e4nds fr\u00e4mst i Europa, Sydamerika och Asien.<\/li>\n<li>Designad och konstruerad med h\u00f6gkvalitativa material f\u00f6r maximal tillf\u00f6rlitlighet och h\u00e5llbarhet.<\/li>\n<li>Anslut enkelt med en USB-kabel (ing\u00e5r ej) och anslut den till en str\u00f6mk\u00e4lla.<\/li>\n<li>Den ger snabb laddningshastighet f\u00f6r din enhet.<\/li>\n<li>Ing\u00e5ng: 110\u2013240 V\u201350\/60 Hz 0,15 A.<\/li>\n<li>Utg\u00e5ng: 5 V 1 A.<\/li>\n<\/ul>\n","protected":false},"excerpt":{"rendered":"<p>Armytek USB-kontaktadapter typ C Standard Typ C anv\u00e4nds fr\u00e4mst i Europa, Sydamerika och Asien. Designad och konstruerad med h\u00f6gkvalitativa material f\u00f6r maximal tillf\u00f6rlitlighet och h\u00e5llbarhet. Anslut enkelt med en USB-kabel (ing\u00e5r ej) och anslut den till en str\u00f6mk\u00e4lla. Den ger snabb laddningshastighet f\u00f6r din enhet. Ing\u00e5ng: 110\u2013240 V\u201350\/60 Hz 0,15 A. Utg\u00e5ng: 5 V 1 [&#8230;]\n","protected":false},"featured_media":246906,"comment_status":"open","ping_status":"closed","template":"","meta":[],"product_brand":[],"product_cat":[2525],"product_tag":[],"class_list":{"0":"post-288108","1":"product","2":"type-product","3":"status-publish","4":"has-post-thumbnail","6":"product_cat-jaktlampor","8":"first","9":"instock","10":"taxable","11":"shipping-taxable","12":"purchasable","13":"product-type-simple"},"composite_virtual":false,"composite_layout":"","composite_add_to_cart_form_location":"","composite_editable_in_cart":false,"composite_sold_individually_context":"","composite_shop_price_calc":"","composite_components":[],"composite_scenarios":[],"group_of_quantity":0,"min_quantity":0,"max_quantity":"","exclude_order_quantity_value_rules":"no","exclude_category_quantity_rules":"no","combine_variations":"no","exclude_global_add_ons":[],"addons":[],"_links":{"self":[{"href":"https:\/\/www.huntersfriend.eu\/sv\/wp-json\/wp\/v2\/product\/288108","targetHints":{"allow":["GET"]}}],"collection":[{"href":"https:\/\/www.huntersfriend.eu\/sv\/wp-json\/wp\/v2\/product"}],"about":[{"href":"https:\/\/www.huntersfriend.eu\/sv\/wp-json\/wp\/v2\/types\/product"}],"replies":[{"embeddable":true,"href":"https:\/\/www.huntersfriend.eu\/sv\/wp-json\/wp\/v2\/comments?post=288108"}],"wp:featuredmedia":[{"embeddable":true,"href":"https:\/\/www.huntersfriend.eu\/sv\/wp-json\/wp\/v2\/media\/246906"}],"wp:attachment":[{"href":"https:\/\/www.huntersfriend.eu\/sv\/wp-json\/wp\/v2\/media?parent=288108"}],"wp:term":[{"taxonomy":"product_brand","embeddable":true,"href":"https:\/\/www.huntersfriend.eu\/sv\/wp-json\/wp\/v2\/product_brand?post=288108"},{"taxonomy":"product_cat","embeddable":true,"href":"https:\/\/www.huntersfriend.eu\/sv\/wp-json\/wp\/v2\/product_cat?post=288108"},{"taxonomy":"product_tag","embeddable":true,"href":"https:\/\/www.huntersfriend.eu\/sv\/wp-json\/wp\/v2\/product_tag?post=288108"}],"curies":[{"name":"wp","href":"https:\/\/api.w.org\/{rel}","templated":true}]}}