{"id":288107,"date":"2022-04-28T14:56:55","date_gmt":"2022-04-28T12:56:55","guid":{"rendered":"https:\/\/www.huntersfriend.eu\/product\/buck-gardner-gander-hammer-2\/"},"modified":"2025-08-27T11:05:59","modified_gmt":"2025-08-27T09:05:59","slug":"buck-gardner-gander-hammer-2","status":"publish","type":"product","link":"https:\/\/www.huntersfriend.eu\/sv\/produkt\/buck-gardner-gander-hammer-2\/","title":{"rendered":"Buck Gardner Gander-hammer"},"content":{"rendered":"<p>Den h\u00e4r snygga luren har stort ljud och volym, men kommer inte att spr\u00e4cka budgeten. Den \u00e4r extremt l\u00e4ttbl\u00e5st och f\u00f6rl\u00e5tande f\u00f6r b\u00e5de nyb\u00f6rjare och erfarna j\u00e4gare. V\u00e5rt exklusiva Quick-Tune\u2122-system f\u00f6r pipor och r\u00f6rblad g\u00f6r reng\u00f6ring och \u00e5termontering enkel. Dubbla O-ringar p\u00e5 insatsen bildar en luftt\u00e4t f\u00f6rsegling med pipan f\u00f6r att f\u00f6rb\u00e4ttra ljudkvaliteten. Varje lockpipa \u00e4r handjusterad och testad f\u00f6re leverans.    <\/p>\n","protected":false},"excerpt":{"rendered":"<p>Den h\u00e4r snygga luren har stort ljud och volym, men kommer inte att spr\u00e4cka budgeten. Den \u00e4r extremt l\u00e4ttbl\u00e5st och f\u00f6rl\u00e5tande f\u00f6r b\u00e5de nyb\u00f6rjare och erfarna j\u00e4gare. V\u00e5rt exklusiva Quick-Tune\u2122-system f\u00f6r pipor och r\u00f6rblad g\u00f6r reng\u00f6ring och \u00e5termontering enkel. Dubbla O-ringar p\u00e5 insatsen bildar en luftt\u00e4t f\u00f6rsegling med pipan f\u00f6r att f\u00f6rb\u00e4ttra ljudkvaliteten. Varje lockpipa [&#8230;]\n","protected":false},"featured_media":231481,"comment_status":"open","ping_status":"closed","template":"","meta":[],"product_brand":[],"product_cat":[878],"product_tag":[],"class_list":{"0":"post-288107","1":"product","2":"type-product","3":"status-publish","4":"has-post-thumbnail","6":"product_cat-uncategorized-sv","8":"first","9":"outofstock","10":"taxable","11":"shipping-taxable","12":"purchasable","13":"product-type-simple"},"composite_virtual":false,"composite_layout":"","composite_add_to_cart_form_location":"","composite_editable_in_cart":false,"composite_sold_individually_context":"","composite_shop_price_calc":"","composite_components":[],"composite_scenarios":[],"group_of_quantity":0,"min_quantity":0,"max_quantity":"","exclude_order_quantity_value_rules":"no","exclude_category_quantity_rules":"no","combine_variations":"no","exclude_global_add_ons":[],"addons":[],"_links":{"self":[{"href":"https:\/\/www.huntersfriend.eu\/sv\/wp-json\/wp\/v2\/product\/288107","targetHints":{"allow":["GET"]}}],"collection":[{"href":"https:\/\/www.huntersfriend.eu\/sv\/wp-json\/wp\/v2\/product"}],"about":[{"href":"https:\/\/www.huntersfriend.eu\/sv\/wp-json\/wp\/v2\/types\/product"}],"replies":[{"embeddable":true,"href":"https:\/\/www.huntersfriend.eu\/sv\/wp-json\/wp\/v2\/comments?post=288107"}],"wp:featuredmedia":[{"embeddable":true,"href":"https:\/\/www.huntersfriend.eu\/sv\/wp-json\/wp\/v2\/media\/231481"}],"wp:attachment":[{"href":"https:\/\/www.huntersfriend.eu\/sv\/wp-json\/wp\/v2\/media?parent=288107"}],"wp:term":[{"taxonomy":"product_brand","embeddable":true,"href":"https:\/\/www.huntersfriend.eu\/sv\/wp-json\/wp\/v2\/product_brand?post=288107"},{"taxonomy":"product_cat","embeddable":true,"href":"https:\/\/www.huntersfriend.eu\/sv\/wp-json\/wp\/v2\/product_cat?post=288107"},{"taxonomy":"product_tag","embeddable":true,"href":"https:\/\/www.huntersfriend.eu\/sv\/wp-json\/wp\/v2\/product_tag?post=288107"}],"curies":[{"name":"wp","href":"https:\/\/api.w.org\/{rel}","templated":true}]}}