{"id":288106,"date":"2022-04-28T14:56:56","date_gmt":"2022-04-28T12:56:56","guid":{"rendered":"https:\/\/www.huntersfriend.eu\/product\/buck-gardner-doe-braker\/"},"modified":"2025-08-27T11:05:58","modified_gmt":"2025-08-27T09:05:58","slug":"buck-gardner-doe-braker","status":"publish","type":"product","link":"https:\/\/www.huntersfriend.eu\/sv\/produkt\/buck-gardner-doe-braker\/","title":{"rendered":"Buck Gardner Doe br\u00e4ker"},"content":{"rendered":"<p>Ett m\u00e5ste f\u00f6r alla hjortj\u00e4gare. Den h\u00e4r lockpipan producerar sociala br\u00e4kljud samt brunstl\u00e4ten f\u00f6r att locka till sig k\u00e4rlekskranka bockar. Den \u00e4r utformad med ett st\u00e4mh\u00e5l f\u00f6r att variera ljudet. Tro inte p\u00e5 alla gimmick-lockpipor d\u00e4r ute \u2013 den h\u00e4r klassikern \u00e4r fortfarande en bepr\u00f6vad favorit f\u00f6r seri\u00f6sa j\u00e4gare.  <\/p>\n","protected":false},"excerpt":{"rendered":"<p>Vitsvanshjort doe br\u00e4ker<\/p>\n","protected":false},"featured_media":231466,"comment_status":"open","ping_status":"closed","template":"","meta":[],"product_brand":[],"product_cat":[2878],"product_tag":[],"class_list":{"0":"post-288106","1":"product","2":"type-product","3":"status-publish","4":"has-post-thumbnail","6":"product_cat-lockpipor-for-storvilt","8":"first","9":"instock","10":"taxable","11":"shipping-taxable","12":"purchasable","13":"product-type-simple"},"composite_virtual":false,"composite_layout":"","composite_add_to_cart_form_location":"","composite_editable_in_cart":false,"composite_sold_individually_context":"","composite_shop_price_calc":"","composite_components":[],"composite_scenarios":[],"group_of_quantity":0,"min_quantity":0,"max_quantity":"","exclude_order_quantity_value_rules":"no","exclude_category_quantity_rules":"no","combine_variations":"no","exclude_global_add_ons":[],"addons":[],"_links":{"self":[{"href":"https:\/\/www.huntersfriend.eu\/sv\/wp-json\/wp\/v2\/product\/288106","targetHints":{"allow":["GET"]}}],"collection":[{"href":"https:\/\/www.huntersfriend.eu\/sv\/wp-json\/wp\/v2\/product"}],"about":[{"href":"https:\/\/www.huntersfriend.eu\/sv\/wp-json\/wp\/v2\/types\/product"}],"replies":[{"embeddable":true,"href":"https:\/\/www.huntersfriend.eu\/sv\/wp-json\/wp\/v2\/comments?post=288106"}],"wp:featuredmedia":[{"embeddable":true,"href":"https:\/\/www.huntersfriend.eu\/sv\/wp-json\/wp\/v2\/media\/231466"}],"wp:attachment":[{"href":"https:\/\/www.huntersfriend.eu\/sv\/wp-json\/wp\/v2\/media?parent=288106"}],"wp:term":[{"taxonomy":"product_brand","embeddable":true,"href":"https:\/\/www.huntersfriend.eu\/sv\/wp-json\/wp\/v2\/product_brand?post=288106"},{"taxonomy":"product_cat","embeddable":true,"href":"https:\/\/www.huntersfriend.eu\/sv\/wp-json\/wp\/v2\/product_cat?post=288106"},{"taxonomy":"product_tag","embeddable":true,"href":"https:\/\/www.huntersfriend.eu\/sv\/wp-json\/wp\/v2\/product_tag?post=288106"}],"curies":[{"name":"wp","href":"https:\/\/api.w.org\/{rel}","templated":true}]}}