{"id":288105,"date":"2022-04-28T15:02:09","date_gmt":"2022-04-28T13:02:09","guid":{"rendered":"https:\/\/www.huntersfriend.eu\/product\/buck-gardner-mallard-hammer\/"},"modified":"2025-08-27T11:05:55","modified_gmt":"2025-08-27T09:05:55","slug":"buck-gardner-mallard-hammer","status":"publish","type":"product","link":"https:\/\/www.huntersfriend.eu\/sv\/produkt\/buck-gardner-mallard-hammer\/","title":{"rendered":"Buck Gardner mallard hammer"},"content":{"rendered":"<p>Den klassiska Mallard Hammer har ett dubbelr\u00f6rssystem i Cajun-stil. Dess n\u00e5got kortare pipa, mellanstora avgasport och tjockv\u00e4ggiga insats ger den en l\u00e4tt raspig ton. Mallard Hammer har dubbel O-ringkonstruktion f\u00f6r f\u00f6rb\u00e4ttrat luftfl\u00f6de och mottryck. Den \u00e4r f\u00f6rsedd med ett pistolmetallband och handjusterad f\u00f6r felfri prestanda.   <\/p>\n","protected":false},"excerpt":{"rendered":"<p>Klar\/bourbon<\/p>\n","protected":false},"featured_media":231484,"comment_status":"open","ping_status":"closed","template":"","meta":[],"product_brand":[],"product_cat":[2804],"product_tag":[],"class_list":{"0":"post-288105","1":"product","2":"type-product","3":"status-publish","4":"has-post-thumbnail","6":"product_cat-andlockbeten","8":"first","9":"instock","10":"taxable","11":"shipping-taxable","12":"purchasable","13":"product-type-simple"},"composite_virtual":false,"composite_layout":"","composite_add_to_cart_form_location":"","composite_editable_in_cart":false,"composite_sold_individually_context":"","composite_shop_price_calc":"","composite_components":[],"composite_scenarios":[],"group_of_quantity":0,"min_quantity":0,"max_quantity":"","exclude_order_quantity_value_rules":"no","exclude_category_quantity_rules":"no","combine_variations":"no","exclude_global_add_ons":[],"addons":[],"_links":{"self":[{"href":"https:\/\/www.huntersfriend.eu\/sv\/wp-json\/wp\/v2\/product\/288105","targetHints":{"allow":["GET"]}}],"collection":[{"href":"https:\/\/www.huntersfriend.eu\/sv\/wp-json\/wp\/v2\/product"}],"about":[{"href":"https:\/\/www.huntersfriend.eu\/sv\/wp-json\/wp\/v2\/types\/product"}],"replies":[{"embeddable":true,"href":"https:\/\/www.huntersfriend.eu\/sv\/wp-json\/wp\/v2\/comments?post=288105"}],"wp:featuredmedia":[{"embeddable":true,"href":"https:\/\/www.huntersfriend.eu\/sv\/wp-json\/wp\/v2\/media\/231484"}],"wp:attachment":[{"href":"https:\/\/www.huntersfriend.eu\/sv\/wp-json\/wp\/v2\/media?parent=288105"}],"wp:term":[{"taxonomy":"product_brand","embeddable":true,"href":"https:\/\/www.huntersfriend.eu\/sv\/wp-json\/wp\/v2\/product_brand?post=288105"},{"taxonomy":"product_cat","embeddable":true,"href":"https:\/\/www.huntersfriend.eu\/sv\/wp-json\/wp\/v2\/product_cat?post=288105"},{"taxonomy":"product_tag","embeddable":true,"href":"https:\/\/www.huntersfriend.eu\/sv\/wp-json\/wp\/v2\/product_tag?post=288105"}],"curies":[{"name":"wp","href":"https:\/\/api.w.org\/{rel}","templated":true}]}}