{"id":288104,"date":"2022-04-28T15:02:09","date_gmt":"2022-04-28T13:02:09","guid":{"rendered":"https:\/\/www.huntersfriend.eu\/product\/buck-gardner-mallard-magic-lockbete-for-grasander\/"},"modified":"2025-08-27T11:05:52","modified_gmt":"2025-08-27T09:05:52","slug":"buck-gardner-mallard-magic-lockbete-for-grasander","status":"publish","type":"product","link":"https:\/\/www.huntersfriend.eu\/sv\/produkt\/buck-gardner-mallard-magic-lockbete-for-grasander\/","title":{"rendered":"Buck Gardner Mallard Magic lockbete f\u00f6r gr\u00e4s\u00e4nder"},"content":{"rendered":"<p>Otroligt m\u00e5nga j\u00e4gare f\u00f6rlitar sig p\u00e5 den bepr\u00f6vade prestandan hos v\u00e5rt Mallard Magic dubbelr\u00f6rslockbete. &#8221;Push in&#8221;-in\u00e4lvorna i Cajun-stil \u00e4r enkla att anpassa f\u00f6r erfarna j\u00e4gare, men \u00e4nd\u00e5 l\u00e4tta f\u00f6r nya j\u00e4gare att l\u00e4ra sig. Mallard Magic kan producera hela ordf\u00f6rr\u00e5det hos gr\u00e4sands-honan. Den \u00e4r tillverkad av praktiskt taget of\u00f6rst\u00f6rbar polykarbonat och f\u00f6rsedd med ett pistolmetallband.   <\/p>\n","protected":false},"excerpt":{"rendered":"<p>Rosa<\/p>\n","protected":false},"featured_media":274112,"comment_status":"open","ping_status":"closed","template":"","meta":[],"product_brand":[],"product_cat":[2804],"product_tag":[],"class_list":{"0":"post-288104","1":"product","2":"type-product","3":"status-publish","4":"has-post-thumbnail","6":"product_cat-andlockbeten","8":"first","9":"instock","10":"taxable","11":"shipping-taxable","12":"purchasable","13":"product-type-simple"},"composite_virtual":false,"composite_layout":"","composite_add_to_cart_form_location":"","composite_editable_in_cart":false,"composite_sold_individually_context":"","composite_shop_price_calc":"","composite_components":[],"composite_scenarios":[],"group_of_quantity":0,"min_quantity":0,"max_quantity":"","exclude_order_quantity_value_rules":"no","exclude_category_quantity_rules":"no","combine_variations":"no","exclude_global_add_ons":[],"addons":[],"_links":{"self":[{"href":"https:\/\/www.huntersfriend.eu\/sv\/wp-json\/wp\/v2\/product\/288104","targetHints":{"allow":["GET"]}}],"collection":[{"href":"https:\/\/www.huntersfriend.eu\/sv\/wp-json\/wp\/v2\/product"}],"about":[{"href":"https:\/\/www.huntersfriend.eu\/sv\/wp-json\/wp\/v2\/types\/product"}],"replies":[{"embeddable":true,"href":"https:\/\/www.huntersfriend.eu\/sv\/wp-json\/wp\/v2\/comments?post=288104"}],"wp:featuredmedia":[{"embeddable":true,"href":"https:\/\/www.huntersfriend.eu\/sv\/wp-json\/wp\/v2\/media\/274112"}],"wp:attachment":[{"href":"https:\/\/www.huntersfriend.eu\/sv\/wp-json\/wp\/v2\/media?parent=288104"}],"wp:term":[{"taxonomy":"product_brand","embeddable":true,"href":"https:\/\/www.huntersfriend.eu\/sv\/wp-json\/wp\/v2\/product_brand?post=288104"},{"taxonomy":"product_cat","embeddable":true,"href":"https:\/\/www.huntersfriend.eu\/sv\/wp-json\/wp\/v2\/product_cat?post=288104"},{"taxonomy":"product_tag","embeddable":true,"href":"https:\/\/www.huntersfriend.eu\/sv\/wp-json\/wp\/v2\/product_tag?post=288104"}],"curies":[{"name":"wp","href":"https:\/\/api.w.org\/{rel}","templated":true}]}}