{"id":288103,"date":"2022-03-24T14:40:32","date_gmt":"2022-03-24T12:40:32","guid":{"rendered":"https:\/\/www.huntersfriend.eu\/product\/ameristep-markbas-utedassmodell\/"},"modified":"2025-08-27T11:05:51","modified_gmt":"2025-08-27T09:05:51","slug":"ameristep-markbas-utedassmodell","status":"publish","type":"product","link":"https:\/\/www.huntersfriend.eu\/sv\/produkt\/ameristep-markbas-utedassmodell\/","title":{"rendered":"Ameristep markb\u00e5s, utedassmodell"},"content":{"rendered":"<p>Ameristep jaktmarkb\u00e5s och tillbeh\u00f6r | Jaktframg\u00e5ng b\u00f6rjar med \u00f6verraskningsmomentet. Det \u00e4r vad Ameristep har gett j\u00e4gare i \u00f6ver 20 \u00e5r: markb\u00e5s och tillbeh\u00f6r som smart d\u00f6ljer positioner fr\u00e5n b\u00e5de ovan och under. Ameristep Outhouse jaktmarkb\u00e5s \u00e4r ett enmansb\u00e5s designat f\u00f6r gev\u00e4rsj\u00e4gare. L\u00e4ttviktigt och t\u00e5ligt markb\u00e5s: Det yttre skalet \u00e4r tillverkat av Durashell Plus, en specialv\u00e4vd, matt finish f\u00f6r att g\u00f6ra detta b\u00e5s l\u00e4ttviktigt men \u00e4nd\u00e5 t\u00e5ligt. Om\u00f6jlig att uppt\u00e4cka: Mossy Oak Break-Up Country-kant bryter upp h\u00e5rda kanter f\u00f6r ett fullst\u00e4ndigt inborstat utseende och ShadowGuard-bel\u00e4ggning eliminerar skuggor och silhuetter samtidigt som den blockerar dofter. Specifikationer: Fotavtryck 60 x 60 tum | H\u00f6jd 78 tum \u2013 tillr\u00e4ckligt h\u00f6g f\u00f6r att st\u00e5 i    <\/p>\n<div id=\"tab-label-features\" class=\"data item title active\" tabindex=\"0\" role=\"tab\" aria-labeledby=\"tab-label-features-title\" data-role=\"collapsible\" data-collapsible=\"true\" aria-controls=\"features\" aria-selected=\"false\" aria-expanded=\"true\"><a id=\"tab-label-features-title\" class=\"data switch\" tabindex=\"-1\" href=\"https:\/\/www.ameristep.com\/outhouse-mobuc#features\" data-toggle=\"switch\">FUNKTIONER<\/a><\/div>\n<div id=\"features\" class=\"data item content\" role=\"tabpanel\" data-role=\"content\" aria-labelledby=\"tab-label-features\" aria-hidden=\"false\">\n<div class=\"o-grid o-grid--flushed\">\n<div class=\"o-grid__item\">\n<div class=\"o-grid o-grid--flushed\">\n<div class=\"c-tab-feature__content\">\n<ul>\n<li>Tillr\u00e4ckligt h\u00f6g f\u00f6r att st\u00e5 i<\/li>\n<li>Durashell\u2122 Plus-tygskal med matt finish<\/li>\n<li>ShadowGuard\u2122-bel\u00e4ggning eliminerar skuggor och silhuetter<\/li>\n<li>Patenterad Break-Up Country\u00ae-kant bryter upp h\u00e5rda kanter f\u00f6r ett fullst\u00e4ndigt inborstat utseende<\/li>\n<\/ul>\n<table id=\"product-attribute-specs-table\" class=\"data table additional-attributes\">\n<tbody>\n<tr>\n<th class=\"col label\" scope=\"row\">MODELLNUMMER<\/th>\n<td class=\"col data\" data-th=\"Model Number\">1006<\/td>\n<\/tr>\n<tr>\n<th class=\"col label\" scope=\"row\">M\u00c5TT<\/th>\n<td class=\"col data\" data-th=\"Dimensions\">Fotavtryck: 60 tum x 60 tum <\/td>\n<\/tr>\n<tr>\n<th class=\"col label\" scope=\"row\">L\u00c4NGD<\/th>\n<td class=\"col data\" data-th=\"Length\">60 tum \/152cm<\/td>\n<\/tr>\n<tr>\n<th class=\"col label\" scope=\"row\">H\u00d6JD<\/th>\n<td class=\"col data\" data-th=\"Height\">78 tum\/198 cm<\/td>\n<\/tr>\n<tr>\n<th class=\"col label\" scope=\"row\">VIKT<\/th>\n<td class=\"col data\" data-th=\"Weight\">9 lbs.\/4,08 kg<\/td>\n<\/tr>\n<\/tbody>\n<\/table>\n<\/div>\n<\/div>\n<\/div>\n<\/div>\n<\/div>\n","protected":false},"excerpt":{"rendered":"<p>Ameristep jaktmarkb\u00e5s och tillbeh\u00f6r | Jaktframg\u00e5ng b\u00f6rjar med \u00f6verraskningsmomentet. Det \u00e4r vad Ameristep har gett j\u00e4gare i \u00f6ver 20 \u00e5r: markb\u00e5s och tillbeh\u00f6r som smart d\u00f6ljer positioner fr\u00e5n b\u00e5de ovan och under. Ameristep Outhouse jaktmarkb\u00e5s \u00e4r ett enmansb\u00e5s designat f\u00f6r gev\u00e4rsj\u00e4gare. L\u00e4ttviktigt och t\u00e5ligt markb\u00e5s: Det yttre skalet \u00e4r tillverkat av Durashell Plus, en specialv\u00e4vd, [&#8230;]\n","protected":false},"featured_media":226845,"comment_status":"open","ping_status":"closed","template":"","meta":[],"product_brand":[],"product_cat":[2718],"product_tag":[],"class_list":{"0":"post-288103","1":"product","2":"type-product","3":"status-publish","4":"has-post-thumbnail","6":"product_cat-markgomslen","7":"product_shipping_class-big-sv","9":"first","10":"instock","11":"taxable","12":"shipping-taxable","13":"purchasable","14":"product-type-simple"},"composite_virtual":false,"composite_layout":"","composite_add_to_cart_form_location":"","composite_editable_in_cart":false,"composite_sold_individually_context":"","composite_shop_price_calc":"","composite_components":[],"composite_scenarios":[],"group_of_quantity":0,"min_quantity":0,"max_quantity":"","exclude_order_quantity_value_rules":"no","exclude_category_quantity_rules":"no","combine_variations":"no","exclude_global_add_ons":[],"addons":[],"_links":{"self":[{"href":"https:\/\/www.huntersfriend.eu\/sv\/wp-json\/wp\/v2\/product\/288103","targetHints":{"allow":["GET"]}}],"collection":[{"href":"https:\/\/www.huntersfriend.eu\/sv\/wp-json\/wp\/v2\/product"}],"about":[{"href":"https:\/\/www.huntersfriend.eu\/sv\/wp-json\/wp\/v2\/types\/product"}],"replies":[{"embeddable":true,"href":"https:\/\/www.huntersfriend.eu\/sv\/wp-json\/wp\/v2\/comments?post=288103"}],"wp:featuredmedia":[{"embeddable":true,"href":"https:\/\/www.huntersfriend.eu\/sv\/wp-json\/wp\/v2\/media\/226845"}],"wp:attachment":[{"href":"https:\/\/www.huntersfriend.eu\/sv\/wp-json\/wp\/v2\/media?parent=288103"}],"wp:term":[{"taxonomy":"product_brand","embeddable":true,"href":"https:\/\/www.huntersfriend.eu\/sv\/wp-json\/wp\/v2\/product_brand?post=288103"},{"taxonomy":"product_cat","embeddable":true,"href":"https:\/\/www.huntersfriend.eu\/sv\/wp-json\/wp\/v2\/product_cat?post=288103"},{"taxonomy":"product_tag","embeddable":true,"href":"https:\/\/www.huntersfriend.eu\/sv\/wp-json\/wp\/v2\/product_tag?post=288103"}],"curies":[{"name":"wp","href":"https:\/\/api.w.org\/{rel}","templated":true}]}}