{"id":288102,"date":"2022-03-24T15:20:16","date_gmt":"2022-03-24T13:20:16","guid":{"rendered":"https:\/\/www.huntersfriend.eu\/product\/hme-rem-for-baghangare\/"},"modified":"2025-08-27T11:05:59","modified_gmt":"2025-08-27T09:05:59","slug":"hme-rem-for-baghangare","status":"publish","type":"product","link":"https:\/\/www.huntersfriend.eu\/sv\/produkt\/hme-rem-for-baghangare\/","title":{"rendered":"HME-rem f\u00f6r b\u00e5gh\u00e4ngare"},"content":{"rendered":"<p>Denna superstarka design f\u00e4sts p\u00e5 mindre \u00e4n en minut och ger j\u00e4garen en sv\u00e4ngbar armb\u00e5gh\u00e4ngare f\u00f6r perfekt b\u00e5gplacering samt 2 tillbeh\u00f6rskrokar f\u00f6r att h\u00e4nga skallror, lockpipor, kikare etc.<\/p>\n","protected":false},"excerpt":{"rendered":"<p>Denna superstarka design f\u00e4sts p\u00e5 mindre \u00e4n en minut och ger j\u00e4garen en sv\u00e4ngbar armb\u00e5gh\u00e4ngare f\u00f6r perfekt b\u00e5gplacering samt 2 tillbeh\u00f6rskrokar f\u00f6r att h\u00e4nga skallror, lockpipor, kikare etc.<\/p>\n","protected":false},"featured_media":226825,"comment_status":"open","ping_status":"closed","template":"","meta":[],"product_brand":[],"product_cat":[2563],"product_tag":[],"class_list":{"0":"post-288102","1":"product","2":"type-product","3":"status-publish","4":"has-post-thumbnail","6":"product_cat-tillbehor-for-jakt-torn-och-gomslen","8":"first","9":"instock","10":"taxable","11":"shipping-taxable","12":"purchasable","13":"product-type-simple"},"composite_virtual":false,"composite_layout":"","composite_add_to_cart_form_location":"","composite_editable_in_cart":false,"composite_sold_individually_context":"","composite_shop_price_calc":"","composite_components":[],"composite_scenarios":[],"group_of_quantity":0,"min_quantity":0,"max_quantity":"","exclude_order_quantity_value_rules":"no","exclude_category_quantity_rules":"no","combine_variations":"no","exclude_global_add_ons":[],"addons":[],"_links":{"self":[{"href":"https:\/\/www.huntersfriend.eu\/sv\/wp-json\/wp\/v2\/product\/288102","targetHints":{"allow":["GET"]}}],"collection":[{"href":"https:\/\/www.huntersfriend.eu\/sv\/wp-json\/wp\/v2\/product"}],"about":[{"href":"https:\/\/www.huntersfriend.eu\/sv\/wp-json\/wp\/v2\/types\/product"}],"replies":[{"embeddable":true,"href":"https:\/\/www.huntersfriend.eu\/sv\/wp-json\/wp\/v2\/comments?post=288102"}],"wp:featuredmedia":[{"embeddable":true,"href":"https:\/\/www.huntersfriend.eu\/sv\/wp-json\/wp\/v2\/media\/226825"}],"wp:attachment":[{"href":"https:\/\/www.huntersfriend.eu\/sv\/wp-json\/wp\/v2\/media?parent=288102"}],"wp:term":[{"taxonomy":"product_brand","embeddable":true,"href":"https:\/\/www.huntersfriend.eu\/sv\/wp-json\/wp\/v2\/product_brand?post=288102"},{"taxonomy":"product_cat","embeddable":true,"href":"https:\/\/www.huntersfriend.eu\/sv\/wp-json\/wp\/v2\/product_cat?post=288102"},{"taxonomy":"product_tag","embeddable":true,"href":"https:\/\/www.huntersfriend.eu\/sv\/wp-json\/wp\/v2\/product_tag?post=288102"}],"curies":[{"name":"wp","href":"https:\/\/api.w.org\/{rel}","templated":true}]}}