{"id":288100,"date":"2022-05-10T13:19:03","date_gmt":"2022-05-10T11:19:03","guid":{"rendered":"https:\/\/www.huntersfriend.eu\/product\/hha-justerbart-kogerfaste\/"},"modified":"2025-08-27T11:05:51","modified_gmt":"2025-08-27T09:05:51","slug":"hha-justerbart-kogerfaste","status":"publish","type":"product","link":"https:\/\/www.huntersfriend.eu\/sv\/produkt\/hha-justerbart-kogerfaste\/","title":{"rendered":"HHA justerbart kogerf\u00e4ste"},"content":{"rendered":"<p>Infinite Adjust kogerf\u00e4ste \u2013 Fungerar med de flesta pilb\u00e5gar. B\u00e4st l\u00e4mpad f\u00f6r Optimizer Lite och Ultra f\u00f6r optimalt utrymme f\u00f6r kogermontering. <\/p>\n","protected":false},"excerpt":{"rendered":"<p>Infinite Adjust kogerf\u00e4ste \u2013 Fungerar med de flesta pilb\u00e5gar. B\u00e4st l\u00e4mpad f\u00f6r Optimizer Lite och Ultra f\u00f6r optimalt utrymme f\u00f6r kogermontering.<\/p>\n","protected":false},"featured_media":228766,"comment_status":"open","ping_status":"closed","template":"","meta":[],"product_brand":[],"product_cat":[3048],"product_tag":[],"class_list":{"0":"post-288100","1":"product","2":"type-product","3":"status-publish","4":"has-post-thumbnail","6":"product_cat-delar-till-koger","8":"first","9":"outofstock","10":"taxable","11":"shipping-taxable","12":"purchasable","13":"product-type-simple"},"composite_virtual":false,"composite_layout":"","composite_add_to_cart_form_location":"","composite_editable_in_cart":false,"composite_sold_individually_context":"","composite_shop_price_calc":"","composite_components":[],"composite_scenarios":[],"group_of_quantity":0,"min_quantity":0,"max_quantity":"","exclude_order_quantity_value_rules":"no","exclude_category_quantity_rules":"no","combine_variations":"no","exclude_global_add_ons":[],"addons":[],"_links":{"self":[{"href":"https:\/\/www.huntersfriend.eu\/sv\/wp-json\/wp\/v2\/product\/288100","targetHints":{"allow":["GET"]}}],"collection":[{"href":"https:\/\/www.huntersfriend.eu\/sv\/wp-json\/wp\/v2\/product"}],"about":[{"href":"https:\/\/www.huntersfriend.eu\/sv\/wp-json\/wp\/v2\/types\/product"}],"replies":[{"embeddable":true,"href":"https:\/\/www.huntersfriend.eu\/sv\/wp-json\/wp\/v2\/comments?post=288100"}],"wp:featuredmedia":[{"embeddable":true,"href":"https:\/\/www.huntersfriend.eu\/sv\/wp-json\/wp\/v2\/media\/228766"}],"wp:attachment":[{"href":"https:\/\/www.huntersfriend.eu\/sv\/wp-json\/wp\/v2\/media?parent=288100"}],"wp:term":[{"taxonomy":"product_brand","embeddable":true,"href":"https:\/\/www.huntersfriend.eu\/sv\/wp-json\/wp\/v2\/product_brand?post=288100"},{"taxonomy":"product_cat","embeddable":true,"href":"https:\/\/www.huntersfriend.eu\/sv\/wp-json\/wp\/v2\/product_cat?post=288100"},{"taxonomy":"product_tag","embeddable":true,"href":"https:\/\/www.huntersfriend.eu\/sv\/wp-json\/wp\/v2\/product_tag?post=288100"}],"curies":[{"name":"wp","href":"https:\/\/api.w.org\/{rel}","templated":true}]}}