{"id":288099,"date":"2022-04-28T14:56:53","date_gmt":"2022-04-28T12:56:53","guid":{"rendered":"https:\/\/www.huntersfriend.eu\/product\/buck-gardner-double-nasty-4\/"},"modified":"2026-03-13T14:48:10","modified_gmt":"2026-03-13T12:48:10","slug":"buck-gardner-double-nasty-4","status":"publish","type":"product","link":"https:\/\/www.huntersfriend.eu\/sv\/produkt\/buck-gardner-double-nasty-4\/","title":{"rendered":"Buck Gardner Double Nasty"},"content":{"rendered":"<p>Double Nasty-dubbelr\u00f6r \u00e4r en h\u00f6rnsten i Buck Gardners serie av lockpipor f\u00f6r \u00e4nder och en av de b\u00e4st s\u00e4ljande lockpiporna genom tiderna. Den \u00e4r h\u00f6gljudd, extra raspig och garanterat att inte fastna tack vare v\u00e5r Spit-Tech\u2122-tonbr\u00e4dedesign. Spit-Tech-tekniken g\u00f6r att pipan kan anv\u00e4ndas \u00e4ven n\u00e4r den \u00e4r v\u00e5t av saliv, kondens och till och med oavsiktliga dopp i vattnet.  <\/p>\n<p>Denna camo-version av Double Nasty finns i Mossy Oak\u00ae Shadow Grass Blades\u00ae. Vi samarbetade med en av de b\u00e4sta hydrografiska dekorat\u00f6rerna i USA f\u00f6r att ge dessa pipor en h\u00f6gkvalitativ och h\u00e5llbar camo-finish. <\/p>\n","protected":false},"excerpt":{"rendered":"<p>Mossy Oak\u00ae Shadow Grass Blades\u00ae<\/p>\n","protected":false},"featured_media":231471,"comment_status":"open","ping_status":"closed","template":"","meta":[],"product_brand":[],"product_cat":[2804],"product_tag":[],"class_list":{"0":"post-288099","1":"product","2":"type-product","3":"status-publish","4":"has-post-thumbnail","6":"product_cat-andlockbeten","8":"first","9":"outofstock","10":"taxable","11":"shipping-taxable","12":"purchasable","13":"product-type-simple"},"composite_virtual":false,"composite_layout":"","composite_add_to_cart_form_location":"","composite_editable_in_cart":false,"composite_sold_individually_context":"","composite_shop_price_calc":"","composite_components":[],"composite_scenarios":[],"group_of_quantity":0,"min_quantity":0,"max_quantity":"","exclude_order_quantity_value_rules":"no","exclude_category_quantity_rules":"no","combine_variations":"no","exclude_global_add_ons":[],"addons":[],"_links":{"self":[{"href":"https:\/\/www.huntersfriend.eu\/sv\/wp-json\/wp\/v2\/product\/288099","targetHints":{"allow":["GET"]}}],"collection":[{"href":"https:\/\/www.huntersfriend.eu\/sv\/wp-json\/wp\/v2\/product"}],"about":[{"href":"https:\/\/www.huntersfriend.eu\/sv\/wp-json\/wp\/v2\/types\/product"}],"replies":[{"embeddable":true,"href":"https:\/\/www.huntersfriend.eu\/sv\/wp-json\/wp\/v2\/comments?post=288099"}],"wp:featuredmedia":[{"embeddable":true,"href":"https:\/\/www.huntersfriend.eu\/sv\/wp-json\/wp\/v2\/media\/231471"}],"wp:attachment":[{"href":"https:\/\/www.huntersfriend.eu\/sv\/wp-json\/wp\/v2\/media?parent=288099"}],"wp:term":[{"taxonomy":"product_brand","embeddable":true,"href":"https:\/\/www.huntersfriend.eu\/sv\/wp-json\/wp\/v2\/product_brand?post=288099"},{"taxonomy":"product_cat","embeddable":true,"href":"https:\/\/www.huntersfriend.eu\/sv\/wp-json\/wp\/v2\/product_cat?post=288099"},{"taxonomy":"product_tag","embeddable":true,"href":"https:\/\/www.huntersfriend.eu\/sv\/wp-json\/wp\/v2\/product_tag?post=288099"}],"curies":[{"name":"wp","href":"https:\/\/api.w.org\/{rel}","templated":true}]}}