{"id":288098,"date":"2022-05-03T12:50:55","date_gmt":"2022-05-03T10:50:55","guid":{"rendered":"https:\/\/www.huntersfriend.eu\/product\/dead-center-xd4-2\/"},"modified":"2025-08-27T11:05:47","modified_gmt":"2025-08-27T09:05:47","slug":"dead-center-xd4-2","status":"publish","type":"product","link":"https:\/\/www.huntersfriend.eu\/sv\/produkt\/dead-center-xd4-2\/","title":{"rendered":"Dead Center XD4"},"content":{"rendered":"<p>XD4:an \u00e4r byggd f\u00f6r att helt enkelt g\u00f6ra jobbet \u2013 eliminera vibrationer, ge n\u00f6dv\u00e4ndig extra vikt fram\u00e5t och aldrig spr\u00e4cka budgeten.<\/p>\n<p><strong>Funktioner:<\/strong><\/p>\n<ul>\n<li>5 stabilisatord\u00e4mpare ger \u00f6verl\u00e4gsen vibrationsd\u00e4mpning och arbetar f\u00f6r att tysta din pilb\u00e5ge<\/li>\n<li>CNC-bearbetad aluminiumk\u00e4rna ger extra vikt fram\u00e5t f\u00f6r att hj\u00e4lpa till att stabilisera din pilb\u00e5ge och f\u00f6rb\u00e4ttra precisionen<\/li>\n<\/ul>\n<p><strong>Specifikationer: <\/strong><\/p>\n<ul>\n<li>4&#8243; l\u00e4ngd<\/li>\n<li>4,9 oz<\/li>\n<\/ul>\n","protected":false},"excerpt":{"rendered":"<p>XD4:an \u00e4r byggd f\u00f6r att helt enkelt g\u00f6ra jobbet \u2013 eliminera vibrationer, ge n\u00f6dv\u00e4ndig extra vikt fram\u00e5t och aldrig spr\u00e4cka budgeten. Funktioner: 5 stabilisatord\u00e4mpare ger \u00f6verl\u00e4gsen vibrationsd\u00e4mpning och arbetar f\u00f6r att tysta din pilb\u00e5ge CNC-bearbetad aluminiumk\u00e4rna ger extra vikt fram\u00e5t f\u00f6r att hj\u00e4lpa till att stabilisera din pilb\u00e5ge och f\u00f6rb\u00e4ttra precisionen Specifikationer: 4&#8243; l\u00e4ngd 4,9 [&#8230;]\n","protected":false},"featured_media":231937,"comment_status":"open","ping_status":"closed","template":"","meta":[],"product_brand":[],"product_cat":[2965],"product_tag":[],"class_list":{"0":"post-288098","1":"product","2":"type-product","3":"status-publish","4":"has-post-thumbnail","6":"product_cat-bagjaktstabilisatorer","8":"first","9":"onbackorder","10":"taxable","11":"shipping-taxable","12":"purchasable","13":"product-type-simple"},"composite_virtual":false,"composite_layout":"","composite_add_to_cart_form_location":"","composite_editable_in_cart":false,"composite_sold_individually_context":"","composite_shop_price_calc":"","composite_components":[],"composite_scenarios":[],"group_of_quantity":0,"min_quantity":0,"max_quantity":"","exclude_order_quantity_value_rules":"no","exclude_category_quantity_rules":"no","combine_variations":"no","exclude_global_add_ons":[],"addons":[],"_links":{"self":[{"href":"https:\/\/www.huntersfriend.eu\/sv\/wp-json\/wp\/v2\/product\/288098","targetHints":{"allow":["GET"]}}],"collection":[{"href":"https:\/\/www.huntersfriend.eu\/sv\/wp-json\/wp\/v2\/product"}],"about":[{"href":"https:\/\/www.huntersfriend.eu\/sv\/wp-json\/wp\/v2\/types\/product"}],"replies":[{"embeddable":true,"href":"https:\/\/www.huntersfriend.eu\/sv\/wp-json\/wp\/v2\/comments?post=288098"}],"wp:featuredmedia":[{"embeddable":true,"href":"https:\/\/www.huntersfriend.eu\/sv\/wp-json\/wp\/v2\/media\/231937"}],"wp:attachment":[{"href":"https:\/\/www.huntersfriend.eu\/sv\/wp-json\/wp\/v2\/media?parent=288098"}],"wp:term":[{"taxonomy":"product_brand","embeddable":true,"href":"https:\/\/www.huntersfriend.eu\/sv\/wp-json\/wp\/v2\/product_brand?post=288098"},{"taxonomy":"product_cat","embeddable":true,"href":"https:\/\/www.huntersfriend.eu\/sv\/wp-json\/wp\/v2\/product_cat?post=288098"},{"taxonomy":"product_tag","embeddable":true,"href":"https:\/\/www.huntersfriend.eu\/sv\/wp-json\/wp\/v2\/product_tag?post=288098"}],"curies":[{"name":"wp","href":"https:\/\/api.w.org\/{rel}","templated":true}]}}