{"id":288093,"date":"2022-05-23T09:01:06","date_gmt":"2022-05-23T07:01:06","guid":{"rendered":"https:\/\/www.huntersfriend.eu\/product\/scentlok-be1-voyage-byxor-mossy-oak-terra-gila\/"},"modified":"2026-03-03T12:22:29","modified_gmt":"2026-03-03T10:22:29","slug":"scentlok-be1-voyage-byxor-mossy-oak-terra-gila","status":"publish","type":"product","link":"https:\/\/www.huntersfriend.eu\/sv\/produkt\/scentlok-be1-voyage-byxor-mossy-oak-terra-gila\/","title":{"rendered":"Scentlok BE:1 voyage byxor &#8211; mossy oak Terra Gila"},"content":{"rendered":"<p>Perfekta jakter sker aldrig av en slump. Elit\u00e4gare inom b\u00e5gskytte arbetar exceptionellt h\u00e5rt f\u00f6r att planera och genomf\u00f6ra f\u00f6r ideala resultat. De inser att m\u00f6jligheterna att korsa v\u00e4gar med dr\u00f6mbocken \u00e4r f\u00e5 och l\u00e5ngt emellan, s\u00e5 de str\u00e4var efter att f\u00f6rfina de minsta detaljerna f\u00f6r att luta oddsen till sin f\u00f6rdel. N\u00e4r BE:1 Voyage Pant anv\u00e4nds tillsammans med ScentLoks BE:1 Series Voyage Jacket g\u00f6r den just det; dessa avancerade plagg f\u00f6r hela s\u00e4songen f\u00f6rbereder v\u00e4gen till perfektion genom att ta bort gissningarna fr\u00e5n valet av jaktkl\u00e4der fr\u00e5n tidig till mitten av s\u00e4songen. Dra dem helt enkelt p\u00e5 dig, sitt still och oroa dig f\u00f6r skottet, inte prestandan hos dina kl\u00e4der.    <\/p>\n<p>Denna mellantung, enkellagersbyxa \u00e4r konstruerad och skuren f\u00f6r r\u00f6relsefrihet och r\u00f6rlighet. Det borstade premiumfleecetyget p\u00e5 utsidan och den stickade insidan \u00e4r d\u00f6dligt tysta samtidigt som de ger den idealiska m\u00e4ngden v\u00e4rme. BE:1 Voyage Pant har ocks\u00e5 ScentLok Carbon Alloy<sup>TM<\/sup>-teknik f\u00f6r maximal luktabsorption och en fukttransporterande behandling f\u00f6r fukthantering. Den har en praktisk design med sex fickor, formade kn\u00e4n f\u00f6r r\u00f6relseomf\u00e5ng, plus en kil i inre l\u00e5ret f\u00f6r flexibilitet och komfort utan att strama.   <\/p>\n<ul>\n<li><strong>Carbon Alloy\u2122-teknik<\/strong><br \/>\nF\u00f6r maximal luktabsorption och doftkontroll<\/li>\n<li><strong>Fukttransporterande<\/strong><br \/>\nH\u00e5ller dig sval och torr<\/li>\n<li><strong>Premiumfleecetyg<\/strong><br \/>\nH\u00e5ller dig varm och d\u00f6dligt tyst<\/li>\n<li><strong>Sex fickor<\/strong><br \/>\nF\u00f6r att h\u00e5lla din viktiga utrustning s\u00e4ker och tillg\u00e4nglig<\/li>\n<li><strong>Formade kn\u00e4n<\/strong><br \/>\nF\u00f6r ett \u00f6verl\u00e4gset r\u00f6relseomf\u00e5ng och komfort<\/li>\n<li><strong>Kil i inre l\u00e5ret<\/strong><br \/>\nGer avg\u00f6rande flexibilitet<\/li>\n<\/ul>\n","protected":false},"excerpt":{"rendered":"<p>Scentlok Bowhunter Elite:1 Voyage byxor<\/p>\n<p><a href=\"https:\/\/www.huntersfriend.eu\/app\/uploads\/2022\/05\/Scentlok-kokoataulukko.jpg\"><strong>Storlekstabell<\/strong><\/a><\/p>\n","protected":false},"featured_media":229912,"comment_status":"open","ping_status":"closed","template":"","meta":[],"product_brand":[],"product_cat":[2779,2765],"product_tag":[],"class_list":{"0":"post-288093","1":"product","2":"type-product","3":"status-publish","4":"has-post-thumbnail","6":"product_cat-byxor","7":"product_cat-fyndlada-slutrea","9":"first","10":"instock","11":"sale","12":"taxable","13":"shipping-taxable","14":"purchasable","15":"product-type-variable"},"composite_virtual":false,"composite_layout":"","composite_add_to_cart_form_location":"","composite_editable_in_cart":false,"composite_sold_individually_context":"","composite_shop_price_calc":"","composite_components":[],"composite_scenarios":[],"group_of_quantity":0,"min_quantity":0,"max_quantity":"","exclude_order_quantity_value_rules":"no","exclude_category_quantity_rules":"no","combine_variations":"no","exclude_global_add_ons":[],"addons":[],"_links":{"self":[{"href":"https:\/\/www.huntersfriend.eu\/sv\/wp-json\/wp\/v2\/product\/288093","targetHints":{"allow":["GET"]}}],"collection":[{"href":"https:\/\/www.huntersfriend.eu\/sv\/wp-json\/wp\/v2\/product"}],"about":[{"href":"https:\/\/www.huntersfriend.eu\/sv\/wp-json\/wp\/v2\/types\/product"}],"replies":[{"embeddable":true,"href":"https:\/\/www.huntersfriend.eu\/sv\/wp-json\/wp\/v2\/comments?post=288093"}],"wp:featuredmedia":[{"embeddable":true,"href":"https:\/\/www.huntersfriend.eu\/sv\/wp-json\/wp\/v2\/media\/229912"}],"wp:attachment":[{"href":"https:\/\/www.huntersfriend.eu\/sv\/wp-json\/wp\/v2\/media?parent=288093"}],"wp:term":[{"taxonomy":"product_brand","embeddable":true,"href":"https:\/\/www.huntersfriend.eu\/sv\/wp-json\/wp\/v2\/product_brand?post=288093"},{"taxonomy":"product_cat","embeddable":true,"href":"https:\/\/www.huntersfriend.eu\/sv\/wp-json\/wp\/v2\/product_cat?post=288093"},{"taxonomy":"product_tag","embeddable":true,"href":"https:\/\/www.huntersfriend.eu\/sv\/wp-json\/wp\/v2\/product_tag?post=288093"}],"curies":[{"name":"wp","href":"https:\/\/api.w.org\/{rel}","templated":true}]}}