{"id":288092,"date":"2022-05-02T12:06:07","date_gmt":"2022-05-02T10:06:07","guid":{"rendered":"https:\/\/www.huntersfriend.eu\/product\/meopta-meosport-r-3-15x50-rd-sfp-4c-2\/"},"modified":"2025-12-19T09:39:28","modified_gmt":"2025-12-19T07:39:28","slug":"meopta-meosport-r-3-15x50-rd-sfp-4c-2","status":"publish","type":"product","link":"https:\/\/www.huntersfriend.eu\/sv\/produkt\/meopta-meosport-r-3-15x50-rd-sfp-4c-2\/","title":{"rendered":"Meopta MeoSport r 3-15&#215;50 RD SFP, 4C"},"content":{"rendered":"<p>Meopta MeoSport R 3-15&#215;50 RD SFP-kikarsikte \u00e4r NYTT f\u00f6r 2022. MeoSport R \u00e4r ett v\u00e4lutrustat instegssikte med 5x zoom, ett 30 mm tub, 90 MOA justeringsomf\u00e5ng och parallaxjustering fr\u00e5n 10 yards till o\u00e4ndlighet. Med v\u00e5ra MeoBright-linsbel\u00e4ggningar \u00e4r detta kikarsikte idealiskt f\u00f6r den budgetmedvetna j\u00e4garen som kr\u00e4ver b\u00e5de kvalitet och tillf\u00f6rlitlighet.  <\/p>\n<ul>\n<li>Nollst\u00e4llningsbara exponerade torn med l\u00e5sning<\/li>\n<li>Sidofokus fr\u00e5n 10 yards till o\u00e4ndlighet<\/li>\n<li>Ringf\u00e4sten (h\u00f6jd 38,1 mm) ing\u00e5r<\/li>\n<li>1\/10 MRAD justeringar<\/li>\n<li>4C riktmedel<\/li>\n<\/ul>\n<h3>Specifikationer<\/h3>\n<table width=\"530\">\n<tbody>\n<tr>\n<td width=\"466\">F\u00f6rstoring<\/td>\n<td width=\"64\">3 &#8211; 15 x<\/td>\n<\/tr>\n<tr>\n<td>Objektivlins<\/td>\n<td>50 mm<\/td>\n<\/tr>\n<tr>\n<td>Objektivfilterg\u00e4nga<\/td>\n<td>M52x0.75<\/td>\n<\/tr>\n<tr>\n<td>Huvudtubstorlek<\/td>\n<td>30 mm<\/td>\n<\/tr>\n<tr>\n<td>\u00d6gonavst\u00e5nd, mm<\/td>\n<td>100 mm<\/td>\n<\/tr>\n<tr>\n<td>Synf\u00e4lt, m\/100m<\/td>\n<td>12.4-2.4 m<\/td>\n<\/tr>\n<tr>\n<td>Synf\u00e4lt<\/td>\n<td>7.1 &#8211; 1.4 \u00b0<\/td>\n<\/tr>\n<tr>\n<td>Fokalplansposition<\/td>\n<td>2<\/td>\n<\/tr>\n<tr>\n<td>Dioptrikompensation<\/td>\n<td>-3 \/ 2 D<\/td>\n<\/tr>\n<tr>\n<td>Dagsljustransmission<\/td>\n<td>80 %<\/td>\n<\/tr>\n<tr>\n<td>Tr\u00e4ffl\u00e4gesjustering per klick, cm\/100m<\/td>\n<td>1<\/td>\n<\/tr>\n<tr>\n<td>Justeringsomf\u00e5ng f\u00f6r vind- och h\u00f6jdjustering, cm\/100m<\/td>\n<td>262<\/td>\n<\/tr>\n<tr>\n<td>Parallaxkorrigering<\/td>\n<td>10yds &#8211; o\u00e4ndlighet j\/n<\/td>\n<\/tr>\n<tr>\n<td>L\u00e4ngd, mm<\/td>\n<td>338 mm<\/td>\n<\/tr>\n<tr>\n<td>Vikt, g<\/td>\n<td>499 g<\/td>\n<\/tr>\n<\/tbody>\n<\/table>\n<p>10 \u00e5rs garanti vid registrering.<\/p>\n<p>Paketet inneh\u00e5ller kikarsikte, batteri &amp; ringf\u00e4sten.<\/p>\n","protected":false},"excerpt":{"rendered":"<p>Meopta MeoSport R 3-15&#215;50 RD SFP-kikarsikte \u00e4r NYTT f\u00f6r 2022. MeoSport R \u00e4r ett v\u00e4lutrustat instegssikte med 5x zoom, ett 30 mm tub, 90 MOA justeringsomf\u00e5ng och parallaxjustering fr\u00e5n 10 yards till o\u00e4ndlighet. Med v\u00e5ra MeoBright-linsbel\u00e4ggningar \u00e4r detta kikarsikte idealiskt f\u00f6r den budgetmedvetna j\u00e4garen som kr\u00e4ver b\u00e5de kvalitet och tillf\u00f6rlitlighet. Nollst\u00e4llningsbara exponerade torn med l\u00e5sning [&#8230;]\n","protected":false},"featured_media":246938,"comment_status":"open","ping_status":"closed","template":"","meta":[],"product_brand":[],"product_cat":[878],"product_tag":[],"class_list":{"0":"post-288092","1":"product","2":"type-product","3":"status-publish","4":"has-post-thumbnail","6":"product_cat-uncategorized-sv","8":"first","9":"outofstock","10":"taxable","11":"shipping-taxable","12":"purchasable","13":"product-type-simple"},"composite_virtual":false,"composite_layout":"","composite_add_to_cart_form_location":"","composite_editable_in_cart":false,"composite_sold_individually_context":"","composite_shop_price_calc":"","composite_components":[],"composite_scenarios":[],"group_of_quantity":0,"min_quantity":0,"max_quantity":"","exclude_order_quantity_value_rules":"no","exclude_category_quantity_rules":"no","combine_variations":"no","exclude_global_add_ons":[],"addons":[],"_links":{"self":[{"href":"https:\/\/www.huntersfriend.eu\/sv\/wp-json\/wp\/v2\/product\/288092","targetHints":{"allow":["GET"]}}],"collection":[{"href":"https:\/\/www.huntersfriend.eu\/sv\/wp-json\/wp\/v2\/product"}],"about":[{"href":"https:\/\/www.huntersfriend.eu\/sv\/wp-json\/wp\/v2\/types\/product"}],"replies":[{"embeddable":true,"href":"https:\/\/www.huntersfriend.eu\/sv\/wp-json\/wp\/v2\/comments?post=288092"}],"wp:featuredmedia":[{"embeddable":true,"href":"https:\/\/www.huntersfriend.eu\/sv\/wp-json\/wp\/v2\/media\/246938"}],"wp:attachment":[{"href":"https:\/\/www.huntersfriend.eu\/sv\/wp-json\/wp\/v2\/media?parent=288092"}],"wp:term":[{"taxonomy":"product_brand","embeddable":true,"href":"https:\/\/www.huntersfriend.eu\/sv\/wp-json\/wp\/v2\/product_brand?post=288092"},{"taxonomy":"product_cat","embeddable":true,"href":"https:\/\/www.huntersfriend.eu\/sv\/wp-json\/wp\/v2\/product_cat?post=288092"},{"taxonomy":"product_tag","embeddable":true,"href":"https:\/\/www.huntersfriend.eu\/sv\/wp-json\/wp\/v2\/product_tag?post=288092"}],"curies":[{"name":"wp","href":"https:\/\/api.w.org\/{rel}","templated":true}]}}