{"id":288087,"date":"2022-05-20T13:44:18","date_gmt":"2022-05-20T11:44:18","guid":{"rendered":"https:\/\/www.huntersfriend.eu\/product\/sitka-stratus-jacka-blaze-orange\/"},"modified":"2025-08-27T11:05:26","modified_gmt":"2025-08-27T09:05:26","slug":"sitka-stratus-jacka-blaze-orange","status":"publish","type":"product","link":"https:\/\/www.huntersfriend.eu\/sv\/produkt\/sitka-stratus-jacka-blaze-orange\/","title":{"rendered":"SITKA Stratus-jacka (Blaze Orange)"},"content":{"rendered":"<p>Stratus-jackan skyddar dig under l\u00e5nga, kyliga dagar p\u00e5 passet. Denna m\u00e5ngsidiga jacka \u00e4r 100 % vindt\u00e4t och extremt tyst tack vare ett GORE-TEX INFINIUM\u2122 WINDSTOPPER\u00ae Technology-membran som ligger mellan varm och tyst micro-grid fleece. En avtagbar huva med specialanpassade h\u00f6rselportar som f\u00f6rb\u00e4ttrar f\u00f6rm\u00e5gan att h\u00f6ra r\u00e5djur n\u00e4rma sig och dubbla lager PolarTec\u00ae Alpha\u00ae Direct-paneler beh\u00e5ller v\u00e4rmen. Den innovativa Constant-Connect SITKA\u00ae Safety Harness Pass-Through Port med Cobrax\u00ae s\u00e4kra slide-to-lock-tryckknapp och magnetisk st\u00e4ngning eliminerar behovet av att koppla bort selen n\u00e4r du l\u00e4gger till eller tar bort utrustning, vilket g\u00f6r dig s\u00e4krare och tystare p\u00e5 passet. Bekv\u00e4m nog att anv\u00e4ndas p\u00e5 egen hand under mellans\u00e4songen, men ocks\u00e5 anpassad f\u00f6r isolering under lager f\u00f6r att klara l\u00e4gre temperaturer ocks\u00e5.    <\/p>\n<ul class=\"HeroSpecs__list\">\n<li>\n<p class=\"Hero-desc\">Idealisk jaktjacka f\u00f6r drevjakter. Den orangea f\u00e4rgen ger dig synlighet och s\u00e4kerhet n\u00e4r du beh\u00f6ver det. <\/p>\n<\/li>\n<li>\n<p class=\"Hero-desc\">Vikt: 677 g \/\/ storlek l<\/p>\n<\/li>\n<li>\n<p class=\"Hero-desc\">Varm microfleece med GORE-TEX INFINIUM med WINDSTOPPER-teknik<\/p>\n<\/li>\n<li>\n<p class=\"Hero-desc\">Constant-connect SITKA Safety Harness Pass-Through Port f\u00f6r jakt fr\u00e5n tr\u00e4dstam<\/p>\n<\/li>\n<li>\n<p class=\"Hero-desc\">Avtagbar huva med direkta h\u00f6rselportar<\/p>\n<\/li>\n<li>\n<p class=\"Hero-desc\">Snabb\u00e5tkomlig h\u00e5llare f\u00f6r lockpipa<\/p>\n<\/li>\n<li>\n<p class=\"Hero-desc\">YKK-dragkedjef\u00f6rsedda br\u00f6st- och handfickor<\/p>\n<\/li>\n<li>\n<p class=\"Hero-desc\">Slitstark vattenavvisande finish<\/p>\n<\/li>\n<\/ul>\n<p><a href=\"https:\/\/www.huntersfriend.eu\/app\/uploads\/2022\/05\/Sitka-miesten-kokoatulukko.jpg\"><img decoding=\"async\" class=\"alignnone wp-image-231001 size-medium\" src=\"https:\/\/www.huntersfriend.eu\/app\/uploads\/2022\/05\/Sitka-miesten-kokoatulukko-600x371.jpg\" alt=\"\" width=\"600\" height=\"371\" srcset=\"https:\/\/www.huntersfriend.eu\/app\/uploads\/2022\/05\/Sitka-miesten-kokoatulukko-600x371.jpg 600w, https:\/\/www.huntersfriend.eu\/app\/uploads\/2022\/05\/Sitka-miesten-kokoatulukko-768x475.jpg 768w, https:\/\/www.huntersfriend.eu\/app\/uploads\/2022\/05\/Sitka-miesten-kokoatulukko-300x186.jpg 300w, https:\/\/www.huntersfriend.eu\/app\/uploads\/2022\/05\/Sitka-miesten-kokoatulukko-200x124.jpg 200w, https:\/\/www.huntersfriend.eu\/app\/uploads\/2022\/05\/Sitka-miesten-kokoatulukko-97x60.jpg 97w, https:\/\/www.huntersfriend.eu\/app\/uploads\/2022\/05\/Sitka-miesten-kokoatulukko-146x90.jpg 146w, https:\/\/www.huntersfriend.eu\/app\/uploads\/2022\/05\/Sitka-miesten-kokoatulukko.jpg 970w\" sizes=\"(max-width: 600px) 100vw, 600px\" \/><\/a><\/p>\n","protected":false},"excerpt":{"rendered":"<p>Varm orange jaktjacka.<\/p>\n<p><a href=\"https:\/\/www.huntersfriend.eu\/app\/uploads\/2022\/05\/Sitka-miesten-kokoatulukko.jpg\"><strong>Storlekstabell<\/strong><\/a><\/p>\n","protected":false},"featured_media":229128,"comment_status":"open","ping_status":"closed","template":"","meta":[],"product_brand":[],"product_cat":[878],"product_tag":[],"class_list":{"0":"post-288087","1":"product","2":"type-product","3":"status-publish","4":"has-post-thumbnail","6":"product_cat-uncategorized-sv","8":"first","9":"outofstock","10":"sale","11":"taxable","12":"shipping-taxable","13":"purchasable","14":"product-type-variable"},"composite_virtual":false,"composite_layout":"","composite_add_to_cart_form_location":"","composite_editable_in_cart":false,"composite_sold_individually_context":"","composite_shop_price_calc":"","composite_components":[],"composite_scenarios":[],"group_of_quantity":0,"min_quantity":0,"max_quantity":"","exclude_order_quantity_value_rules":"no","exclude_category_quantity_rules":"no","combine_variations":"no","exclude_global_add_ons":[],"addons":[],"_links":{"self":[{"href":"https:\/\/www.huntersfriend.eu\/sv\/wp-json\/wp\/v2\/product\/288087","targetHints":{"allow":["GET"]}}],"collection":[{"href":"https:\/\/www.huntersfriend.eu\/sv\/wp-json\/wp\/v2\/product"}],"about":[{"href":"https:\/\/www.huntersfriend.eu\/sv\/wp-json\/wp\/v2\/types\/product"}],"replies":[{"embeddable":true,"href":"https:\/\/www.huntersfriend.eu\/sv\/wp-json\/wp\/v2\/comments?post=288087"}],"wp:featuredmedia":[{"embeddable":true,"href":"https:\/\/www.huntersfriend.eu\/sv\/wp-json\/wp\/v2\/media\/229128"}],"wp:attachment":[{"href":"https:\/\/www.huntersfriend.eu\/sv\/wp-json\/wp\/v2\/media?parent=288087"}],"wp:term":[{"taxonomy":"product_brand","embeddable":true,"href":"https:\/\/www.huntersfriend.eu\/sv\/wp-json\/wp\/v2\/product_brand?post=288087"},{"taxonomy":"product_cat","embeddable":true,"href":"https:\/\/www.huntersfriend.eu\/sv\/wp-json\/wp\/v2\/product_cat?post=288087"},{"taxonomy":"product_tag","embeddable":true,"href":"https:\/\/www.huntersfriend.eu\/sv\/wp-json\/wp\/v2\/product_tag?post=288087"}],"curies":[{"name":"wp","href":"https:\/\/api.w.org\/{rel}","templated":true}]}}