{"id":288081,"date":"2022-05-23T09:01:07","date_gmt":"2022-05-23T07:01:07","guid":{"rendered":"https:\/\/www.huntersfriend.eu\/product\/scentlok-be1-fortress-jacka-mossy-oak-terra-gila\/"},"modified":"2025-08-27T11:05:17","modified_gmt":"2025-08-27T09:05:17","slug":"scentlok-be1-fortress-jacka-mossy-oak-terra-gila","status":"publish","type":"product","link":"https:\/\/www.huntersfriend.eu\/sv\/produkt\/scentlok-be1-fortress-jacka-mossy-oak-terra-gila\/","title":{"rendered":"Scentlok BE:1 fortress jacka &#8211; mossy oak Terra Gila"},"content":{"rendered":"<p>Att f\u00e5 jobbet gjort under extrema f\u00f6rh\u00e5llanden sent p\u00e5 s\u00e4songen kr\u00e4ver att man tar till alla medel. L\u00e4mna inget \u00e5t slumpen; ScentLok Bowhunter Elite Series Fortress Parka g\u00f6r det m\u00f6jligt f\u00f6r b\u00e5gskyttar att inte bara uth\u00e4rda de iskalla temperaturerna, bitande vindarna och drivande sn\u00f6n, isen och slasket under senh\u00f6sten, utan det till\u00e5ter dem att trivas i det. <\/p>\n<p>Designad och byggd f\u00f6r elitb\u00e5gskyttar som \u00e4r villiga att l\u00e4gga ner den tid det tar att \u00f6verlista stora bockar, den 100 % vattent\u00e4ta, vindt\u00e4ta och ventilerande BE:1 Fortress Parka har ett mjukt, tyst och flexibelt borstat fleecetyg, termiskt kartlagd Primaloft<sup>TM<\/sup> Silver-isolering f\u00f6r perfekt v\u00e4rme och patenterad ScentLok Carbon Alloy<sup>TM<\/sup>-teknik f\u00f6r maximal luktadsorption. BE:1 Fortress Parka \u00e4r avsiktligt skr\u00e4ddarsydd f\u00f6r optimal b\u00e5gjaktprestanda och \u00e4r konstruerad med kompression och skulptering f\u00f6r minimal bulk, tio fickor f\u00f6r f\u00f6rvaring av utrustning och v\u00e4rmande h\u00e4nder, plus en dold \u00f6ppning f\u00f6r att h\u00e5lla s\u00e4kerhetsselen s\u00e4ker och n\u00e4ra kroppen samtidigt som den ger maximal luktkontroll. BE:1 Fortress Parkas ledade armb\u00e5gar \u00e4r extremt b\u00e5gskytte-v\u00e4nliga och s\u00e4kerst\u00e4ller exceptionell komfort och r\u00f6relseomf\u00e5ng under hela dragningen, medan den ledade huven i tre delar minskar bulk och m\u00f6jligg\u00f6r en positiv ankarpunkt.  <\/p>\n<p>BE:1 Fortress Parka \u00e4r den kalla v\u00e4der-b\u00e5gskytteparkasen f\u00f6r senh\u00f6sten som uppfyller alla krav. Den finns i tre camouflagem\u00f6nster och tio storlekar f\u00f6r att m\u00f6ta alla j\u00e4gares specifika behov. <\/p>\n<ul>\n<li><strong>Carbon Alloy\u2122-teknik<\/strong><br \/>\nF\u00f6r maximal luktabsorption och doftkontroll<\/li>\n<li><strong>DryLok\u2122 design<\/strong><br \/>\nVattent\u00e4tt membran f\u00f6r att h\u00e5lla dig torr och varm<\/li>\n<li><strong>Windbrake<sup>\u00ae<\/sup> technology<\/strong><br \/>\nVindt\u00e4tt membran f\u00f6r att skydda dig fr\u00e5n v\u00e4der och vind<\/li>\n<li><strong>Thermal mapped Primaloft<\/strong><strong><sup>\u00ae<\/sup><\/strong><strong> Silver insulation<\/strong><br \/>\nErbjuder den perfekta v\u00e4rmen (133g i kroppen, 100g i armarna, 200g l\u00e4ngs ryggen)<\/li>\n<li><strong>Soft &amp; flexible fleece shell fabric<\/strong><br \/>\nGer avg\u00f6rande tystnad<\/li>\n<li><strong>Ten pocket design<\/strong><br \/>\nF\u00f6r att h\u00e5lla din viktiga utrustning n\u00e4ra och s\u00e4ker<\/li>\n<li><strong>Dold \u00f6ppning f\u00f6r s\u00e4kerhetssele<\/strong><br \/>\nL\u00e5ter Carbon Alloy kontrollera lukter p\u00e5 selen<\/li>\n<li><strong>Ledade armb\u00e5gar<\/strong><br \/>\nF\u00f6r ett \u00f6verl\u00e4gset r\u00f6relseomf\u00e5ng och komfort<\/li>\n<li><strong>Removable hood<\/strong><strong><br \/>\n<\/strong> Ger skydd mot v\u00e4der och vind<\/li>\n<\/ul>\n<p>&nbsp;<\/p>\n<p>&nbsp;<\/p>\n","protected":false},"excerpt":{"rendered":"<p>Scentlok BE:1 Fortress Jacket &#8211; Mossy Oak Terra Gila<\/p>\n<p><a href=\"https:\/\/www.huntersfriend.eu\/app\/uploads\/2022\/05\/Scentlok-kokoataulukko.jpg\"><strong>Size chart<\/strong><\/a><\/p>\n","protected":false},"featured_media":229940,"comment_status":"open","ping_status":"closed","template":"","meta":[],"product_brand":[],"product_cat":[2765,2741],"product_tag":[],"class_list":{"0":"post-288081","1":"product","2":"type-product","3":"status-publish","4":"has-post-thumbnail","6":"product_cat-fyndlada-slutrea","7":"product_cat-jackor","9":"first","10":"instock","11":"sale","12":"taxable","13":"shipping-taxable","14":"purchasable","15":"product-type-variable"},"composite_virtual":false,"composite_layout":"","composite_add_to_cart_form_location":"","composite_editable_in_cart":false,"composite_sold_individually_context":"","composite_shop_price_calc":"","composite_components":[],"composite_scenarios":[],"group_of_quantity":0,"min_quantity":0,"max_quantity":"","exclude_order_quantity_value_rules":"no","exclude_category_quantity_rules":"no","combine_variations":"no","exclude_global_add_ons":[],"addons":[],"_links":{"self":[{"href":"https:\/\/www.huntersfriend.eu\/sv\/wp-json\/wp\/v2\/product\/288081","targetHints":{"allow":["GET"]}}],"collection":[{"href":"https:\/\/www.huntersfriend.eu\/sv\/wp-json\/wp\/v2\/product"}],"about":[{"href":"https:\/\/www.huntersfriend.eu\/sv\/wp-json\/wp\/v2\/types\/product"}],"replies":[{"embeddable":true,"href":"https:\/\/www.huntersfriend.eu\/sv\/wp-json\/wp\/v2\/comments?post=288081"}],"wp:featuredmedia":[{"embeddable":true,"href":"https:\/\/www.huntersfriend.eu\/sv\/wp-json\/wp\/v2\/media\/229940"}],"wp:attachment":[{"href":"https:\/\/www.huntersfriend.eu\/sv\/wp-json\/wp\/v2\/media?parent=288081"}],"wp:term":[{"taxonomy":"product_brand","embeddable":true,"href":"https:\/\/www.huntersfriend.eu\/sv\/wp-json\/wp\/v2\/product_brand?post=288081"},{"taxonomy":"product_cat","embeddable":true,"href":"https:\/\/www.huntersfriend.eu\/sv\/wp-json\/wp\/v2\/product_cat?post=288081"},{"taxonomy":"product_tag","embeddable":true,"href":"https:\/\/www.huntersfriend.eu\/sv\/wp-json\/wp\/v2\/product_tag?post=288081"}],"curies":[{"name":"wp","href":"https:\/\/api.w.org\/{rel}","templated":true}]}}