{"id":288075,"date":"2022-05-20T13:44:20","date_gmt":"2022-05-20T11:44:20","guid":{"rendered":"https:\/\/www.huntersfriend.eu\/product\/sitka-halsvarmare-optifade-subalpine\/"},"modified":"2026-01-29T12:12:23","modified_gmt":"2026-01-29T10:12:23","slug":"sitka-halsvarmare-optifade-subalpine","status":"publish","type":"product","link":"https:\/\/www.huntersfriend.eu\/sv\/produkt\/sitka-halsvarmare-optifade-subalpine\/","title":{"rendered":"SITKA halsv\u00e4rmare Optifade Subalpine"},"content":{"rendered":"<p>V\u00e5r halsv\u00e4rmare \u00e4r silkeslen och fodrad med dubbeltjock, h\u00f6g luggfleece, och ger dig extra v\u00e4rme och skydd fr\u00e5n tr\u00e4dstammen till g\u00f6mslet.<\/p>\n<ul class=\"HeroSpecs__list\">\n<li>\n<p class=\"Hero-desc\"><strong>GORE\u2122 OPTIFADE\u2122 Concealment Subalpine<\/strong> \u00e4r designad f\u00f6r att f\u00f6rf\u00f6lja och \u00f6verfalla hovdjur fr\u00e5n markniv\u00e5 i tr\u00e4dbevuxen och vegeterad terr\u00e4ng.<\/p>\n<\/li>\n<li>\n<p class=\"Hero-desc\"><strong>Material:<\/strong> stretch polyesterstickning med polyesterfleecefoder med h\u00f6g lugg.<\/p>\n<\/li>\n<li>\n<p class=\"Hero-desc\">Ett mjukt, h\u00f6gflorigt fleecefoder ger rikligt med v\u00e4rme och maximal komfort.<\/p>\n<\/li>\n<\/ul>\n","protected":false},"excerpt":{"rendered":"<p>Varm halsv\u00e4rmare f\u00f6r sen s\u00e4song<\/p>\n","protected":false},"featured_media":0,"comment_status":"open","ping_status":"closed","template":"","meta":[],"product_brand":[],"product_cat":[2716],"product_tag":[],"class_list":{"0":"post-288075","1":"product","2":"type-product","3":"status-publish","5":"product_cat-hattar-och-huvudbonader","7":"first","8":"outofstock","9":"taxable","10":"shipping-taxable","11":"purchasable","12":"product-type-simple"},"composite_virtual":false,"composite_layout":"","composite_add_to_cart_form_location":"","composite_editable_in_cart":false,"composite_sold_individually_context":"","composite_shop_price_calc":"","composite_components":[],"composite_scenarios":[],"group_of_quantity":0,"min_quantity":0,"max_quantity":"","exclude_order_quantity_value_rules":"no","exclude_category_quantity_rules":"no","combine_variations":"no","exclude_global_add_ons":[],"addons":[],"_links":{"self":[{"href":"https:\/\/www.huntersfriend.eu\/sv\/wp-json\/wp\/v2\/product\/288075","targetHints":{"allow":["GET"]}}],"collection":[{"href":"https:\/\/www.huntersfriend.eu\/sv\/wp-json\/wp\/v2\/product"}],"about":[{"href":"https:\/\/www.huntersfriend.eu\/sv\/wp-json\/wp\/v2\/types\/product"}],"replies":[{"embeddable":true,"href":"https:\/\/www.huntersfriend.eu\/sv\/wp-json\/wp\/v2\/comments?post=288075"}],"wp:attachment":[{"href":"https:\/\/www.huntersfriend.eu\/sv\/wp-json\/wp\/v2\/media?parent=288075"}],"wp:term":[{"taxonomy":"product_brand","embeddable":true,"href":"https:\/\/www.huntersfriend.eu\/sv\/wp-json\/wp\/v2\/product_brand?post=288075"},{"taxonomy":"product_cat","embeddable":true,"href":"https:\/\/www.huntersfriend.eu\/sv\/wp-json\/wp\/v2\/product_cat?post=288075"},{"taxonomy":"product_tag","embeddable":true,"href":"https:\/\/www.huntersfriend.eu\/sv\/wp-json\/wp\/v2\/product_tag?post=288075"}],"curies":[{"name":"wp","href":"https:\/\/api.w.org\/{rel}","templated":true}]}}