{"id":288069,"date":"2022-05-23T09:01:11","date_gmt":"2022-05-23T07:01:11","guid":{"rendered":"https:\/\/www.huntersfriend.eu\/product\/scentlok-full-season-elements-byxor-mossy-oak-terra-gila\/"},"modified":"2025-08-27T11:04:38","modified_gmt":"2025-08-27T09:04:38","slug":"scentlok-full-season-elements-byxor-mossy-oak-terra-gila","status":"publish","type":"product","link":"https:\/\/www.huntersfriend.eu\/sv\/produkt\/scentlok-full-season-elements-byxor-mossy-oak-terra-gila\/","title":{"rendered":"Scentlok Full Season Elements-byxor \u2013 Mossy Oak Terra Gila"},"content":{"rendered":"<p>Full Season Elements-byxan \u00e4r utformad f\u00f6r att h\u00e5lla j\u00e4gare bekv\u00e4ma och redo fr\u00e5n perioden f\u00f6re brunsten till sn\u00f6n faller. Detta hybridsystem kombinerar l\u00e5gprofilsisolering med v\u00e4derskyddande kartl\u00e4ggning, vilket m\u00f6jligg\u00f6r b\u00e4ttre r\u00f6relsefrihet och komfort. Den skr\u00e4ddarsydda designen har ytterligare artikulering och stretchtyger i omr\u00e5den med h\u00f6g r\u00f6relse, vilket f\u00f6rhindrar motst\u00e5nd n\u00e4r du g\u00e5r till passet eller drar fullt drag. Slutligen har vi avslutat plagget med en mikrofleeceyta, tejpade s\u00f6mmar och avancerade camouflagem\u00f6nster f\u00f6r optimal d\u00f6ljande och prestanda.   <\/p>\n<ul>\n<li><strong>Carbon Alloy<sup>\u2122 <\/sup>teknik<\/strong><br \/>\n F\u00f6r maximal luktabsorption och doftkontroll<\/li>\n<li><strong>Precip-X<sup>\u2122 <\/sup>teknik<br \/>\n<\/strong> St\u00f6ter bort vatten, lera, blod och andra v\u00e4tskor<\/li>\n<li><strong>Vattent\u00e4ta paneler<\/strong><br \/>\nStrategiskt placerade i kritiska omr\u00e5den<\/li>\n<li><strong>Yttertyg i mikro-trik\u00e5<br \/>\n<\/strong> F\u00f6r d\u00f6dligt tyst r\u00f6rlighet<\/li>\n<li><strong>Innerfoder i mikrofleece<br \/>\n<\/strong> H\u00e5ller dig varm<\/li>\n<li><strong>Sex fickor med vattent\u00e4ta dragkedjor<br \/>\n<\/strong>F\u00f6r att h\u00e5lla din viktiga utrustning torr<\/li>\n<li><strong>Elastiskt midjeband<br \/>\n<\/strong> S\u00e4kerst\u00e4ller en s\u00e4ker passform<\/li>\n<li><strong>Artikulerade kn\u00e4n och kil i inre l\u00e5r<br \/>\n<\/strong> F\u00f6r r\u00f6rlighet och flexibilitet<\/li>\n<li><strong>Grepp i bakre midjeband<br \/>\n<\/strong>H\u00e5ller kl\u00e4derna p\u00e5 plats<\/li>\n<li><strong>Dragkedjor i benen<br \/>\n<\/strong> F\u00f6r enkel p\u00e5kl\u00e4dning \u00f6ver st\u00f6vlar<\/li>\n<\/ul>\n","protected":false},"excerpt":{"rendered":"<p>Full Season Elements-byxor \u2013 Mossy Oak Terra Gila<\/p>\n<p><a href=\"https:\/\/www.huntersfriend.eu\/app\/uploads\/2022\/05\/Scentlok-kokoataulukko.jpg\"><strong>Storlekstabell<\/strong><\/a><\/p>\n","protected":false},"featured_media":230052,"comment_status":"open","ping_status":"closed","template":"","meta":[],"product_brand":[],"product_cat":[2779],"product_tag":[],"class_list":{"0":"post-288069","1":"product","2":"type-product","3":"status-publish","4":"has-post-thumbnail","6":"product_cat-byxor","8":"first","9":"instock","10":"sale","11":"taxable","12":"shipping-taxable","13":"purchasable","14":"product-type-variable"},"composite_virtual":false,"composite_layout":"","composite_add_to_cart_form_location":"","composite_editable_in_cart":false,"composite_sold_individually_context":"","composite_shop_price_calc":"","composite_components":[],"composite_scenarios":[],"group_of_quantity":0,"min_quantity":0,"max_quantity":"","exclude_order_quantity_value_rules":"no","exclude_category_quantity_rules":"no","combine_variations":"no","exclude_global_add_ons":[],"addons":[],"_links":{"self":[{"href":"https:\/\/www.huntersfriend.eu\/sv\/wp-json\/wp\/v2\/product\/288069","targetHints":{"allow":["GET"]}}],"collection":[{"href":"https:\/\/www.huntersfriend.eu\/sv\/wp-json\/wp\/v2\/product"}],"about":[{"href":"https:\/\/www.huntersfriend.eu\/sv\/wp-json\/wp\/v2\/types\/product"}],"replies":[{"embeddable":true,"href":"https:\/\/www.huntersfriend.eu\/sv\/wp-json\/wp\/v2\/comments?post=288069"}],"wp:featuredmedia":[{"embeddable":true,"href":"https:\/\/www.huntersfriend.eu\/sv\/wp-json\/wp\/v2\/media\/230052"}],"wp:attachment":[{"href":"https:\/\/www.huntersfriend.eu\/sv\/wp-json\/wp\/v2\/media?parent=288069"}],"wp:term":[{"taxonomy":"product_brand","embeddable":true,"href":"https:\/\/www.huntersfriend.eu\/sv\/wp-json\/wp\/v2\/product_brand?post=288069"},{"taxonomy":"product_cat","embeddable":true,"href":"https:\/\/www.huntersfriend.eu\/sv\/wp-json\/wp\/v2\/product_cat?post=288069"},{"taxonomy":"product_tag","embeddable":true,"href":"https:\/\/www.huntersfriend.eu\/sv\/wp-json\/wp\/v2\/product_tag?post=288069"}],"curies":[{"name":"wp","href":"https:\/\/api.w.org\/{rel}","templated":true}]}}