{"id":288060,"date":"2022-05-23T09:01:14","date_gmt":"2022-05-23T07:01:14","guid":{"rendered":"https:\/\/www.huntersfriend.eu\/product\/scentlok-be1-voyage-handskar-mossy-oak-terra-gila\/"},"modified":"2026-03-03T12:22:26","modified_gmt":"2026-03-03T10:22:26","slug":"scentlok-be1-voyage-handskar-mossy-oak-terra-gila","status":"publish","type":"product","link":"https:\/\/www.huntersfriend.eu\/sv\/produkt\/scentlok-be1-voyage-handskar-mossy-oak-terra-gila\/","title":{"rendered":"Scentlok BE:1 voyage handskar \u2013 mossy oak Terra Gila"},"content":{"rendered":"<p>B\u00e5gskyttar beh\u00f6ver obegr\u00e4nsad r\u00f6relse och frig\u00e5ng f\u00f6r att g\u00f6ra ett rent skott. Bowhunter Elite:1 Voyage Glove h\u00e5ller releasen prydligt undanstoppad under den stora manschetten medan den inre handleds\u00f6ppningen g\u00f6r att releasen kan sitta p\u00e5 plats och vara redo hela tiden. <\/p>\n<ul>\n<li><strong>Carbon Alloy\u2122-teknik<\/strong><br \/>\nF\u00f6r maximal luktabsorption och doftkontroll<\/li>\n<li><strong>Fukttransporterande<\/strong><br \/>\nH\u00e5ller dig sval och torr<\/li>\n<li><strong>Smidig, tyst polyester interlock yttertyg<\/strong><br \/>\nMed ett varmt micro-fleecefoder<\/li>\n<li><strong>Inre handleds\u00f6ppning<\/strong><br \/>\nM\u00f6jligg\u00f6r anv\u00e4ndning \u00f6ver en release<\/li>\n<li><strong>Touch tech fingertoppar<\/strong><br \/>\nF\u00f6r anv\u00e4ndning med smarta enheter<\/li>\n<li><strong>Silikontryckt handflata<\/strong><br \/>\nGer ett s\u00e4kert grepp<\/li>\n<\/ul>\n","protected":false},"excerpt":{"rendered":"<p>Jakt handskar designade f\u00f6r b\u00e5gskytte<\/p>\n","protected":false},"featured_media":230165,"comment_status":"open","ping_status":"closed","template":"","meta":[],"product_brand":[],"product_cat":[2765,2809],"product_tag":[],"class_list":{"0":"post-288060","1":"product","2":"type-product","3":"status-publish","4":"has-post-thumbnail","6":"product_cat-fyndlada-slutrea","7":"product_cat-handskar","9":"first","10":"instock","11":"sale","12":"taxable","13":"shipping-taxable","14":"purchasable","15":"product-type-variable"},"composite_virtual":false,"composite_layout":"","composite_add_to_cart_form_location":"","composite_editable_in_cart":false,"composite_sold_individually_context":"","composite_shop_price_calc":"","composite_components":[],"composite_scenarios":[],"group_of_quantity":0,"min_quantity":0,"max_quantity":"","exclude_order_quantity_value_rules":"no","exclude_category_quantity_rules":"no","combine_variations":"no","exclude_global_add_ons":[],"addons":[],"_links":{"self":[{"href":"https:\/\/www.huntersfriend.eu\/sv\/wp-json\/wp\/v2\/product\/288060","targetHints":{"allow":["GET"]}}],"collection":[{"href":"https:\/\/www.huntersfriend.eu\/sv\/wp-json\/wp\/v2\/product"}],"about":[{"href":"https:\/\/www.huntersfriend.eu\/sv\/wp-json\/wp\/v2\/types\/product"}],"replies":[{"embeddable":true,"href":"https:\/\/www.huntersfriend.eu\/sv\/wp-json\/wp\/v2\/comments?post=288060"}],"wp:featuredmedia":[{"embeddable":true,"href":"https:\/\/www.huntersfriend.eu\/sv\/wp-json\/wp\/v2\/media\/230165"}],"wp:attachment":[{"href":"https:\/\/www.huntersfriend.eu\/sv\/wp-json\/wp\/v2\/media?parent=288060"}],"wp:term":[{"taxonomy":"product_brand","embeddable":true,"href":"https:\/\/www.huntersfriend.eu\/sv\/wp-json\/wp\/v2\/product_brand?post=288060"},{"taxonomy":"product_cat","embeddable":true,"href":"https:\/\/www.huntersfriend.eu\/sv\/wp-json\/wp\/v2\/product_cat?post=288060"},{"taxonomy":"product_tag","embeddable":true,"href":"https:\/\/www.huntersfriend.eu\/sv\/wp-json\/wp\/v2\/product_tag?post=288060"}],"curies":[{"name":"wp","href":"https:\/\/api.w.org\/{rel}","templated":true}]}}