{"id":288039,"date":"2022-05-23T09:52:01","date_gmt":"2022-05-23T07:52:01","guid":{"rendered":"https:\/\/www.huntersfriend.eu\/product\/sitka-timberline-byxor-optifade-subalpine\/"},"modified":"2025-08-27T11:03:51","modified_gmt":"2025-08-27T09:03:51","slug":"sitka-timberline-byxor-optifade-subalpine","status":"publish","type":"product","link":"https:\/\/www.huntersfriend.eu\/sv\/produkt\/sitka-timberline-byxor-optifade-subalpine\/","title":{"rendered":"SITKA Timberline-byxor (Optifade Subalpine)"},"content":{"rendered":"<p>Dessa softshell-byxor \u00e4r det sj\u00e4lvklara valet f\u00f6r tuffa f\u00f6rh\u00e5llanden under mitten till slutet av s\u00e4songen i vildmarken. De \u00e4r tillverkade av extremt slitstark 4-v\u00e4gsstretchpolyester med dubbla f\u00f6rst\u00e4rkta kn\u00e4n och s\u00e4te i ripstop-nylon som \u00e4r b\u00e5de vattent\u00e4ta och ventilerande. Avtagbara, ledade kn\u00e4skydd s\u00e4kerst\u00e4ller h\u00e5llbarhet och komfort oavsett om du kl\u00e4ttrar i stenblocken i Klippiga bergen, smyger bland kaktusarna i Mojave eller fl\u00e5r ett djur.  <\/p>\n<ul class=\"HeroSpecs__list\">\n<li> <strong>GORE\u2122 OPTIFADE\u2122 Concealment Subalpine<\/strong> \u00e4r designad f\u00f6r att f\u00f6rf\u00f6lja och \u00f6verfalla hovdjur fr\u00e5n markniv\u00e5 i tr\u00e4dbevuxen och vegeterad terr\u00e4ng.<\/li>\n<li>\n<p class=\"Hero-desc\"><strong>Material:<\/strong> 4-v\u00e4gs stretchv\u00e4vd polyester Shell, nylon ripstop s\u00e4te &amp; kn\u00e4n<\/p>\n<\/li>\n<li>\n<p class=\"Hero-desc\"><strong>Slitstark vattenavvisande<\/strong> finish som motst\u00e5r l\u00e4tt nederb\u00f6rd och f\u00f6rhindrar att tyget p\u00e5 framsidan blir bl\u00f6tt.<\/p>\n<\/li>\n<li>\n<p class=\"Hero-desc\"><strong>F\u00f6rst\u00e4rkt s\u00e4te och kn\u00e4n:<\/strong> S\u00e4tet och kn\u00e4na \u00e4r f\u00f6rst\u00e4rkta med ett vattent\u00e4tt nylon ripstop-tyg, s\u00e5 en l\u00e5ng vandring p\u00e5 en v\u00e5t sadel eller en snabb sittpaus i sn\u00f6n g\u00f6r dig inte kall och v\u00e5t.<\/p>\n<\/li>\n<li>\n<p class=\"Hero-desc\"><strong>Avtagbara kn\u00e4skydd:<\/strong> Avtagbara kn\u00e4skydd ger extra skydd oavsett om du kl\u00e4ttrar genom talus i norra Klippiga bergen, tar dig fram genom kaktusar i Sonora\u00f6knen eller fl\u00e5r ett djur.<\/p>\n<\/li>\n<li>\n<p class=\"Hero-desc\"><strong>Formsydd design:<\/strong> Passformen \u00e4r atletisk med avsmalnande ben och en l\u00e5g profil i midjan som inte korvar sig eller skaver under en ryggs\u00e4ck<\/p>\n<\/li>\n<li>Levereras med h\u00e4ngslen f\u00f6r att h\u00e5lla byxorna p\u00e5 plats i alla situationer.<\/li>\n<\/ul>\n<p><a href=\"https:\/\/www.huntersfriend.eu\/app\/uploads\/2022\/05\/Sitka-miesten-kokoatulukko.jpg\"><img decoding=\"async\" class=\"alignnone wp-image-231001 size-medium\" src=\"https:\/\/www.huntersfriend.eu\/app\/uploads\/2022\/05\/Sitka-miesten-kokoatulukko-600x371.jpg\" alt=\"\" width=\"600\" height=\"371\" srcset=\"https:\/\/www.huntersfriend.eu\/app\/uploads\/2022\/05\/Sitka-miesten-kokoatulukko-600x371.jpg 600w, https:\/\/www.huntersfriend.eu\/app\/uploads\/2022\/05\/Sitka-miesten-kokoatulukko-768x475.jpg 768w, https:\/\/www.huntersfriend.eu\/app\/uploads\/2022\/05\/Sitka-miesten-kokoatulukko-300x186.jpg 300w, https:\/\/www.huntersfriend.eu\/app\/uploads\/2022\/05\/Sitka-miesten-kokoatulukko-200x124.jpg 200w, https:\/\/www.huntersfriend.eu\/app\/uploads\/2022\/05\/Sitka-miesten-kokoatulukko-97x60.jpg 97w, https:\/\/www.huntersfriend.eu\/app\/uploads\/2022\/05\/Sitka-miesten-kokoatulukko-146x90.jpg 146w, https:\/\/www.huntersfriend.eu\/app\/uploads\/2022\/05\/Sitka-miesten-kokoatulukko.jpg 970w\" sizes=\"(max-width: 600px) 100vw, 600px\" \/><\/a><\/p>\n","protected":false},"excerpt":{"rendered":"<p>Slitstarka jaktbyxor med h\u00e4ngslen<\/p>\n<p><a href=\"https:\/\/www.huntersfriend.eu\/app\/uploads\/2022\/05\/Sitka-miesten-kokoatulukko.jpg\"><strong>Storlekstabell<\/strong><\/a><\/p>\n","protected":false},"featured_media":229545,"comment_status":"open","ping_status":"closed","template":"","meta":[],"product_brand":[],"product_cat":[2779,2765],"product_tag":[],"class_list":{"0":"post-288039","1":"product","2":"type-product","3":"status-publish","4":"has-post-thumbnail","6":"product_cat-byxor","7":"product_cat-fyndlada-slutrea","9":"first","10":"instock","11":"sale","12":"taxable","13":"shipping-taxable","14":"purchasable","15":"product-type-variable"},"composite_virtual":false,"composite_layout":"","composite_add_to_cart_form_location":"","composite_editable_in_cart":false,"composite_sold_individually_context":"","composite_shop_price_calc":"","composite_components":[],"composite_scenarios":[],"group_of_quantity":0,"min_quantity":0,"max_quantity":"","exclude_order_quantity_value_rules":"no","exclude_category_quantity_rules":"no","combine_variations":"no","exclude_global_add_ons":[],"addons":[],"_links":{"self":[{"href":"https:\/\/www.huntersfriend.eu\/sv\/wp-json\/wp\/v2\/product\/288039","targetHints":{"allow":["GET"]}}],"collection":[{"href":"https:\/\/www.huntersfriend.eu\/sv\/wp-json\/wp\/v2\/product"}],"about":[{"href":"https:\/\/www.huntersfriend.eu\/sv\/wp-json\/wp\/v2\/types\/product"}],"replies":[{"embeddable":true,"href":"https:\/\/www.huntersfriend.eu\/sv\/wp-json\/wp\/v2\/comments?post=288039"}],"wp:featuredmedia":[{"embeddable":true,"href":"https:\/\/www.huntersfriend.eu\/sv\/wp-json\/wp\/v2\/media\/229545"}],"wp:attachment":[{"href":"https:\/\/www.huntersfriend.eu\/sv\/wp-json\/wp\/v2\/media?parent=288039"}],"wp:term":[{"taxonomy":"product_brand","embeddable":true,"href":"https:\/\/www.huntersfriend.eu\/sv\/wp-json\/wp\/v2\/product_brand?post=288039"},{"taxonomy":"product_cat","embeddable":true,"href":"https:\/\/www.huntersfriend.eu\/sv\/wp-json\/wp\/v2\/product_cat?post=288039"},{"taxonomy":"product_tag","embeddable":true,"href":"https:\/\/www.huntersfriend.eu\/sv\/wp-json\/wp\/v2\/product_tag?post=288039"}],"curies":[{"name":"wp","href":"https:\/\/api.w.org\/{rel}","templated":true}]}}