{"id":288038,"date":"2022-05-23T09:52:05","date_gmt":"2022-05-23T07:52:05","guid":{"rendered":"https:\/\/www.huntersfriend.eu\/product\/sitka-ascent-skjorta-optifade-subalpine\/"},"modified":"2025-08-27T11:03:50","modified_gmt":"2025-08-27T09:03:50","slug":"sitka-ascent-skjorta-optifade-subalpine","status":"publish","type":"product","link":"https:\/\/www.huntersfriend.eu\/sv\/produkt\/sitka-ascent-skjorta-optifade-subalpine\/","title":{"rendered":"SITKA Ascent-skjorta (Optifade Subalpine)"},"content":{"rendered":"<p>Ascent-skjortan \u00e4r konstruerad f\u00f6r att klara de varma och tuffa f\u00f6rh\u00e5llandena under tidiga jakter. Extremt ventilerande, snabbtorkande och UPF-skyddad g\u00f6r detta formpassande baslager till din b\u00e4sta v\u00e4n. Str\u00f6mlinjeformade \u00e4rmar ger gott om plats f\u00f6r str\u00e4ngen, n\u00e4tf\u00f6rsedda br\u00f6stfickor med dragkedja ger extra ventilation f\u00f6r att h\u00e5lla dig sval n\u00e4r du r\u00f6r dig.  <\/p>\n<ul class=\"HeroSpecs__list\">\n<li>\n<p class=\"Hero-desc\"><strong>GORE\u2122 OPTIFADE\u2122 Concealment Subalpine<\/strong> \u00e4r designad f\u00f6r att f\u00f6rf\u00f6lja och \u00f6verfalla hovdjur fr\u00e5n markniv\u00e5 i tr\u00e4dbevuxen och vegeterad terr\u00e4ng.<\/p>\n<\/li>\n<li>\n<p class=\"Hero-desc\"><strong>Vikt:<\/strong> 133 g \/\/ Storlek: L<\/p>\n<\/li>\n<li>\n<p class=\"Hero-desc\"><strong>Material:<\/strong> 20-denier stretchv\u00e4vd nylon ripstop, tyst stickad polyester grid Jersey, meshpaneler under armarna<\/p>\n<\/li>\n<li>\n<p class=\"Hero-desc\"><strong>Kroppskartlagd f\u00f6r andningsf\u00f6rm\u00e5ga:<\/strong> Genomt\u00e4nkt kartlagda tyger erbjuder luftkonditionerad komfort &#8211; Ascent-skjortan har en l\u00e4tt men slitstark nylonkropp och \u00e4rmar i polyesterstickning f\u00f6r det ultimata inom passform och funktion.<\/p>\n<\/li>\n<li>\n<p class=\"Hero-desc\"><strong>Stickade paneler:<\/strong> De stickade panelerna i Ascent-skjortan ger stretch i viktiga omr\u00e5den.<\/p>\n<\/li>\n<li>\n<p class=\"Hero-desc\"><strong>Polygiene\u00ae Odor Control Technology<\/strong> neutraliserar s\u00e4kert lukt som orsakas av svett.<\/p>\n<\/li>\n<li>\n<p class=\"Hero-desc\">29 UPF utan kemisk behandling.<\/p>\n<\/li>\n<li>\n<p class=\"Hero-desc\">Uppf\u00e4llbar krage f\u00f6r solskydd.<\/p>\n<\/li>\n<\/ul>\n<p><a href=\"https:\/\/www.huntersfriend.eu\/app\/uploads\/2022\/05\/Sitka-miesten-kokoatulukko.jpg\"><img decoding=\"async\" class=\"alignnone wp-image-231001 size-medium\" src=\"https:\/\/www.huntersfriend.eu\/app\/uploads\/2022\/05\/Sitka-miesten-kokoatulukko-600x371.jpg\" alt=\"\" width=\"600\" height=\"371\" srcset=\"https:\/\/www.huntersfriend.eu\/app\/uploads\/2022\/05\/Sitka-miesten-kokoatulukko-600x371.jpg 600w, https:\/\/www.huntersfriend.eu\/app\/uploads\/2022\/05\/Sitka-miesten-kokoatulukko-768x475.jpg 768w, https:\/\/www.huntersfriend.eu\/app\/uploads\/2022\/05\/Sitka-miesten-kokoatulukko-300x186.jpg 300w, https:\/\/www.huntersfriend.eu\/app\/uploads\/2022\/05\/Sitka-miesten-kokoatulukko-200x124.jpg 200w, https:\/\/www.huntersfriend.eu\/app\/uploads\/2022\/05\/Sitka-miesten-kokoatulukko-97x60.jpg 97w, https:\/\/www.huntersfriend.eu\/app\/uploads\/2022\/05\/Sitka-miesten-kokoatulukko-146x90.jpg 146w, https:\/\/www.huntersfriend.eu\/app\/uploads\/2022\/05\/Sitka-miesten-kokoatulukko.jpg 970w\" sizes=\"(max-width: 600px) 100vw, 600px\" \/><\/a><\/p>\n","protected":false},"excerpt":{"rendered":"<p>Snabbtorkande, ventilerande och UPF-skyddad l\u00e4tt jakttr\u00f6ja f\u00f6r tidiga jakter.<\/p>\n<p><a href=\"https:\/\/www.huntersfriend.eu\/app\/uploads\/2022\/05\/Sitka-miesten-kokoatulukko.jpg\"><strong>Storlekstabell<\/strong><\/a><\/p>\n","protected":false},"featured_media":229595,"comment_status":"open","ping_status":"closed","template":"","meta":[],"product_brand":[],"product_cat":[878],"product_tag":[],"class_list":{"0":"post-288038","1":"product","2":"type-product","3":"status-publish","4":"has-post-thumbnail","6":"product_cat-uncategorized-sv","8":"first","9":"outofstock","10":"taxable","11":"shipping-taxable","12":"purchasable","13":"product-type-variable"},"composite_virtual":false,"composite_layout":"","composite_add_to_cart_form_location":"","composite_editable_in_cart":false,"composite_sold_individually_context":"","composite_shop_price_calc":"","composite_components":[],"composite_scenarios":[],"group_of_quantity":0,"min_quantity":0,"max_quantity":"","exclude_order_quantity_value_rules":"no","exclude_category_quantity_rules":"no","combine_variations":"no","exclude_global_add_ons":[],"addons":[],"_links":{"self":[{"href":"https:\/\/www.huntersfriend.eu\/sv\/wp-json\/wp\/v2\/product\/288038","targetHints":{"allow":["GET"]}}],"collection":[{"href":"https:\/\/www.huntersfriend.eu\/sv\/wp-json\/wp\/v2\/product"}],"about":[{"href":"https:\/\/www.huntersfriend.eu\/sv\/wp-json\/wp\/v2\/types\/product"}],"replies":[{"embeddable":true,"href":"https:\/\/www.huntersfriend.eu\/sv\/wp-json\/wp\/v2\/comments?post=288038"}],"wp:featuredmedia":[{"embeddable":true,"href":"https:\/\/www.huntersfriend.eu\/sv\/wp-json\/wp\/v2\/media\/229595"}],"wp:attachment":[{"href":"https:\/\/www.huntersfriend.eu\/sv\/wp-json\/wp\/v2\/media?parent=288038"}],"wp:term":[{"taxonomy":"product_brand","embeddable":true,"href":"https:\/\/www.huntersfriend.eu\/sv\/wp-json\/wp\/v2\/product_brand?post=288038"},{"taxonomy":"product_cat","embeddable":true,"href":"https:\/\/www.huntersfriend.eu\/sv\/wp-json\/wp\/v2\/product_cat?post=288038"},{"taxonomy":"product_tag","embeddable":true,"href":"https:\/\/www.huntersfriend.eu\/sv\/wp-json\/wp\/v2\/product_tag?post=288038"}],"curies":[{"name":"wp","href":"https:\/\/api.w.org\/{rel}","templated":true}]}}