{"id":288028,"date":"2022-05-23T09:52:03","date_gmt":"2022-05-23T07:52:03","guid":{"rendered":"https:\/\/www.huntersfriend.eu\/product\/sitka-kelvin-aerolite-jacka-optifade-subalpine\/"},"modified":"2025-08-27T11:03:16","modified_gmt":"2025-08-27T09:03:16","slug":"sitka-kelvin-aerolite-jacka-optifade-subalpine","status":"publish","type":"product","link":"https:\/\/www.huntersfriend.eu\/sv\/produkt\/sitka-kelvin-aerolite-jacka-optifade-subalpine\/","title":{"rendered":"SITKA Kelvin AeroLite-jacka (optifade subalpine)"},"content":{"rendered":"<p>I en v\u00e4rld av specialiserad utomhusutrustning \u00e4r det en styrka att ha m\u00e5ngsidig utrustning. Den h\u00e4r l\u00e4tta, komprimerbara jackan maximerar v\u00e4rmen och minimerar samtidigt volymen. Anv\u00e4nd den till allt fr\u00e5n jakt i vildmarken och rekognoseringsturer under l\u00e5gs\u00e4song till vardags; den glider bekv\u00e4mt under ett skal n\u00e4r du beh\u00f6ver extra v\u00e4rme. Syntetisk PrimaLoft\u00ae Gold-isolering med Cross Core\u2122-teknik efterliknar dunisoleringens estetik och prestanda, men med v\u00e4rmande egenskaper \u00e4ven i v\u00e5tt tillst\u00e5nd.   <\/p>\n<ul class=\"HeroSpecs__list\">\n<li> <strong>GORE\u2122 OPTIFADE\u2122 Concealment Subalpine<\/strong> \u00e4r designad f\u00f6r att f\u00f6rf\u00f6lja och \u00f6verfalla hovdjur fr\u00e5n markniv\u00e5 i tr\u00e4dbevuxen och vegeterad terr\u00e4ng.<\/li>\n<li>\n<p class=\"Hero-desc\"><strong>Vikt: <\/strong>453 g.<\/p>\n<\/li>\n<li>\n<p class=\"Hero-desc\">Syntetisk <strong>PrimaLoft\u00ae Gold-isolering<\/strong> med Cross Core\u2122-teknik efterliknar dunets v\u00e4rme och komprimerbarhet, men med f\u00f6rdelen att den v\u00e4rmer \u00e4ven i v\u00e5tt tillst\u00e5nd<\/p>\n<\/li>\n<li>\n<p class=\"Hero-desc\"><strong>L\u00e4ttviktsisolering<\/strong> (35 % \u00e5tervunnet) \u00e4r infunderad med silika-aerogel, ett n\u00e4stan viktl\u00f6st material som best\u00e5r av mer \u00e4n 95 % luft och fungerar som extra v\u00e4rmeisolering<\/p>\n<\/li>\n<li>\n<p class=\"Hero-desc\">20-denier polyester framsida med <strong>slitstark vattenavvisande finish<\/strong>, 20-denier polyesterbaksida<\/p>\n<\/li>\n<li>\n<p class=\"Hero-desc\">DWR-finishen motst\u00e5r nederb\u00f6rd och <strong>f\u00f6rhindrar att yttertyget blir bl\u00f6tt<\/strong><\/p>\n<\/li>\n<li>\n<p class=\"Hero-desc\"><strong>Kilformade stretchmuddar<\/strong> m\u00f6jligg\u00f6r smidig, enkel lager-p\u00e5-lager-anv\u00e4ndning och obegr\u00e4nsat skytte<\/p>\n<\/li>\n<li>\n<p class=\"Hero-desc\">Den \u00e5tsittande huvan ger <strong>diskret v\u00e4rme och skydd;<\/strong> hindrar inte det perifera seendet<\/p>\n<\/li>\n<li>\n<p class=\"Hero-desc\">Djup <strong>br\u00f6stficka med dragkedja<\/strong> f\u00f6r s\u00e4ker f\u00f6rvaring av dina v\u00e4rdesaker<\/p>\n<\/li>\n<\/ul>\n<p><a href=\"https:\/\/www.huntersfriend.eu\/app\/uploads\/2022\/05\/Sitka-miesten-kokoatulukko.jpg\"><img decoding=\"async\" class=\"alignnone wp-image-231001 size-medium\" src=\"https:\/\/www.huntersfriend.eu\/app\/uploads\/2022\/05\/Sitka-miesten-kokoatulukko-600x371.jpg\" alt=\"\" width=\"600\" height=\"371\" srcset=\"https:\/\/www.huntersfriend.eu\/app\/uploads\/2022\/05\/Sitka-miesten-kokoatulukko-600x371.jpg 600w, https:\/\/www.huntersfriend.eu\/app\/uploads\/2022\/05\/Sitka-miesten-kokoatulukko-768x475.jpg 768w, https:\/\/www.huntersfriend.eu\/app\/uploads\/2022\/05\/Sitka-miesten-kokoatulukko-300x186.jpg 300w, https:\/\/www.huntersfriend.eu\/app\/uploads\/2022\/05\/Sitka-miesten-kokoatulukko-200x124.jpg 200w, https:\/\/www.huntersfriend.eu\/app\/uploads\/2022\/05\/Sitka-miesten-kokoatulukko-97x60.jpg 97w, https:\/\/www.huntersfriend.eu\/app\/uploads\/2022\/05\/Sitka-miesten-kokoatulukko-146x90.jpg 146w, https:\/\/www.huntersfriend.eu\/app\/uploads\/2022\/05\/Sitka-miesten-kokoatulukko.jpg 970w\" sizes=\"(max-width: 600px) 100vw, 600px\" \/><\/a><\/p>\n","protected":false},"excerpt":{"rendered":"<p>L\u00e4tt och varm jaktjacka f\u00f6r jakter n\u00e4r du beh\u00f6ver extra v\u00e4rme.<\/p>\n<p><a href=\"https:\/\/www.huntersfriend.eu\/app\/uploads\/2022\/05\/Sitka-miesten-kokoatulukko.jpg\"><strong>Storlekstabell<\/strong><\/a><\/p>\n","protected":false},"featured_media":229570,"comment_status":"open","ping_status":"closed","template":"","meta":[],"product_brand":[],"product_cat":[878],"product_tag":[],"class_list":{"0":"post-288028","1":"product","2":"type-product","3":"status-publish","4":"has-post-thumbnail","6":"product_cat-uncategorized-sv","8":"first","9":"outofstock","10":"taxable","11":"shipping-taxable","12":"purchasable","13":"product-type-variable"},"composite_virtual":false,"composite_layout":"","composite_add_to_cart_form_location":"","composite_editable_in_cart":false,"composite_sold_individually_context":"","composite_shop_price_calc":"","composite_components":[],"composite_scenarios":[],"group_of_quantity":0,"min_quantity":0,"max_quantity":"","exclude_order_quantity_value_rules":"no","exclude_category_quantity_rules":"no","combine_variations":"no","exclude_global_add_ons":[],"addons":[],"_links":{"self":[{"href":"https:\/\/www.huntersfriend.eu\/sv\/wp-json\/wp\/v2\/product\/288028","targetHints":{"allow":["GET"]}}],"collection":[{"href":"https:\/\/www.huntersfriend.eu\/sv\/wp-json\/wp\/v2\/product"}],"about":[{"href":"https:\/\/www.huntersfriend.eu\/sv\/wp-json\/wp\/v2\/types\/product"}],"replies":[{"embeddable":true,"href":"https:\/\/www.huntersfriend.eu\/sv\/wp-json\/wp\/v2\/comments?post=288028"}],"wp:featuredmedia":[{"embeddable":true,"href":"https:\/\/www.huntersfriend.eu\/sv\/wp-json\/wp\/v2\/media\/229570"}],"wp:attachment":[{"href":"https:\/\/www.huntersfriend.eu\/sv\/wp-json\/wp\/v2\/media?parent=288028"}],"wp:term":[{"taxonomy":"product_brand","embeddable":true,"href":"https:\/\/www.huntersfriend.eu\/sv\/wp-json\/wp\/v2\/product_brand?post=288028"},{"taxonomy":"product_cat","embeddable":true,"href":"https:\/\/www.huntersfriend.eu\/sv\/wp-json\/wp\/v2\/product_cat?post=288028"},{"taxonomy":"product_tag","embeddable":true,"href":"https:\/\/www.huntersfriend.eu\/sv\/wp-json\/wp\/v2\/product_tag?post=288028"}],"curies":[{"name":"wp","href":"https:\/\/api.w.org\/{rel}","templated":true}]}}