{"id":288007,"date":"2022-05-23T09:52:16","date_gmt":"2022-05-23T07:52:16","guid":{"rendered":"https:\/\/www.huntersfriend.eu\/product\/sitka-fanatic-jacka-optifade-elevated-ii\/"},"modified":"2025-11-06T11:01:09","modified_gmt":"2025-11-06T09:01:09","slug":"sitka-fanatic-jacka-optifade-elevated-ii","status":"publish","type":"product","link":"https:\/\/www.huntersfriend.eu\/sv\/produkt\/sitka-fanatic-jacka-optifade-elevated-ii\/","title":{"rendered":"SITKA Fanatic-jacka (Optifade Elevated II)"},"content":{"rendered":"<p>Fanatic-jackan \u00e4r det kompletta paketet f\u00f6r ultratyst v\u00e4rme, med det mest avancerade ljudreducerande tyget i jaktv\u00e4rlden. Byggd med d\u00f6dligt tyst berberfleece med h\u00f6g lugg, en ultratyst GORE-TEX INFINIUM\u2122 med WINDSTOPPER\u00ae Technology-barri\u00e4r f\u00f6r 100 % vindt\u00e4t v\u00e4rme och PrimaLoft\u00ae Silver Hi-Loft Ultra-isolering f\u00f6r de kallaste dagarna p\u00e5 passet. Kroppskartad konstruktion optimerar dragcykeln f\u00f6r frig\u00e5ng av b\u00e5gstr\u00e4ngen tillsammans med en minskning av volymen i dragarmen f\u00f6r att minimera buller och h\u00e5lla din pilbana rak. Constant-Connect SITKA\u00ae Safety Harness Port eliminerar behovet av att koppla bort fr\u00e5n din sele n\u00e4r du l\u00e4gger till eller tar bort lager. Utan tvekan \u00e4r detta den tystaste jaktjackan p\u00e5 planeten.    <\/p>\n<ul class=\"HeroSpecs__list\">\n<li>\n<p class=\"Hero-desc\"><strong>GORE\u2122 OPTIFADE\u2122 Concealment Elevated II<\/strong> \u00e4r designad f\u00f6r vitsvansj\u00e4gare i upph\u00f6jd position.<\/p>\n<\/li>\n<li>\n<p class=\"Hero-desc\"><strong>Vikt:<\/strong> 1309 g \/\/ Storlek L<\/p>\n<\/li>\n<li>\n<p class=\"Hero-desc\"><strong>Yttertyg b\u00e5l:<\/strong> Jacquard berberfleece med h\u00f6g lugg och DWR-finish.<\/p>\n<\/li>\n<li>\n<p class=\"Hero-desc\"><strong>Yttertyg f\u00e5ll och s\u00e4te:<\/strong> Stretchfleece av polyester med DWR-finish.<\/p>\n<\/li>\n<li>\n<p class=\"Hero-desc\"><strong>Foder:<\/strong> 2-lagers GORE-TEX INFINIUM\u2122 med WINDSTOPPER\u00ae Technology och insida av trik\u00e5 i mikron\u00e4t av polyester.<\/p>\n<\/li>\n<li>\n<p class=\"Hero-desc\"><strong>Isolering b\u00e5l:<\/strong> Kartlagd 120-grams PrimaLoft\u00ae Silver Hi-Loft Ultra-isolering.<\/p>\n<\/li>\n<li>\n<p class=\"Hero-desc\"><strong>Isolering \u00e4rmar:<\/strong> Kartlagd 80-grams PrimaLoft\u00ae Silver Hi-Loft Ultra-isolering.<\/p>\n<\/li>\n<li>\n<p class=\"Hero-desc\"><strong>Ljudets vetenskap:<\/strong> Det nya Fanatic-systemet ger en j\u00e4gare f\u00f6rm\u00e5gan att r\u00f6ra sig med st\u00f6rre sj\u00e4lvf\u00f6rtroende genom att halvera det h\u00f6rbara avst\u00e5ndet.<\/p>\n<\/li>\n<li>\n<p class=\"Hero-desc\"><strong>Avsiktligt designade fickor:<\/strong> F\u00f6rvara viktiga tillbeh\u00f6r f\u00f6r vitsvanshjortar med l\u00e4tthet.<\/p>\n<\/li>\n<li>\n<p class=\"Hero-desc\"><strong>Ficka med dragkedja fram:<\/strong> F\u00f6rvara dina viktigaste saker s\u00e4kert och l\u00e4ttillg\u00e4ngligt.<\/p>\n<\/li>\n<li>\n<p class=\"Hero-desc\"><strong>Ultratyst, diagonal YKK\u00ae Vislon\u00ae-dragkedja fram:<\/strong> Minskar buller vid lager-p\u00e5-lager-anv\u00e4ndning, plus s\u00e4kerst\u00e4ller att l\u00e5gprofilerade handv\u00e4rmarfickor \u00e4r designade i jackan.<\/p>\n<\/li>\n<li>\n<p class=\"Hero-desc\"><strong>Constant-Connect SITKA\u00ae Safety Harness Port:<\/strong> Eliminerar behovet av att koppla bort fr\u00e5n din sele n\u00e4r du l\u00e4gger till eller tar bort lager.<\/p>\n<\/li>\n<li>\n<p class=\"Hero-desc\"><strong>Kroppskartl\u00e4ggning i \u00e4rmarna:<\/strong> M\u00f6jligg\u00f6r optimal frig\u00e5ng av b\u00e5gstr\u00e4ngen l\u00e4ngs v\u00e4nster arm och minskad volym i h\u00f6ger dragarms armb\u00e5ge.<\/p>\n<\/li>\n<li>\n<p class=\"Hero-desc\"><strong>Kartlagt skavresistent tyg p\u00e5 f\u00e5ll och s\u00e4te:<\/strong> Hj\u00e4lper till att f\u00f6rhindra att skav plockas upp i viktiga omr\u00e5den.<\/p>\n<\/li>\n<li>\n<p class=\"Hero-desc\"><strong>GORE-TEX INFINIUM\u2122 med WINDSTOPPER\u00ae:<\/strong> Erbjuder komplett vindt\u00e4tt skydd genom ett slitstarkt, l\u00e4tt och ventilerande membran.<\/p>\n<\/li>\n<li>\n<p class=\"Hero-desc\"><strong>PrimaLoft\u00ae-teknik:<\/strong> PrimaLoft\u00ae-produkter \u00e4r det ultimata inom isoleringsteknik f\u00f6r j\u00e4gare. Ultrafina fibrer \u00e4r konstruerade f\u00f6r att beh\u00e5lla maximal v\u00e4rme \u00e4ven n\u00e4r de \u00e4r v\u00e5ta. <\/p>\n<\/li>\n<li>\n<p class=\"Hero-desc\">Magnetisk f\u00f6rvaringskrage<\/p>\n<\/li>\n<\/ul>\n<p><a href=\"https:\/\/www.huntersfriend.eu\/app\/uploads\/2022\/05\/Sitka-miesten-kokoatulukko.jpg\"><img decoding=\"async\" class=\"alignnone wp-image-231001 size-medium\" src=\"https:\/\/www.huntersfriend.eu\/app\/uploads\/2022\/05\/Sitka-miesten-kokoatulukko-600x371.jpg\" alt=\"\" width=\"600\" height=\"371\" srcset=\"https:\/\/www.huntersfriend.eu\/app\/uploads\/2022\/05\/Sitka-miesten-kokoatulukko-600x371.jpg 600w, https:\/\/www.huntersfriend.eu\/app\/uploads\/2022\/05\/Sitka-miesten-kokoatulukko-768x475.jpg 768w, https:\/\/www.huntersfriend.eu\/app\/uploads\/2022\/05\/Sitka-miesten-kokoatulukko-300x186.jpg 300w, https:\/\/www.huntersfriend.eu\/app\/uploads\/2022\/05\/Sitka-miesten-kokoatulukko-200x124.jpg 200w, https:\/\/www.huntersfriend.eu\/app\/uploads\/2022\/05\/Sitka-miesten-kokoatulukko-97x60.jpg 97w, https:\/\/www.huntersfriend.eu\/app\/uploads\/2022\/05\/Sitka-miesten-kokoatulukko-146x90.jpg 146w, https:\/\/www.huntersfriend.eu\/app\/uploads\/2022\/05\/Sitka-miesten-kokoatulukko.jpg 970w\" sizes=\"(max-width: 600px) 100vw, 600px\" \/><\/a><\/p>\n","protected":false},"excerpt":{"rendered":"<p>Extremt varm jaktjacka f\u00f6r extrema f\u00f6rh\u00e5llanden.<\/p>\n<p><a href=\"https:\/\/www.huntersfriend.eu\/app\/uploads\/2022\/05\/Sitka-miesten-kokoatulukko.jpg\"><strong>Storlekstabell<\/strong><\/a><\/p>\n","protected":false},"featured_media":229775,"comment_status":"open","ping_status":"closed","template":"","meta":[],"product_brand":[],"product_cat":[878],"product_tag":[],"class_list":{"0":"post-288007","1":"product","2":"type-product","3":"status-publish","4":"has-post-thumbnail","6":"product_cat-uncategorized-sv","8":"first","9":"outofstock","10":"taxable","11":"shipping-taxable","12":"purchasable","13":"product-type-variable"},"composite_virtual":false,"composite_layout":"","composite_add_to_cart_form_location":"","composite_editable_in_cart":false,"composite_sold_individually_context":"","composite_shop_price_calc":"","composite_components":[],"composite_scenarios":[],"group_of_quantity":0,"min_quantity":0,"max_quantity":"","exclude_order_quantity_value_rules":"no","exclude_category_quantity_rules":"no","combine_variations":"no","exclude_global_add_ons":[],"addons":[],"_links":{"self":[{"href":"https:\/\/www.huntersfriend.eu\/sv\/wp-json\/wp\/v2\/product\/288007","targetHints":{"allow":["GET"]}}],"collection":[{"href":"https:\/\/www.huntersfriend.eu\/sv\/wp-json\/wp\/v2\/product"}],"about":[{"href":"https:\/\/www.huntersfriend.eu\/sv\/wp-json\/wp\/v2\/types\/product"}],"replies":[{"embeddable":true,"href":"https:\/\/www.huntersfriend.eu\/sv\/wp-json\/wp\/v2\/comments?post=288007"}],"wp:featuredmedia":[{"embeddable":true,"href":"https:\/\/www.huntersfriend.eu\/sv\/wp-json\/wp\/v2\/media\/229775"}],"wp:attachment":[{"href":"https:\/\/www.huntersfriend.eu\/sv\/wp-json\/wp\/v2\/media?parent=288007"}],"wp:term":[{"taxonomy":"product_brand","embeddable":true,"href":"https:\/\/www.huntersfriend.eu\/sv\/wp-json\/wp\/v2\/product_brand?post=288007"},{"taxonomy":"product_cat","embeddable":true,"href":"https:\/\/www.huntersfriend.eu\/sv\/wp-json\/wp\/v2\/product_cat?post=288007"},{"taxonomy":"product_tag","embeddable":true,"href":"https:\/\/www.huntersfriend.eu\/sv\/wp-json\/wp\/v2\/product_tag?post=288007"}],"curies":[{"name":"wp","href":"https:\/\/api.w.org\/{rel}","templated":true}]}}