{"id":288002,"date":"2022-05-23T09:57:47","date_gmt":"2022-05-23T07:57:47","guid":{"rendered":"https:\/\/www.huntersfriend.eu\/product\/scentlok-be1-voyage-jacka-mossy-oak-terra-gila\/"},"modified":"2026-03-03T12:22:21","modified_gmt":"2026-03-03T10:22:21","slug":"scentlok-be1-voyage-jacka-mossy-oak-terra-gila","status":"publish","type":"product","link":"https:\/\/www.huntersfriend.eu\/sv\/produkt\/scentlok-be1-voyage-jacka-mossy-oak-terra-gila\/","title":{"rendered":"Scentlok BE:1 voyage-jacka \u2013 mossy oak Terra Gila"},"content":{"rendered":"<p>F\u00f6rberedelser inf\u00f6r s\u00e4songen och jakten \u00e4r avg\u00f6rande f\u00f6r att lyckas med b\u00e5gskytte, men elitb\u00e5gskyttar vet att f\u00f6rberedelser bara \u00e4r en del av ekvationen. V\u00e4l p\u00e5 plats m\u00e5ste du sm\u00e4lta in i omgivningen, vara bekv\u00e4m f\u00f6r att undvika r\u00f6relser, hoppas att dr\u00f6mbocken aldrig f\u00e5r en antydan till din doft och dra din pilb\u00e5ge utan att g\u00f6ra ett ljud. Det \u00e4r just d\u00e4rf\u00f6r du beh\u00f6ver BE:1 Voyage-kl\u00e4dsystemet \u2013 det m\u00e5ngsidiga systemet f\u00f6r hela s\u00e4songen i ScentLoks Bowhunter Elite:1-serie, en exklusiv serie premiumkl\u00e4der som \u00e4r specialutvecklade f\u00f6r seri\u00f6sa b\u00e5gj\u00e4gare. Dessa plagg kompromissar inte med design, form, funktion och deras f\u00f6rm\u00e5ga att ge b\u00e5gj\u00e4gare alla f\u00f6rdelar.   <\/p>\n<p>BE:1 Voyage-jackan \u00e4r idealisk f\u00f6r tidiga jakter och forts\u00e4tter \u00e4nda fram till brunsten och representerar det f\u00f6rstklassiga system som experj\u00e4gare kan lita p\u00e5 fr\u00e5n soluppg\u00e5ng till solnedg\u00e5ng f\u00f6r att \u00f6ka oddsen till deras f\u00f6rdel. Denna mellanviktiga jacka i ett lager \u00e4r skr\u00e4ddarsydd f\u00f6r enkel r\u00f6relse och r\u00f6rlighet. Det borstade premiumfleecetyget och den stickade insidan \u00e4r d\u00f6dligt tysta samtidigt som de ger den perfekta m\u00e4ngden v\u00e4rme f\u00f6r att s\u00e4kerst\u00e4lla komfort f\u00f6re, under och efter sanningens \u00f6gonblick.  <\/p>\n<p>Liksom alla ScentLok BE:1-kl\u00e4der anv\u00e4nder BE:1 Voyage-jackan avancerade, b\u00e5gskytteanpassade designer, ultratysta tyger och o\u00f6vertr\u00e4ffad ScentLok Carbon Alloy<sup>TM <\/sup>-teknik f\u00f6r maximal luktabsorption. Med en avancerad fukttransporterande behandling f\u00f6r fukthantering och en praktisk design med fyra fickor f\u00f6r att s\u00e4kra utrustning, har den en dold \u00f6ppning f\u00f6r s\u00e4kerhetssele som hj\u00e4lper j\u00e4gare att ytterligare kontrollera sin doft genom att b\u00e4ra selen inuti Voyage:s Carbon Alloy-tyg. Ledade armb\u00e5gar underl\u00e4ttar ett fullt r\u00f6relseomf\u00e5ng, medan avsmalnande \u00e4rmar med l\u00e5gprofilerade Spandex-muddar bibeh\u00e5ller en smal passform p\u00e5 handlederna och underarmarna f\u00f6r smidiga pilsl\u00e4pp. BE:1 Voyage-jackan \u00e4r designad f\u00f6r att sitta hela dagen och finns i tre popul\u00e4ra camouflagem\u00f6nster (plus svart f\u00f6r blinda j\u00e4gare) och i tio storlekar f\u00f6r att matcha alla j\u00e4gares behov och preferenser.   <\/p>\n<div class=\"product-info-main\">\n<div class=\"product-info-middle product-info-top yo\">\n<div class=\"product attribute overview\">\n<div class=\"value\">\n<ul>\n<li><strong>Carbon Alloy\u2122-teknik<\/strong><br \/>\nF\u00f6r maximal luktabsorption och doftkontroll<\/li>\n<li><strong>Fukttransporterande<\/strong><br \/>\nH\u00e5ller dig sval och torr<\/li>\n<li><strong>Premiumfleecetyg<\/strong><br \/>\nH\u00e5ller dig varm och d\u00f6dligt tyst<\/li>\n<li><strong>Design med fyra fickor<\/strong><br \/>\nF\u00f6r att h\u00e5lla din viktiga utrustning s\u00e4ker och tillg\u00e4nglig<\/li>\n<li><strong>Dold \u00f6ppning f\u00f6r s\u00e4kerhetssele<\/strong><br \/>\nL\u00e5ter Carbon Alloy kontrollera lukter p\u00e5 selen<\/li>\n<li><strong>Ledade armb\u00e5gar<\/strong><br \/>\nF\u00f6r ett \u00f6verl\u00e4gset r\u00f6relseomf\u00e5ng och komfort<\/li>\n<li><strong>Avsmalnande \u00e4rmar med spandexmuddar och dragkedjor<\/strong><br \/>\nGer minskad bulk och obehindrat drag<\/li>\n<\/ul>\n<p>&nbsp;<\/p>\n<\/div>\n<\/div>\n<\/div>\n<\/div>\n","protected":false},"excerpt":{"rendered":"<p>Scentlok BE:1 Voyage-jacka \u2013 Mossy Oak Terra Gila<\/p>\n<p><a href=\"https:\/\/www.huntersfriend.eu\/app\/uploads\/2022\/05\/Scentlok-kokoataulukko.jpg\"><strong>Storlekstabell<\/strong><\/a><\/p>\n","protected":false},"featured_media":230169,"comment_status":"open","ping_status":"closed","template":"","meta":[],"product_brand":[],"product_cat":[2765,2741],"product_tag":[],"class_list":{"0":"post-288002","1":"product","2":"type-product","3":"status-publish","4":"has-post-thumbnail","6":"product_cat-fyndlada-slutrea","7":"product_cat-jackor","9":"first","10":"instock","11":"sale","12":"taxable","13":"shipping-taxable","14":"purchasable","15":"product-type-variable"},"composite_virtual":false,"composite_layout":"","composite_add_to_cart_form_location":"","composite_editable_in_cart":false,"composite_sold_individually_context":"","composite_shop_price_calc":"","composite_components":[],"composite_scenarios":[],"group_of_quantity":0,"min_quantity":0,"max_quantity":"","exclude_order_quantity_value_rules":"no","exclude_category_quantity_rules":"no","combine_variations":"no","exclude_global_add_ons":[],"addons":[],"_links":{"self":[{"href":"https:\/\/www.huntersfriend.eu\/sv\/wp-json\/wp\/v2\/product\/288002","targetHints":{"allow":["GET"]}}],"collection":[{"href":"https:\/\/www.huntersfriend.eu\/sv\/wp-json\/wp\/v2\/product"}],"about":[{"href":"https:\/\/www.huntersfriend.eu\/sv\/wp-json\/wp\/v2\/types\/product"}],"replies":[{"embeddable":true,"href":"https:\/\/www.huntersfriend.eu\/sv\/wp-json\/wp\/v2\/comments?post=288002"}],"wp:featuredmedia":[{"embeddable":true,"href":"https:\/\/www.huntersfriend.eu\/sv\/wp-json\/wp\/v2\/media\/230169"}],"wp:attachment":[{"href":"https:\/\/www.huntersfriend.eu\/sv\/wp-json\/wp\/v2\/media?parent=288002"}],"wp:term":[{"taxonomy":"product_brand","embeddable":true,"href":"https:\/\/www.huntersfriend.eu\/sv\/wp-json\/wp\/v2\/product_brand?post=288002"},{"taxonomy":"product_cat","embeddable":true,"href":"https:\/\/www.huntersfriend.eu\/sv\/wp-json\/wp\/v2\/product_cat?post=288002"},{"taxonomy":"product_tag","embeddable":true,"href":"https:\/\/www.huntersfriend.eu\/sv\/wp-json\/wp\/v2\/product_tag?post=288002"}],"curies":[{"name":"wp","href":"https:\/\/api.w.org\/{rel}","templated":true}]}}