{"id":287997,"date":"2022-05-24T06:29:56","date_gmt":"2022-05-24T04:29:56","guid":{"rendered":"https:\/\/www.huntersfriend.eu\/product\/sitka-stratus-hangselbyxa-optifade-elevated-ii\/"},"modified":"2025-08-27T11:02:37","modified_gmt":"2025-08-27T09:02:37","slug":"sitka-stratus-hangselbyxa-optifade-elevated-ii","status":"publish","type":"product","link":"https:\/\/www.huntersfriend.eu\/sv\/produkt\/sitka-stratus-hangselbyxa-optifade-elevated-ii\/","title":{"rendered":"SITKA Stratus-h\u00e4ngselbyxa (Optifade Elevated II)"},"content":{"rendered":"<p>Stratus-h\u00e4ngselbyxan \u00e4r konstruerad f\u00f6r de varierande v\u00e4derf\u00f6rh\u00e5llanden som r\u00e5der under hela s\u00e4songen f\u00f6r vitsvanshjort och \u00e4r 100 % vindt\u00e4t och d\u00f6dligt tyst. GORE-TEX INFINIUM med WINDSTOPPER\u00ae-membran \u00e4r placerat mellan ett tyst mikrofleeceskal och en varm, ventilerande mikron\u00e4t-fleeceinsida som ger vindt\u00e4t v\u00e4rme under de bl\u00e5sigaste dagarna. Sidodragkedjor i full l\u00e4ngd g\u00f6r det enkelt att ta av och p\u00e5 byxorna och ger ett snabbt s\u00e4tt att sl\u00e4ppa ut v\u00e4rme i och utanf\u00f6r passet. L\u00e5gprofiljusterbara h\u00e4ngslen utan sp\u00e4nne och tysta lastfickor med tryckknappar ger enkel \u00e5tkomst till det viktigaste i sittande l\u00e4ge.   <\/p>\n<ul class=\"HeroSpecs__list\">\n<li>\n<p class=\"Hero-desc\"><strong>GORE\u2122 OPTIFADE\u2122 Concealment Elevated II<\/strong> \u00e4r designad f\u00f6r vitsvansj\u00e4gare i upph\u00f6jd position.<\/p>\n<\/li>\n<li>\n<p class=\"Hero-desc\"><strong>Material:<\/strong> GORE-TEX INFINIUM\u2122 med WINDSTOPPER\u2122-teknik, stickad framsida i polyester-mikrofleece, stickad insida i polyester-mikron\u00e4tfleece<\/p>\n<\/li>\n<li>\n<p class=\"Hero-desc\"><strong>Sidodragkedjor i full l\u00e4ngd:<\/strong> G\u00f6r det enkelt att ta av och p\u00e5 byxorna och g\u00f6r att du enkelt kan sl\u00e4ppa ut v\u00e4rme i och utanf\u00f6r passet.<\/p>\n<\/li>\n<li>\n<p class=\"Hero-desc\"><strong>Lastfickor:<\/strong> Strategiskt placerade tysta lastfickor med tryckknappar \u00e4r placerade f\u00f6r enkel \u00e5tkomst fr\u00e5n sittande l\u00e4ge.<\/p>\n<\/li>\n<li>\n<p class=\"Hero-desc\"><strong>H\u00f6ga handfickor:<\/strong> H\u00f6ga handv\u00e4rmarfickor ger enkel och tyst \u00e5tkomst fr\u00e5n sidan av h\u00e4ngselbyxan f\u00f6r att h\u00e5lla fingrarna varma och redo.<\/p>\n<\/li>\n<li>\n<p class=\"Hero-desc\"><strong>Justerbara h\u00e4ngslen utan sp\u00e4nne:<\/strong> Elastiska uretanh\u00e4ngslen justeras utan sp\u00e4nnen som kan orsaka tryckpunkter eller st\u00f6ra ett gev\u00e4r eller en pilb\u00e5ge.<\/p>\n<\/li>\n<li>\n<p class=\"Hero-desc\"><strong>Slitstark vattenavvisande<\/strong> finish som motst\u00e5r l\u00e4tt nederb\u00f6rd och f\u00f6rhindrar att tyget p\u00e5 framsidan blir bl\u00f6tt.<\/p>\n<\/li>\n<li>\n<p class=\"Hero-desc\"><strong>GORE-TEX INFINIUM\u2122 med WINDSTOPPER\u00ae:<\/strong> Erbjuder komplett vindt\u00e4tt skydd genom ett slitstarkt, l\u00e4tt och ventilerande membran.<\/p>\n<\/li>\n<\/ul>\n<p><a href=\"https:\/\/www.huntersfriend.eu\/app\/uploads\/2022\/05\/Sitka-miesten-kokoatulukko.jpg\"><img decoding=\"async\" class=\"alignnone wp-image-231001 size-medium\" src=\"https:\/\/www.huntersfriend.eu\/app\/uploads\/2022\/05\/Sitka-miesten-kokoatulukko-600x371.jpg\" alt=\"\" width=\"600\" height=\"371\" srcset=\"https:\/\/www.huntersfriend.eu\/app\/uploads\/2022\/05\/Sitka-miesten-kokoatulukko-600x371.jpg 600w, https:\/\/www.huntersfriend.eu\/app\/uploads\/2022\/05\/Sitka-miesten-kokoatulukko-768x475.jpg 768w, https:\/\/www.huntersfriend.eu\/app\/uploads\/2022\/05\/Sitka-miesten-kokoatulukko-300x186.jpg 300w, https:\/\/www.huntersfriend.eu\/app\/uploads\/2022\/05\/Sitka-miesten-kokoatulukko-200x124.jpg 200w, https:\/\/www.huntersfriend.eu\/app\/uploads\/2022\/05\/Sitka-miesten-kokoatulukko-97x60.jpg 97w, https:\/\/www.huntersfriend.eu\/app\/uploads\/2022\/05\/Sitka-miesten-kokoatulukko-146x90.jpg 146w, https:\/\/www.huntersfriend.eu\/app\/uploads\/2022\/05\/Sitka-miesten-kokoatulukko.jpg 970w\" sizes=\"(max-width: 600px) 100vw, 600px\" \/><\/a><\/p>\n","protected":false},"excerpt":{"rendered":"<p>Varma jakt-h\u00e4ngselbyxor designade speciellt f\u00f6r jakt fr\u00e5n tr\u00e4dstam<\/p>\n<p><a href=\"https:\/\/www.huntersfriend.eu\/app\/uploads\/2022\/05\/Sitka-miesten-kokoatulukko.jpg\"><strong>Storlekstabell<\/strong><\/a><\/p>\n","protected":false},"featured_media":230161,"comment_status":"open","ping_status":"closed","template":"","meta":[],"product_brand":[],"product_cat":[878],"product_tag":[],"class_list":{"0":"post-287997","1":"product","2":"type-product","3":"status-publish","4":"has-post-thumbnail","6":"product_cat-uncategorized-sv","8":"first","9":"outofstock","10":"sale","11":"taxable","12":"shipping-taxable","13":"purchasable","14":"product-type-variable"},"composite_virtual":false,"composite_layout":"","composite_add_to_cart_form_location":"","composite_editable_in_cart":false,"composite_sold_individually_context":"","composite_shop_price_calc":"","composite_components":[],"composite_scenarios":[],"group_of_quantity":0,"min_quantity":0,"max_quantity":"","exclude_order_quantity_value_rules":"no","exclude_category_quantity_rules":"no","combine_variations":"no","exclude_global_add_ons":[],"addons":[],"_links":{"self":[{"href":"https:\/\/www.huntersfriend.eu\/sv\/wp-json\/wp\/v2\/product\/287997","targetHints":{"allow":["GET"]}}],"collection":[{"href":"https:\/\/www.huntersfriend.eu\/sv\/wp-json\/wp\/v2\/product"}],"about":[{"href":"https:\/\/www.huntersfriend.eu\/sv\/wp-json\/wp\/v2\/types\/product"}],"replies":[{"embeddable":true,"href":"https:\/\/www.huntersfriend.eu\/sv\/wp-json\/wp\/v2\/comments?post=287997"}],"wp:featuredmedia":[{"embeddable":true,"href":"https:\/\/www.huntersfriend.eu\/sv\/wp-json\/wp\/v2\/media\/230161"}],"wp:attachment":[{"href":"https:\/\/www.huntersfriend.eu\/sv\/wp-json\/wp\/v2\/media?parent=287997"}],"wp:term":[{"taxonomy":"product_brand","embeddable":true,"href":"https:\/\/www.huntersfriend.eu\/sv\/wp-json\/wp\/v2\/product_brand?post=287997"},{"taxonomy":"product_cat","embeddable":true,"href":"https:\/\/www.huntersfriend.eu\/sv\/wp-json\/wp\/v2\/product_cat?post=287997"},{"taxonomy":"product_tag","embeddable":true,"href":"https:\/\/www.huntersfriend.eu\/sv\/wp-json\/wp\/v2\/product_tag?post=287997"}],"curies":[{"name":"wp","href":"https:\/\/api.w.org\/{rel}","templated":true}]}}