{"id":287994,"date":"2022-05-24T09:24:33","date_gmt":"2022-05-24T07:24:33","guid":{"rendered":"https:\/\/www.huntersfriend.eu\/product\/sitka-fanatic-ws-mossa-optifade-elevated-ii\/"},"modified":"2026-02-25T10:36:14","modified_gmt":"2026-02-25T08:36:14","slug":"sitka-fanatic-ws-mossa-optifade-elevated-ii","status":"publish","type":"product","link":"https:\/\/www.huntersfriend.eu\/sv\/produkt\/sitka-fanatic-ws-mossa-optifade-elevated-ii\/","title":{"rendered":"SITKA Fanatic WS-m\u00f6ssa Optifade Elevated II"},"content":{"rendered":"<p>Fanatic-m\u00f6ssan erbjuder j\u00e4gare det ultimata inom v\u00e4rme och tystnad f\u00f6r kyliga jakter fr\u00e5n tr\u00e4dstammar med GORE-TEX INFINIUM\u2122 WINDSTOPPER\u00ae-teknik, PrimaLoft-isolering och akustiska h\u00f6rselportar f\u00f6r att h\u00f6ra r\u00e5djur n\u00e4rma sig tidigare.<\/p>\n","protected":false},"excerpt":{"rendered":"<p>Ultravarm m\u00f6ssa f\u00f6r extrema f\u00f6rh\u00e5llanden.<\/p>\n","protected":false},"featured_media":230244,"comment_status":"open","ping_status":"closed","template":"","meta":[],"product_brand":[],"product_cat":[2716],"product_tag":[],"class_list":{"0":"post-287994","1":"product","2":"type-product","3":"status-publish","4":"has-post-thumbnail","6":"product_cat-hattar-och-huvudbonader","8":"first","9":"outofstock","10":"taxable","11":"shipping-taxable","12":"purchasable","13":"product-type-variable"},"composite_virtual":false,"composite_layout":"","composite_add_to_cart_form_location":"","composite_editable_in_cart":false,"composite_sold_individually_context":"","composite_shop_price_calc":"","composite_components":[],"composite_scenarios":[],"group_of_quantity":0,"min_quantity":0,"max_quantity":"","exclude_order_quantity_value_rules":"no","exclude_category_quantity_rules":"no","combine_variations":"no","exclude_global_add_ons":[],"addons":[],"_links":{"self":[{"href":"https:\/\/www.huntersfriend.eu\/sv\/wp-json\/wp\/v2\/product\/287994","targetHints":{"allow":["GET"]}}],"collection":[{"href":"https:\/\/www.huntersfriend.eu\/sv\/wp-json\/wp\/v2\/product"}],"about":[{"href":"https:\/\/www.huntersfriend.eu\/sv\/wp-json\/wp\/v2\/types\/product"}],"replies":[{"embeddable":true,"href":"https:\/\/www.huntersfriend.eu\/sv\/wp-json\/wp\/v2\/comments?post=287994"}],"wp:featuredmedia":[{"embeddable":true,"href":"https:\/\/www.huntersfriend.eu\/sv\/wp-json\/wp\/v2\/media\/230244"}],"wp:attachment":[{"href":"https:\/\/www.huntersfriend.eu\/sv\/wp-json\/wp\/v2\/media?parent=287994"}],"wp:term":[{"taxonomy":"product_brand","embeddable":true,"href":"https:\/\/www.huntersfriend.eu\/sv\/wp-json\/wp\/v2\/product_brand?post=287994"},{"taxonomy":"product_cat","embeddable":true,"href":"https:\/\/www.huntersfriend.eu\/sv\/wp-json\/wp\/v2\/product_cat?post=287994"},{"taxonomy":"product_tag","embeddable":true,"href":"https:\/\/www.huntersfriend.eu\/sv\/wp-json\/wp\/v2\/product_tag?post=287994"}],"curies":[{"name":"wp","href":"https:\/\/api.w.org\/{rel}","templated":true}]}}