{"id":287993,"date":"2022-05-24T10:04:58","date_gmt":"2022-05-24T08:04:58","guid":{"rendered":"https:\/\/www.huntersfriend.eu\/product\/penthalon-speed-insert\/"},"modified":"2025-08-27T11:01:56","modified_gmt":"2025-08-27T09:01:56","slug":"penthalon-speed-insert","status":"publish","type":"product","link":"https:\/\/www.huntersfriend.eu\/sv\/produkt\/penthalon-speed-insert\/","title":{"rendered":"Penthalon speed insert"},"content":{"rendered":"<p>Denna korta och l\u00e4tta insert \u00e4r tillverkad av h\u00f6gkvalitativt aluminium och passar perfekt i v\u00e5ra Penthalon kolfiberskaft fr\u00e5n Hunter-serien.<\/p>\n<ul>\n<li><strong>Material:<\/strong> F\u00f6rsta klassens aluminium<\/li>\n<li><strong>Vikt:<\/strong> 15,2 gr.<\/li>\n<li><strong>Kvalitet:<\/strong> Tillverkad i Tyskland<\/li>\n<li>Penthalon Speed inserts passar kolfiberpilar med en ID p\u00e5 0,246 tum<\/li>\n<\/ul>\n","protected":false},"excerpt":{"rendered":"<p>Denna korta och l\u00e4tta insert \u00e4r tillverkad av h\u00f6gkvalitativt aluminium och passar perfekt i v\u00e5ra Penthalon kolfiberskaft fr\u00e5n Hunter-serien. Material: F\u00f6rsta klassens aluminium Vikt: 15,2 gr. Kvalitet: Tillverkad i Tyskland Penthalon Speed inserts passar kolfiberpilar med en ID p\u00e5 0,246 tum<\/p>\n","protected":false},"featured_media":231832,"comment_status":"open","ping_status":"closed","template":"","meta":[],"product_brand":[],"product_cat":[878],"product_tag":[],"class_list":{"0":"post-287993","1":"product","2":"type-product","3":"status-publish","4":"has-post-thumbnail","6":"product_cat-uncategorized-sv","8":"first","9":"outofstock","10":"taxable","11":"shipping-taxable","12":"purchasable","13":"product-type-simple"},"composite_virtual":false,"composite_layout":"","composite_add_to_cart_form_location":"","composite_editable_in_cart":false,"composite_sold_individually_context":"","composite_shop_price_calc":"","composite_components":[],"composite_scenarios":[],"group_of_quantity":0,"min_quantity":0,"max_quantity":"","exclude_order_quantity_value_rules":"no","exclude_category_quantity_rules":"no","combine_variations":"no","exclude_global_add_ons":[],"addons":[],"_links":{"self":[{"href":"https:\/\/www.huntersfriend.eu\/sv\/wp-json\/wp\/v2\/product\/287993","targetHints":{"allow":["GET"]}}],"collection":[{"href":"https:\/\/www.huntersfriend.eu\/sv\/wp-json\/wp\/v2\/product"}],"about":[{"href":"https:\/\/www.huntersfriend.eu\/sv\/wp-json\/wp\/v2\/types\/product"}],"replies":[{"embeddable":true,"href":"https:\/\/www.huntersfriend.eu\/sv\/wp-json\/wp\/v2\/comments?post=287993"}],"wp:featuredmedia":[{"embeddable":true,"href":"https:\/\/www.huntersfriend.eu\/sv\/wp-json\/wp\/v2\/media\/231832"}],"wp:attachment":[{"href":"https:\/\/www.huntersfriend.eu\/sv\/wp-json\/wp\/v2\/media?parent=287993"}],"wp:term":[{"taxonomy":"product_brand","embeddable":true,"href":"https:\/\/www.huntersfriend.eu\/sv\/wp-json\/wp\/v2\/product_brand?post=287993"},{"taxonomy":"product_cat","embeddable":true,"href":"https:\/\/www.huntersfriend.eu\/sv\/wp-json\/wp\/v2\/product_cat?post=287993"},{"taxonomy":"product_tag","embeddable":true,"href":"https:\/\/www.huntersfriend.eu\/sv\/wp-json\/wp\/v2\/product_tag?post=287993"}],"curies":[{"name":"wp","href":"https:\/\/api.w.org\/{rel}","templated":true}]}}