{"id":287989,"date":"2022-05-24T14:17:53","date_gmt":"2022-05-24T12:17:53","guid":{"rendered":"https:\/\/www.huntersfriend.eu\/product\/sitka-dam-bergsjacka-optifade-subalpine\/"},"modified":"2025-08-27T11:01:54","modified_gmt":"2025-08-27T09:01:54","slug":"sitka-dam-bergsjacka-optifade-subalpine","status":"publish","type":"product","link":"https:\/\/www.huntersfriend.eu\/sv\/produkt\/sitka-dam-bergsjacka-optifade-subalpine\/","title":{"rendered":"SITKA dam-bergsjacka (optifade subalpine)"},"content":{"rendered":"<p>Denna m\u00e5ngsidiga bergsjacka har en uppdaterad tv\u00e5v\u00e4gsstretch och en d\u00f6dligt tyst borstad polyesteryta \u00f6ver 3-lagers GORE-TEX INFINIUM\u2122 med WINDSTOPPER\u00ae Form Fit-teknologi. Kombinationen ger ett om\u00e4rkligt l\u00e4tt och extra slitstarkt skydd under bl\u00e5siga dagar och i l\u00e4tt nederb\u00f6rd, vilket g\u00f6r Mountain Jacket till ett m\u00e5ste under st\u00f6rre delen av s\u00e4songen. Den dragkedjef\u00f6rsedda br\u00f6stfickan ger en s\u00e4ker plats f\u00f6r n\u00f6dv\u00e4ndigheter, och tv\u00e5 dragkedjef\u00f6rsedda handfickor \u00e4r utformade f\u00f6r att passa ovanf\u00f6r ett ryggs\u00e4cks midjeb\u00e4lte utan att klumpa sig n\u00e4r du b\u00e4r en tung packning.  <\/p>\n<ul class=\"HeroSpecs__list\">\n<li>\n<p class=\"Hero-desc\"><strong>GORE\u2122 OPTIFADE\u2122 Concealment Subalpine<\/strong> \u00e4r designad f\u00f6r att f\u00f6rf\u00f6lja och \u00f6verfalla hovdjur fr\u00e5n markniv\u00e5 i tr\u00e4dbevuxen och vegeterad terr\u00e4ng.<\/p>\n<\/li>\n<li>\n<p class=\"Hero-desc\"><strong>Vikt:<\/strong> 396 g \/\/ Storlek: M<\/p>\n<\/li>\n<li>\n<p class=\"Hero-desc\"><strong>Material:<\/strong> 3-lagers GORE-TEX INFINIUM\u2122 med WINDSTOPPER\u00ae Form Fit-teknologi, borstad polyesteryta och borstad trik\u00e5interi\u00f6r i polyester.<\/p>\n<\/li>\n<li>\n<p class=\"Hero-desc\"><strong>Slitstark vattenavvisande<\/strong> finish som motst\u00e5r l\u00e4tt nederb\u00f6rd och f\u00f6rhindrar att tyget p\u00e5 framsidan blir bl\u00f6tt.<\/p>\n<\/li>\n<li>\n<p class=\"Hero-desc\"><strong>Dragkedjef\u00f6rsedd br\u00f6stficka:<\/strong> F\u00f6rvara din telefon s\u00e4kert fr\u00e5n v\u00e4der och vind samtidigt som den \u00e4r l\u00e4ttillg\u00e4nglig.<\/p>\n<\/li>\n<li>\n<p class=\"Hero-desc\"><strong>Borstad trik\u00e5interi\u00f6r i polyester:<\/strong> Superl\u00e4tt och extremt slitstark.<\/p>\n<\/li>\n<li>\n<p class=\"Hero-desc\"><strong>Tv\u00e5 dragkedjef\u00f6rsedda handfickor:<\/strong> Specifikt placerade f\u00f6r optimal funktionalitet n\u00e4r du b\u00e4r en tung packning.<\/p>\n<\/li>\n<li>\n<p class=\"Hero-desc\"><strong>GORE-TEX INFINIUM\u2122 med WINDSTOPPER\u00ae:<\/strong> Erbjuder komplett vindt\u00e4tt skydd genom ett slitstarkt, l\u00e4tt och ventilerande membran.<\/p>\n<\/li>\n<\/ul>\n<p><a href=\"https:\/\/www.huntersfriend.eu\/app\/uploads\/2022\/05\/Sitka-naisten-kokoatulukko.jpg\"><img decoding=\"async\" class=\"alignnone wp-image-230994 size-medium\" src=\"https:\/\/www.huntersfriend.eu\/app\/uploads\/2022\/05\/Sitka-naisten-kokoatulukko-600x381.jpg\" alt=\"\" width=\"600\" height=\"381\" srcset=\"https:\/\/www.huntersfriend.eu\/app\/uploads\/2022\/05\/Sitka-naisten-kokoatulukko-600x381.jpg 600w, https:\/\/www.huntersfriend.eu\/app\/uploads\/2022\/05\/Sitka-naisten-kokoatulukko-1024x651.jpg 1024w, https:\/\/www.huntersfriend.eu\/app\/uploads\/2022\/05\/Sitka-naisten-kokoatulukko-768x488.jpg 768w, https:\/\/www.huntersfriend.eu\/app\/uploads\/2022\/05\/Sitka-naisten-kokoatulukko-300x191.jpg 300w, https:\/\/www.huntersfriend.eu\/app\/uploads\/2022\/05\/Sitka-naisten-kokoatulukko-200x127.jpg 200w, https:\/\/www.huntersfriend.eu\/app\/uploads\/2022\/05\/Sitka-naisten-kokoatulukko-94x60.jpg 94w, https:\/\/www.huntersfriend.eu\/app\/uploads\/2022\/05\/Sitka-naisten-kokoatulukko-142x90.jpg 142w, https:\/\/www.huntersfriend.eu\/app\/uploads\/2022\/05\/Sitka-naisten-kokoatulukko.jpg 1275w\" sizes=\"(max-width: 600px) 100vw, 600px\" \/><\/a><\/p>\n","protected":false},"excerpt":{"rendered":"<p>L\u00e4tt damjaktjacka f\u00f6r tidig s\u00e4song.<\/p>\n<p><a href=\"https:\/\/www.huntersfriend.eu\/app\/uploads\/2022\/05\/Sitka-naisten-kokoatulukko.jpg\"><strong>Storlekstabell<\/strong><\/a><\/p>\n","protected":false},"featured_media":230420,"comment_status":"open","ping_status":"closed","template":"","meta":[],"product_brand":[],"product_cat":[2710],"product_tag":[],"class_list":{"0":"post-287989","1":"product","2":"type-product","3":"status-publish","4":"has-post-thumbnail","6":"product_cat-jaktklader-for-dam","8":"first","9":"instock","10":"taxable","11":"shipping-taxable","12":"purchasable","13":"product-type-variable"},"composite_virtual":false,"composite_layout":"","composite_add_to_cart_form_location":"","composite_editable_in_cart":false,"composite_sold_individually_context":"","composite_shop_price_calc":"","composite_components":[],"composite_scenarios":[],"group_of_quantity":0,"min_quantity":0,"max_quantity":"","exclude_order_quantity_value_rules":"no","exclude_category_quantity_rules":"no","combine_variations":"no","exclude_global_add_ons":[],"addons":[],"_links":{"self":[{"href":"https:\/\/www.huntersfriend.eu\/sv\/wp-json\/wp\/v2\/product\/287989","targetHints":{"allow":["GET"]}}],"collection":[{"href":"https:\/\/www.huntersfriend.eu\/sv\/wp-json\/wp\/v2\/product"}],"about":[{"href":"https:\/\/www.huntersfriend.eu\/sv\/wp-json\/wp\/v2\/types\/product"}],"replies":[{"embeddable":true,"href":"https:\/\/www.huntersfriend.eu\/sv\/wp-json\/wp\/v2\/comments?post=287989"}],"wp:featuredmedia":[{"embeddable":true,"href":"https:\/\/www.huntersfriend.eu\/sv\/wp-json\/wp\/v2\/media\/230420"}],"wp:attachment":[{"href":"https:\/\/www.huntersfriend.eu\/sv\/wp-json\/wp\/v2\/media?parent=287989"}],"wp:term":[{"taxonomy":"product_brand","embeddable":true,"href":"https:\/\/www.huntersfriend.eu\/sv\/wp-json\/wp\/v2\/product_brand?post=287989"},{"taxonomy":"product_cat","embeddable":true,"href":"https:\/\/www.huntersfriend.eu\/sv\/wp-json\/wp\/v2\/product_cat?post=287989"},{"taxonomy":"product_tag","embeddable":true,"href":"https:\/\/www.huntersfriend.eu\/sv\/wp-json\/wp\/v2\/product_tag?post=287989"}],"curies":[{"name":"wp","href":"https:\/\/api.w.org\/{rel}","templated":true}]}}