{"id":287975,"date":"2022-05-24T14:17:56","date_gmt":"2022-05-24T12:17:56","guid":{"rendered":"https:\/\/www.huntersfriend.eu\/product\/sitka-cloudburst-byxa-for-dam-optifade-subalpine\/"},"modified":"2025-08-27T11:01:36","modified_gmt":"2025-08-27T09:01:36","slug":"sitka-cloudburst-byxa-for-dam-optifade-subalpine","status":"publish","type":"product","link":"https:\/\/www.huntersfriend.eu\/sv\/produkt\/sitka-cloudburst-byxa-for-dam-optifade-subalpine\/","title":{"rendered":"SITKA Cloudburst-byxa f\u00f6r dam (Optifade Subalpine)"},"content":{"rendered":"<p>F\u00e5 komplett skydd mot stormen i ett extremt l\u00e4tt paket som tar minimalt med plats i din packning. Den vattent\u00e4ta Cloudburst-byxan f\u00f6r dam \u00e4r tillverkad av 3-lagers GORE-TEX-material, s\u00e5 du vet att du kan lita p\u00e5 den. Den \u00e4r ocks\u00e5 ventilerande, vilket inneb\u00e4r att du inte f\u00e5r den d\u00e4r klibbiga k\u00e4nslan p\u00e5 benen, \u00e4ven om du svettas n\u00e4r du vandrar i bergen. En ledad passform med tv\u00e5v\u00e4gsstretch f\u00f6rb\u00e4ttrar ditt r\u00f6relseomf\u00e5ng, medan sidodragkedjor i full l\u00e4ngd g\u00f6r det enkelt att ta av och p\u00e5 byxorna utan att ta av dig st\u00f6vlarna.   <\/p>\n<ul class=\"HeroSpecs__list\">\n<li>\n<p class=\"Hero-desc\"><strong>GORE\u2122 OPTIFADE\u2122 Concealment Subalpine<\/strong> \u00e4r designad f\u00f6r att f\u00f6rf\u00f6lja och \u00f6verfalla hovdjur fr\u00e5n markniv\u00e5 i tr\u00e4dbevuxen och vegeterad terr\u00e4ng.<\/p>\n<\/li>\n<li>\n<p class=\"Hero-desc\"><strong>GORE-TEX<\/strong> vattent\u00e4tt\/ventilerande material hj\u00e4lper dig att h\u00e5lla dig bekv\u00e4m och fokuserad.<\/p>\n<\/li>\n<li>\n<p class=\"Hero-desc\"><strong>GORE-TEX 3-lagers<\/strong> material med tv\u00e5v\u00e4gsstretch.<\/p>\n<\/li>\n<li>\n<p class=\"Hero-desc\"><strong>Sidodragkedjor i full l\u00e4ngd<\/strong> ventilerar f\u00f6r att sl\u00e4ppa ut v\u00e4rme och g\u00f6r det enkelt att ta av och p\u00e5 byxorna med st\u00f6vlarna p\u00e5. Mikrotejpade s\u00f6mmar f\u00f6r v\u00e4derskydd med minimal bulk.<\/p>\n<\/li>\n<li>\n<p class=\"Hero-desc\"><strong>Mikrotejpade s\u00f6mmar<\/strong> f\u00f6r v\u00e4derskydd med minimal bulk<\/p>\n<\/li>\n<li>\n<p class=\"Hero-desc\"><strong>Atletisk, ledad passform<\/strong> minskar ihopklumpning och skav medan du \u00e4r i r\u00f6relse. Tv\u00e5v\u00e4gsstretchmaterial ger ett brett, bekv\u00e4mt r\u00f6relseomf\u00e5ng.<\/p>\n<\/li>\n<li>\n<p class=\"Hero-desc\"><strong>Tv\u00e5v\u00e4gsstretch<\/strong> material ger ett brett, bekv\u00e4mt r\u00f6relseomf\u00e5ng<\/p>\n<\/li>\n<li>\n<p class=\"Hero-desc\"><strong>Justerbart<\/strong> nylonband.<\/p>\n<\/li>\n<li>\n<p class=\"Hero-desc\"><strong>Vikt:<\/strong> 411 g \/\/ Storlek: L<\/p>\n<\/li>\n<\/ul>\n<p><a href=\"https:\/\/www.huntersfriend.eu\/app\/uploads\/2022\/05\/Sitka-naisten-kokoatulukko.jpg\"><img decoding=\"async\" class=\"alignnone wp-image-230994 size-medium\" src=\"https:\/\/www.huntersfriend.eu\/app\/uploads\/2022\/05\/Sitka-naisten-kokoatulukko-600x381.jpg\" alt=\"\" width=\"600\" height=\"381\" srcset=\"https:\/\/www.huntersfriend.eu\/app\/uploads\/2022\/05\/Sitka-naisten-kokoatulukko-600x381.jpg 600w, https:\/\/www.huntersfriend.eu\/app\/uploads\/2022\/05\/Sitka-naisten-kokoatulukko-1024x651.jpg 1024w, https:\/\/www.huntersfriend.eu\/app\/uploads\/2022\/05\/Sitka-naisten-kokoatulukko-768x488.jpg 768w, https:\/\/www.huntersfriend.eu\/app\/uploads\/2022\/05\/Sitka-naisten-kokoatulukko-300x191.jpg 300w, https:\/\/www.huntersfriend.eu\/app\/uploads\/2022\/05\/Sitka-naisten-kokoatulukko-200x127.jpg 200w, https:\/\/www.huntersfriend.eu\/app\/uploads\/2022\/05\/Sitka-naisten-kokoatulukko-94x60.jpg 94w, https:\/\/www.huntersfriend.eu\/app\/uploads\/2022\/05\/Sitka-naisten-kokoatulukko-142x90.jpg 142w, https:\/\/www.huntersfriend.eu\/app\/uploads\/2022\/05\/Sitka-naisten-kokoatulukko.jpg 1275w\" sizes=\"(max-width: 600px) 100vw, 600px\" \/><\/a><\/p>\n","protected":false},"excerpt":{"rendered":"<p>Vattent\u00e4ta jaktbyxor f\u00f6r dam.<\/p>\n<p><strong><a href=\"https:\/\/www.huntersfriend.eu\/app\/uploads\/2022\/05\/Sitka-naisten-kokoatulukko.jpg\">Storlekstabell<\/a><\/strong><\/p>\n","protected":false},"featured_media":230453,"comment_status":"open","ping_status":"closed","template":"","meta":[],"product_brand":[],"product_cat":[2710],"product_tag":[],"class_list":{"0":"post-287975","1":"product","2":"type-product","3":"status-publish","4":"has-post-thumbnail","6":"product_cat-jaktklader-for-dam","8":"first","9":"outofstock","10":"taxable","11":"shipping-taxable","12":"purchasable","13":"product-type-variable"},"composite_virtual":false,"composite_layout":"","composite_add_to_cart_form_location":"","composite_editable_in_cart":false,"composite_sold_individually_context":"","composite_shop_price_calc":"","composite_components":[],"composite_scenarios":[],"group_of_quantity":0,"min_quantity":0,"max_quantity":"","exclude_order_quantity_value_rules":"no","exclude_category_quantity_rules":"no","combine_variations":"no","exclude_global_add_ons":[],"addons":[],"_links":{"self":[{"href":"https:\/\/www.huntersfriend.eu\/sv\/wp-json\/wp\/v2\/product\/287975","targetHints":{"allow":["GET"]}}],"collection":[{"href":"https:\/\/www.huntersfriend.eu\/sv\/wp-json\/wp\/v2\/product"}],"about":[{"href":"https:\/\/www.huntersfriend.eu\/sv\/wp-json\/wp\/v2\/types\/product"}],"replies":[{"embeddable":true,"href":"https:\/\/www.huntersfriend.eu\/sv\/wp-json\/wp\/v2\/comments?post=287975"}],"wp:featuredmedia":[{"embeddable":true,"href":"https:\/\/www.huntersfriend.eu\/sv\/wp-json\/wp\/v2\/media\/230453"}],"wp:attachment":[{"href":"https:\/\/www.huntersfriend.eu\/sv\/wp-json\/wp\/v2\/media?parent=287975"}],"wp:term":[{"taxonomy":"product_brand","embeddable":true,"href":"https:\/\/www.huntersfriend.eu\/sv\/wp-json\/wp\/v2\/product_brand?post=287975"},{"taxonomy":"product_cat","embeddable":true,"href":"https:\/\/www.huntersfriend.eu\/sv\/wp-json\/wp\/v2\/product_cat?post=287975"},{"taxonomy":"product_tag","embeddable":true,"href":"https:\/\/www.huntersfriend.eu\/sv\/wp-json\/wp\/v2\/product_tag?post=287975"}],"curies":[{"name":"wp","href":"https:\/\/api.w.org\/{rel}","templated":true}]}}