{"id":287958,"date":"2022-05-25T15:29:48","date_gmt":"2022-05-25T13:29:48","guid":{"rendered":"https:\/\/www.huntersfriend.eu\/product\/meindl-island-mfs-active-2\/"},"modified":"2025-08-27T11:01:32","modified_gmt":"2025-08-27T09:01:32","slug":"meindl-island-mfs-active-2","status":"publish","type":"product","link":"https:\/\/www.huntersfriend.eu\/sv\/produkt\/meindl-island-mfs-active-2\/","title":{"rendered":"Meindl Island MFS active"},"content":{"rendered":"<p>Klassiska vandringsskor med Memory Foam System som ger perfekt passform och komfort f\u00f6r dina f\u00f6tter. Air Active Technology optimerar skons andningsf\u00f6rm\u00e5ga medan GORE TEX-fodret h\u00e5ller dina f\u00f6tter helt torra. <\/p>\n<p>&nbsp;<\/p>\n<p>Storlekarna anges i brittiska storlekar (dvs. Storlek 9 UK motsvarar 43 europeiska)<\/p>\n<ul>\n<li><strong>F\u00e4rg:<\/strong> Brun<\/li>\n<li><strong>Material:<\/strong> Oljad sil \u2013 Nubuck-l\u00e4der<\/li>\n<li><strong>Foder:<\/strong> GORE-TEX<\/li>\n<li class=\"divider-wrap\">\n<div class=\"divider-border\" data-width=\"100%\" data-animate=\"\" data-animation-delay=\"\" data-color=\"default\"><strong>Fotb\u00e4dd:<\/strong> AIR-ACTIVE\u00ae SOFT PRINT drysole<\/div>\n<\/li>\n<li class=\"divider-wrap\">\n<div class=\"divider-border\" data-width=\"100%\" data-animate=\"\" data-animation-delay=\"\" data-color=\"default\"><strong>Sula:<\/strong> meindl multigriff\u00ae by vibram\u00ae<\/div>\n<\/li>\n<li class=\"divider-wrap\">\n<div class=\"divider-border\" data-width=\"100%\" data-animate=\"\" data-animation-delay=\"\" data-color=\"default\">\n<p><strong>Vikt:<\/strong> 880g<\/p>\n<p><strong>Storlekstabell:<\/strong><\/p>\n<table class=\"table table-striped table-bordered\">\n<thead>\n<tr>\n<th>EU<\/th>\n<th>US<\/th>\n<th>UK<\/th>\n<th>H\u00e4l till t\u00e5<\/th>\n<\/tr>\n<\/thead>\n<tbody>\n<tr>\n<td>36<\/td>\n<td>4.5<\/td>\n<td>3.5<\/td>\n<td>23 cm<\/td>\n<\/tr>\n<tr>\n<td>37<\/td>\n<td>5<\/td>\n<td>4<\/td>\n<td>23.5 cm<\/td>\n<\/tr>\n<tr>\n<td>37.5<\/td>\n<td>5.5<\/td>\n<td>4.5<\/td>\n<td>24 cm<\/td>\n<\/tr>\n<tr>\n<td>38<\/td>\n<td>6<\/td>\n<td>5<\/td>\n<td>24.5 cm<\/td>\n<\/tr>\n<tr>\n<td>39<\/td>\n<td>6.5<\/td>\n<td>5.5<\/td>\n<td>25 cm<\/td>\n<\/tr>\n<tr>\n<td>39.5<\/td>\n<td>7<\/td>\n<td>6<\/td>\n<td>25.25 cm<\/td>\n<\/tr>\n<tr>\n<td>40<\/td>\n<td>7.5<\/td>\n<td>6.5<\/td>\n<td>25.5 cm<\/td>\n<\/tr>\n<tr>\n<td>41<\/td>\n<td>8<\/td>\n<td>7<\/td>\n<td>26 cm<\/td>\n<\/tr>\n<tr>\n<td>41.5<\/td>\n<td>8.5<\/td>\n<td>7.5<\/td>\n<td>26.5 cm<\/td>\n<\/tr>\n<tr>\n<td>42<\/td>\n<td>9<\/td>\n<td>8<\/td>\n<td>27 cm<\/td>\n<\/tr>\n<tr>\n<td>42.5<\/td>\n<td>9.5<\/td>\n<td>8.5<\/td>\n<td>27.5 cm<\/td>\n<\/tr>\n<tr>\n<td>43<\/td>\n<td>10<\/td>\n<td>9<\/td>\n<td>28 cm<\/td>\n<\/tr>\n<tr>\n<td>44<\/td>\n<td>10.5<\/td>\n<td>9.5<\/td>\n<td>28.25 cm<\/td>\n<\/tr>\n<tr>\n<td>44.5<\/td>\n<td>11<\/td>\n<td>10<\/td>\n<td>28.5 cm<\/td>\n<\/tr>\n<tr>\n<td>45<\/td>\n<td>11.5<\/td>\n<td>10.5<\/td>\n<td>29 cm<\/td>\n<\/tr>\n<tr>\n<td>46<\/td>\n<td>12<\/td>\n<td>11<\/td>\n<td>29.5 cm<\/td>\n<\/tr>\n<tr>\n<td>46.5<\/td>\n<td>12.5<\/td>\n<td>11.5<\/td>\n<td>30 cm<\/td>\n<\/tr>\n<tr>\n<td>47<\/td>\n<td>13<\/td>\n<td>12<\/td>\n<td>30.5 cm<\/td>\n<\/tr>\n<tr>\n<td>48<\/td>\n<td>13.5<\/td>\n<td>12.5<\/td>\n<td>30.75 cm<\/td>\n<\/tr>\n<tr>\n<td>48.5<\/td>\n<td>14<\/td>\n<td>13<\/td>\n<td>31 cm<\/td>\n<\/tr>\n<tr>\n<td>49<\/td>\n<td>14.5<\/td>\n<td>13.5<\/td>\n<td>31.5 cm<\/td>\n<\/tr>\n<tr>\n<td>49.5<\/td>\n<td>15<\/td>\n<td>14<\/td>\n<td>32 cm<\/td>\n<\/tr>\n<tr>\n<td>50.5<\/td>\n<td>15.5<\/td>\n<td>14.5<\/td>\n<td>32.5 cm<\/td>\n<\/tr>\n<tr>\n<td>51<\/td>\n<td>16<\/td>\n<td>15<\/td>\n<td>33 cm<\/td>\n<\/tr>\n<\/tbody>\n<\/table>\n<\/div>\n<\/li>\n<\/ul>\n","protected":false},"excerpt":{"rendered":"<p>Klassiska vandringsskor med Memory Foam System som ger perfekt passform och komfort f\u00f6r dina f\u00f6tter. Air Active Technology optimerar skons andningsf\u00f6rm\u00e5ga medan GORE TEX-fodret h\u00e5ller dina f\u00f6tter helt torra. &nbsp; Storlekarna anges i brittiska storlekar (dvs. Storlek 9 UK motsvarar 43 europeiska) F\u00e4rg: Brun Material: Oljad sil \u2013 Nubuck-l\u00e4der Foder: GORE-TEX Fotb\u00e4dd: AIR-ACTIVE\u00ae SOFT PRINT [&#8230;]\n","protected":false},"featured_media":230869,"comment_status":"open","ping_status":"closed","template":"","meta":[],"product_brand":[],"product_cat":[2793],"product_tag":[],"class_list":{"0":"post-287958","1":"product","2":"type-product","3":"status-publish","4":"has-post-thumbnail","6":"product_cat-kangor","8":"first","9":"instock","10":"taxable","11":"shipping-taxable","12":"purchasable","13":"product-type-variable"},"composite_virtual":false,"composite_layout":"","composite_add_to_cart_form_location":"","composite_editable_in_cart":false,"composite_sold_individually_context":"","composite_shop_price_calc":"","composite_components":[],"composite_scenarios":[],"group_of_quantity":0,"min_quantity":0,"max_quantity":"","exclude_order_quantity_value_rules":"no","exclude_category_quantity_rules":"no","combine_variations":"no","exclude_global_add_ons":[],"addons":[],"_links":{"self":[{"href":"https:\/\/www.huntersfriend.eu\/sv\/wp-json\/wp\/v2\/product\/287958","targetHints":{"allow":["GET"]}}],"collection":[{"href":"https:\/\/www.huntersfriend.eu\/sv\/wp-json\/wp\/v2\/product"}],"about":[{"href":"https:\/\/www.huntersfriend.eu\/sv\/wp-json\/wp\/v2\/types\/product"}],"replies":[{"embeddable":true,"href":"https:\/\/www.huntersfriend.eu\/sv\/wp-json\/wp\/v2\/comments?post=287958"}],"wp:featuredmedia":[{"embeddable":true,"href":"https:\/\/www.huntersfriend.eu\/sv\/wp-json\/wp\/v2\/media\/230869"}],"wp:attachment":[{"href":"https:\/\/www.huntersfriend.eu\/sv\/wp-json\/wp\/v2\/media?parent=287958"}],"wp:term":[{"taxonomy":"product_brand","embeddable":true,"href":"https:\/\/www.huntersfriend.eu\/sv\/wp-json\/wp\/v2\/product_brand?post=287958"},{"taxonomy":"product_cat","embeddable":true,"href":"https:\/\/www.huntersfriend.eu\/sv\/wp-json\/wp\/v2\/product_cat?post=287958"},{"taxonomy":"product_tag","embeddable":true,"href":"https:\/\/www.huntersfriend.eu\/sv\/wp-json\/wp\/v2\/product_tag?post=287958"}],"curies":[{"name":"wp","href":"https:\/\/api.w.org\/{rel}","templated":true}]}}