{"id":287952,"date":"2022-05-24T14:18:02","date_gmt":"2022-05-24T12:18:02","guid":{"rendered":"https:\/\/www.huntersfriend.eu\/product\/sitka-incinerator-aerolite-jacka-elevated-ii\/"},"modified":"2026-03-18T22:01:01","modified_gmt":"2026-03-18T20:01:01","slug":"sitka-incinerator-aerolite-jacka-elevated-ii","status":"publish","type":"product","link":"https:\/\/www.huntersfriend.eu\/sv\/produkt\/sitka-incinerator-aerolite-jacka-elevated-ii\/","title":{"rendered":"SITKA Incinerator AeroLite-jacka (Elevated II)"},"content":{"rendered":"<p>V\u00e5r varmaste vattent\u00e4ta, isolerade jaktjacka f\u00f6r vakjakt, tillverkad med GORE-TEX-material, \u00e4r designad f\u00f6r att h\u00e5lla dig bekv\u00e4m under de sena s\u00e4songerna n\u00e4r regn eller sn\u00f6 faller. Syntetisk PrimaLoft\u00ae Gold-isolering med Cross Core\u2122-teknologi replikerar egenskaperna hos dunisolering, men med v\u00e4rme \u00e4ven i v\u00e5tt tillst\u00e5nd och m\u00f6jligheten att tv\u00e4tta i maskin ofta f\u00f6r att minska lukt. Den maximerar v\u00e4rmen samtidigt som den minimerar volymen s\u00e5 att du kan dra din pilb\u00e5ge eller axla ett gev\u00e4r obehindrat. Den l\u00e4tt borstade, vattenavvisande ytan st\u00f6ter bort nederb\u00f6rd samtidigt som den minskar buller.   <\/p>\n<ul class=\"HeroSpecs__list\">\n<li>\n<p class=\"Hero-desc\"><strong>Vikt: <\/strong>1204 g<\/p>\n<\/li>\n<li>\n<p class=\"Hero-desc\"><strong>GORE-TEX<\/strong> vattent\u00e4tt\/ventilerande tyg hj\u00e4lper dig att h\u00e5lla dig bekv\u00e4m och fokuserad<\/p>\n<\/li>\n<li>\n<p class=\"Hero-desc\"><strong>GORE-TEX 2-lagersmaterial<\/strong> med tyst, borstad polyesteryta<\/p>\n<\/li>\n<li>\n<p class=\"Hero-desc\">Syntetisk <strong>PrimaLoft\u00ae Gold-isolering<\/strong> med Cross CoreTM-teknologi replikerar v\u00e4rmen och komprimerbarheten hos dun, men med f\u00f6rdelen av v\u00e4rme \u00e4ven i v\u00e5tt tillst\u00e5nd<\/p>\n<\/li>\n<li>\n<p class=\"Hero-desc\">L\u00e4ttviktig <strong>h\u00f6gloftsisolering<\/strong> (35 % \u00e5tervunnen) \u00e4r infunderad med <strong>kiselaerogel,<\/strong> ett n\u00e4stan viktl\u00f6st material som best\u00e5r av mer \u00e4n 95 % luft och fungerar som ytterligare v\u00e4rmeisolering<\/p>\n<\/li>\n<li>\n<p class=\"Hero-desc\">Slitstark <strong>vattenavvisande finish<\/strong> motst\u00e5r nederb\u00f6rd och f\u00f6rhindrar att yttertyget blir bl\u00f6tt<\/p>\n<\/li>\n<li>\n<p class=\"Hero-desc\"><strong>L\u00e4tt borstad yta<\/strong> f\u00f6rblir tyst i ett tr\u00e4dst\u00e4ll<\/p>\n<\/li>\n<li>\n<p class=\"Hero-desc\"><strong>Artikulerad passform<\/strong> f\u00f6r fri r\u00f6rlighet n\u00e4r du kl\u00e4ttrar upp i ett tr\u00e4dst\u00e4ll eller drar en pilb\u00e5ge<\/p>\n<\/li>\n<li>\n<p class=\"Hero-desc\">Vattent\u00e4t <strong>genomg\u00e5ngsport f\u00f6r s\u00e4kerhetssele<\/strong> g\u00f6r att du bekv\u00e4mt kan b\u00e4ra en sele under jackan<\/p>\n<\/li>\n<li>\n<p class=\"Hero-desc\"><strong>Inv\u00e4ndiga muddar<\/strong> st\u00e4nger in v\u00e4rmen<\/p>\n<\/li>\n<li>\n<p class=\"Hero-desc\">Br\u00f6stfickor, handfickor och fickor f\u00f6r lockpipa med dragkedja ger dig <strong>enkel och s\u00e4ker \u00e5tkomst<\/strong> till dina v\u00e4sentligheter n\u00e4r du \u00e4r uppe i ett tr\u00e4d<\/p>\n<\/li>\n<\/ul>\n<p><a href=\"https:\/\/www.huntersfriend.eu\/app\/uploads\/2022\/05\/Sitka-miesten-kokoatulukko.jpg\"><img decoding=\"async\" class=\"alignnone wp-image-231001 size-medium\" src=\"https:\/\/www.huntersfriend.eu\/app\/uploads\/2022\/05\/Sitka-miesten-kokoatulukko-600x371.jpg\" alt=\"\" width=\"600\" height=\"371\" srcset=\"https:\/\/www.huntersfriend.eu\/app\/uploads\/2022\/05\/Sitka-miesten-kokoatulukko-600x371.jpg 600w, https:\/\/www.huntersfriend.eu\/app\/uploads\/2022\/05\/Sitka-miesten-kokoatulukko-768x475.jpg 768w, https:\/\/www.huntersfriend.eu\/app\/uploads\/2022\/05\/Sitka-miesten-kokoatulukko-300x186.jpg 300w, https:\/\/www.huntersfriend.eu\/app\/uploads\/2022\/05\/Sitka-miesten-kokoatulukko-200x124.jpg 200w, https:\/\/www.huntersfriend.eu\/app\/uploads\/2022\/05\/Sitka-miesten-kokoatulukko-97x60.jpg 97w, https:\/\/www.huntersfriend.eu\/app\/uploads\/2022\/05\/Sitka-miesten-kokoatulukko-146x90.jpg 146w, https:\/\/www.huntersfriend.eu\/app\/uploads\/2022\/05\/Sitka-miesten-kokoatulukko.jpg 970w\" sizes=\"(max-width: 600px) 100vw, 600px\" \/><\/a><\/p>\n","protected":false},"excerpt":{"rendered":"<p>SITKAs varmaste jaktjacka n\u00e5gonsin.<\/p>\n<p><a href=\"https:\/\/www.huntersfriend.eu\/app\/uploads\/2022\/05\/Sitka-miesten-kokoatulukko.jpg\"><strong>Storlekstabell<\/strong><\/a><\/p>\n","protected":false},"featured_media":230542,"comment_status":"open","ping_status":"closed","template":"","meta":[],"product_brand":[],"product_cat":[2741],"product_tag":[],"class_list":{"0":"post-287952","1":"product","2":"type-product","3":"status-publish","4":"has-post-thumbnail","6":"product_cat-jackor","8":"first","9":"instock","10":"taxable","11":"shipping-taxable","12":"purchasable","13":"product-type-variable"},"composite_virtual":false,"composite_layout":"","composite_add_to_cart_form_location":"","composite_editable_in_cart":false,"composite_sold_individually_context":"","composite_shop_price_calc":"","composite_components":[],"composite_scenarios":[],"group_of_quantity":0,"min_quantity":0,"max_quantity":"","exclude_order_quantity_value_rules":"no","exclude_category_quantity_rules":"no","combine_variations":"no","exclude_global_add_ons":[],"addons":[],"_links":{"self":[{"href":"https:\/\/www.huntersfriend.eu\/sv\/wp-json\/wp\/v2\/product\/287952","targetHints":{"allow":["GET"]}}],"collection":[{"href":"https:\/\/www.huntersfriend.eu\/sv\/wp-json\/wp\/v2\/product"}],"about":[{"href":"https:\/\/www.huntersfriend.eu\/sv\/wp-json\/wp\/v2\/types\/product"}],"replies":[{"embeddable":true,"href":"https:\/\/www.huntersfriend.eu\/sv\/wp-json\/wp\/v2\/comments?post=287952"}],"wp:featuredmedia":[{"embeddable":true,"href":"https:\/\/www.huntersfriend.eu\/sv\/wp-json\/wp\/v2\/media\/230542"}],"wp:attachment":[{"href":"https:\/\/www.huntersfriend.eu\/sv\/wp-json\/wp\/v2\/media?parent=287952"}],"wp:term":[{"taxonomy":"product_brand","embeddable":true,"href":"https:\/\/www.huntersfriend.eu\/sv\/wp-json\/wp\/v2\/product_brand?post=287952"},{"taxonomy":"product_cat","embeddable":true,"href":"https:\/\/www.huntersfriend.eu\/sv\/wp-json\/wp\/v2\/product_cat?post=287952"},{"taxonomy":"product_tag","embeddable":true,"href":"https:\/\/www.huntersfriend.eu\/sv\/wp-json\/wp\/v2\/product_tag?post=287952"}],"curies":[{"name":"wp","href":"https:\/\/api.w.org\/{rel}","templated":true}]}}