{"id":287941,"date":"2022-05-24T14:18:00","date_gmt":"2022-05-24T12:18:00","guid":{"rendered":"https:\/\/www.huntersfriend.eu\/product\/sitka-incinerator-aerolite-hangselbyxa-elevated-ii\/"},"modified":"2026-03-18T22:01:00","modified_gmt":"2026-03-18T20:01:00","slug":"sitka-incinerator-aerolite-hangselbyxa-elevated-ii","status":"publish","type":"product","link":"https:\/\/www.huntersfriend.eu\/sv\/produkt\/sitka-incinerator-aerolite-hangselbyxa-elevated-ii\/","title":{"rendered":"SITKA Incinerator AeroLite-h\u00e4ngselbyxa (elevated II)"},"content":{"rendered":"<p>V\u00e5r varmaste GORE-TEX-isolerade h\u00e4ngselbyxa f\u00f6r whitetail-jakt \u00e4r konstruerad f\u00f6r att h\u00e5lla dig varm och torr i de mest el\u00e4ndiga f\u00f6rh\u00e5llanden. Syntetisk PrimaLoft\u00ae Gold-isolering med Cross Core\u2122-teknik replikerar egenskaperna hos dunisolering, men med v\u00e4rme \u00e4ven i v\u00e5tt tillst\u00e5nd och m\u00f6jligheten att sl\u00e4nga in den i tv\u00e4tten dagligen f\u00f6r att minska doften. Denna avancerade isolering maximerar v\u00e4rmen samtidigt som den minimerar volymen s\u00e5 att du kan kl\u00e4ttra upp i din st\u00e4llning med mindre begr\u00e4nsning. En l\u00e4tt borstad vattenavvisande yta avvisar nederb\u00f6rd samtidigt som den minskar buller, och sidodragkedjor i full l\u00e4ngd ger ultimat t\u00e4ckning och bekv\u00e4mlighet.   <\/p>\n<ul class=\"HeroSpecs__list\">\n<li>\n<p class=\"Hero-desc\"><strong>Vikt:<\/strong> 1403 g<\/p>\n<\/li>\n<li>\n<p class=\"Hero-desc\"><strong>GORE-TEX<\/strong> vattent\u00e4tt\/ventilerande tyg hj\u00e4lper dig att h\u00e5lla dig bekv\u00e4m och fokuserad<\/p>\n<\/li>\n<li>\n<p class=\"Hero-desc\">GORE-TEX<strong> 2-lagers tyg<\/strong> med tyst, borstad polyesteryta<\/p>\n<\/li>\n<li>\n<p class=\"Hero-desc\"><strong>Syntetisk PrimaLoft\u00ae Gold-isolering<\/strong> med Cross Core\u2122-teknik replikerar v\u00e4rmen och komprimerbarheten hos dun, men med f\u00f6rdelen av v\u00e4rme \u00e4ven i v\u00e5tt tillst\u00e5nd<\/p>\n<\/li>\n<li>\n<p class=\"Hero-desc\">L\u00e4ttviktsisolering med h\u00f6g loft (35 % \u00e5tervunnet) \u00e4r infunderad med <strong>silika-aerogel,<\/strong> ett n\u00e4stan viktl\u00f6st material som best\u00e5r av mer \u00e4n 95 % luft och fungerar som ytterligare v\u00e4rmeisolering<\/p>\n<\/li>\n<li>\n<p class=\"Hero-desc\">Slitstark <strong>vattenavvisande finish<\/strong> motst\u00e5r nederb\u00f6rd och f\u00f6rhindrar att yttertyget blir bl\u00f6tt<\/p>\n<\/li>\n<li>\n<p class=\"Hero-desc\">L\u00e4tt <strong>borstad yta<\/strong> f\u00f6rblir tyst i tr\u00e4dstammen<\/p>\n<\/li>\n<li>\n<p class=\"Hero-desc\">YKK\u00ae-sidodragkedjor i full l\u00e4ngd med vattent\u00e4t konstruktion m\u00f6jligg\u00f6r ventilation och enkel p\u00e5- och avtagning<\/p>\n<\/li>\n<li>\n<p class=\"Hero-desc\">H\u00e4ngselbyxdesign f\u00f6r <strong>riklig t\u00e4ckning<\/strong> som inte glider upp eller ner n\u00e4r du sitter, st\u00e5r eller kl\u00e4ttrar<\/p>\n<\/li>\n<li>\n<p class=\"Hero-desc\">S\u00e4kra br\u00f6st-, hand- och f\u00f6rvaringsfickor h\u00e5ller dina viktigaste saker redo<\/p>\n<\/li>\n<\/ul>\n<p><a href=\"https:\/\/www.huntersfriend.eu\/app\/uploads\/2022\/05\/Sitka-miesten-kokoatulukko.jpg\"><img decoding=\"async\" class=\"alignnone wp-image-231001 size-medium\" src=\"https:\/\/www.huntersfriend.eu\/app\/uploads\/2022\/05\/Sitka-miesten-kokoatulukko-600x371.jpg\" alt=\"\" width=\"600\" height=\"371\" srcset=\"https:\/\/www.huntersfriend.eu\/app\/uploads\/2022\/05\/Sitka-miesten-kokoatulukko-600x371.jpg 600w, https:\/\/www.huntersfriend.eu\/app\/uploads\/2022\/05\/Sitka-miesten-kokoatulukko-768x475.jpg 768w, https:\/\/www.huntersfriend.eu\/app\/uploads\/2022\/05\/Sitka-miesten-kokoatulukko-300x186.jpg 300w, https:\/\/www.huntersfriend.eu\/app\/uploads\/2022\/05\/Sitka-miesten-kokoatulukko-200x124.jpg 200w, https:\/\/www.huntersfriend.eu\/app\/uploads\/2022\/05\/Sitka-miesten-kokoatulukko-97x60.jpg 97w, https:\/\/www.huntersfriend.eu\/app\/uploads\/2022\/05\/Sitka-miesten-kokoatulukko-146x90.jpg 146w, https:\/\/www.huntersfriend.eu\/app\/uploads\/2022\/05\/Sitka-miesten-kokoatulukko.jpg 970w\" sizes=\"(max-width: 600px) 100vw, 600px\" \/><\/a><\/p>\n","protected":false},"excerpt":{"rendered":"<p>De varmaste jaktbyxorna SITKA n\u00e5gonsin har tillverkat.<\/p>\n<p><a href=\"https:\/\/www.huntersfriend.eu\/app\/uploads\/2022\/05\/Sitka-miesten-kokoatulukko.jpg\"><strong>Storlekstabell<\/strong><\/a><\/p>\n","protected":false},"featured_media":230546,"comment_status":"open","ping_status":"closed","template":"","meta":[],"product_brand":[],"product_cat":[2779,2814],"product_tag":[],"class_list":{"0":"post-287941","1":"product","2":"type-product","3":"status-publish","4":"has-post-thumbnail","6":"product_cat-byxor","7":"product_cat-byxor-sv","9":"first","10":"instock","11":"sale","12":"taxable","13":"shipping-taxable","14":"purchasable","15":"product-type-variable"},"composite_virtual":false,"composite_layout":"","composite_add_to_cart_form_location":"","composite_editable_in_cart":false,"composite_sold_individually_context":"","composite_shop_price_calc":"","composite_components":[],"composite_scenarios":[],"group_of_quantity":0,"min_quantity":0,"max_quantity":"","exclude_order_quantity_value_rules":"no","exclude_category_quantity_rules":"no","combine_variations":"no","exclude_global_add_ons":[],"addons":[],"_links":{"self":[{"href":"https:\/\/www.huntersfriend.eu\/sv\/wp-json\/wp\/v2\/product\/287941","targetHints":{"allow":["GET"]}}],"collection":[{"href":"https:\/\/www.huntersfriend.eu\/sv\/wp-json\/wp\/v2\/product"}],"about":[{"href":"https:\/\/www.huntersfriend.eu\/sv\/wp-json\/wp\/v2\/types\/product"}],"replies":[{"embeddable":true,"href":"https:\/\/www.huntersfriend.eu\/sv\/wp-json\/wp\/v2\/comments?post=287941"}],"wp:featuredmedia":[{"embeddable":true,"href":"https:\/\/www.huntersfriend.eu\/sv\/wp-json\/wp\/v2\/media\/230546"}],"wp:attachment":[{"href":"https:\/\/www.huntersfriend.eu\/sv\/wp-json\/wp\/v2\/media?parent=287941"}],"wp:term":[{"taxonomy":"product_brand","embeddable":true,"href":"https:\/\/www.huntersfriend.eu\/sv\/wp-json\/wp\/v2\/product_brand?post=287941"},{"taxonomy":"product_cat","embeddable":true,"href":"https:\/\/www.huntersfriend.eu\/sv\/wp-json\/wp\/v2\/product_cat?post=287941"},{"taxonomy":"product_tag","embeddable":true,"href":"https:\/\/www.huntersfriend.eu\/sv\/wp-json\/wp\/v2\/product_tag?post=287941"}],"curies":[{"name":"wp","href":"https:\/\/api.w.org\/{rel}","templated":true}]}}