{"id":287932,"date":"2022-05-25T15:35:54","date_gmt":"2022-05-25T13:35:54","guid":{"rendered":"https:\/\/www.huntersfriend.eu\/product\/kamik-nation-plus-vinterstovlar\/"},"modified":"2025-08-27T11:01:18","modified_gmt":"2025-08-27T09:01:18","slug":"kamik-nation-plus-vinterstovlar","status":"publish","type":"product","link":"https:\/\/www.huntersfriend.eu\/sv\/produkt\/kamik-nation-plus-vinterstovlar\/","title":{"rendered":"Kamik nation plus vinterst\u00f6vlar"},"content":{"rendered":"<p>N\u00e4r du letar efter extremt varma jaktst\u00f6vlar kommer dessa varma vinterst\u00f6vlar att h\u00e5lla dina f\u00f6tter bekv\u00e4ma och torra. Med en s\u00f6m-f\u00f6rseglad vattent\u00e4t konstruktion och HEAT-MX\u2122-isolering f\u00f6r extra v\u00e4rme. Tack vare vattent\u00e4ta f\u00f6rseglade s\u00f6mmar kommer vattnet inte in i stygnen eller s\u00f6mmarna, vilket h\u00e5ller dina f\u00f6tter torra hela dagen. Med h\u00f6gkvalitativt och h\u00e5llbart \u00e4kta l\u00e4der.   <\/p>\n<p><strong>FUNKTIONER &amp; SPECIFIKATIONER<\/strong><\/p>\n<div id=\"heading-features-amp-specs\" class=\"card-header\"><\/div>\n<div id=\"collapse-features-amp-specs\" class=\"collapse show\" aria-labelledby=\"heading-features-amp-specs\">\n<div class=\"card-body\">\n<ul>\n<li>H\u00f6jd: 28,5 cm<\/li>\n<li>Vikt: 1633 g per par<\/li>\n<li>Omkrets (baserat p\u00e5 storlek 9): 310 mm<\/li>\n<li>Bekv\u00e4m ner till -40 \u00b0C<\/li>\n<\/ul>\n<p><strong>\u00d6VERDEL<\/strong><\/p>\n<ul>\n<li>S\u00f6m-f\u00f6rseglad vattent\u00e4t ovandel i \u00e4kta mocka<\/li>\n<li>L\u00e4dret kommer fr\u00e5n ett garveri som \u00e4r guldklassat f\u00f6r sina metoder f\u00f6r vatten-, energi- och avfallshantering<\/li>\n<li>Vattent\u00e4t pl\u00f6s med kil<\/li>\n<li>Avtagbart HEAT-MX\u2122 h\u00e5llbart termiskt isoleringsfoder<\/li>\n<li>Fukttransporterande foder<\/li>\n<\/ul>\n<p><strong>YTTERSULA<\/strong><\/p>\n<ul>\n<li>Vattent\u00e4tt och flexibelt skal av syntetiskt gummi<\/li>\n<li>SNOWTREAD yttersula av syntetiskt gummi<\/li>\n<li>Djupa, sj\u00e4lvreng\u00f6rande klackar f\u00f6r \u00f6verl\u00e4gset grepp p\u00e5 sn\u00f6<\/li>\n<\/ul>\n<\/div>\n<\/div>\n","protected":false},"excerpt":{"rendered":"<p><a href=\"https:\/\/www.huntersfriend.eu\/app\/uploads\/2022\/05\/kamik-kokotaulukko-miehet.png\"><strong>Storlekstabell<\/strong><\/a><\/p>\n","protected":false},"featured_media":230878,"comment_status":"open","ping_status":"closed","template":"","meta":[],"product_brand":[],"product_cat":[2666],"product_tag":[],"class_list":{"0":"post-287932","1":"product","2":"type-product","3":"status-publish","4":"has-post-thumbnail","6":"product_cat-vinterjaktkangor","7":"product_shipping_class-medium-sv","9":"first","10":"instock","11":"taxable","12":"shipping-taxable","13":"purchasable","14":"product-type-variable"},"composite_virtual":false,"composite_layout":"","composite_add_to_cart_form_location":"","composite_editable_in_cart":false,"composite_sold_individually_context":"","composite_shop_price_calc":"","composite_components":[],"composite_scenarios":[],"group_of_quantity":0,"min_quantity":0,"max_quantity":"","exclude_order_quantity_value_rules":"no","exclude_category_quantity_rules":"no","combine_variations":"no","exclude_global_add_ons":[],"addons":[],"_links":{"self":[{"href":"https:\/\/www.huntersfriend.eu\/sv\/wp-json\/wp\/v2\/product\/287932","targetHints":{"allow":["GET"]}}],"collection":[{"href":"https:\/\/www.huntersfriend.eu\/sv\/wp-json\/wp\/v2\/product"}],"about":[{"href":"https:\/\/www.huntersfriend.eu\/sv\/wp-json\/wp\/v2\/types\/product"}],"replies":[{"embeddable":true,"href":"https:\/\/www.huntersfriend.eu\/sv\/wp-json\/wp\/v2\/comments?post=287932"}],"wp:featuredmedia":[{"embeddable":true,"href":"https:\/\/www.huntersfriend.eu\/sv\/wp-json\/wp\/v2\/media\/230878"}],"wp:attachment":[{"href":"https:\/\/www.huntersfriend.eu\/sv\/wp-json\/wp\/v2\/media?parent=287932"}],"wp:term":[{"taxonomy":"product_brand","embeddable":true,"href":"https:\/\/www.huntersfriend.eu\/sv\/wp-json\/wp\/v2\/product_brand?post=287932"},{"taxonomy":"product_cat","embeddable":true,"href":"https:\/\/www.huntersfriend.eu\/sv\/wp-json\/wp\/v2\/product_cat?post=287932"},{"taxonomy":"product_tag","embeddable":true,"href":"https:\/\/www.huntersfriend.eu\/sv\/wp-json\/wp\/v2\/product_tag?post=287932"}],"curies":[{"name":"wp","href":"https:\/\/api.w.org\/{rel}","templated":true}]}}