{"id":287891,"date":"2022-05-25T15:36:00","date_gmt":"2022-05-25T13:36:00","guid":{"rendered":"https:\/\/www.huntersfriend.eu\/product\/haix-nature-camo-gtx-2\/"},"modified":"2025-08-27T11:00:08","modified_gmt":"2025-08-27T09:00:08","slug":"haix-nature-camo-gtx-2","status":"publish","type":"product","link":"https:\/\/www.huntersfriend.eu\/sv\/produkt\/haix-nature-camo-gtx-2\/","title":{"rendered":"Haix nature camo GTX"},"content":{"rendered":"<div class=\"col-6-l col-12-sm\">\n<div class=\"img-container \"><span style=\"font-size: 20.16px; text-align: right;\">Vattent\u00e4t tack vare GORE-TEX\u00ae<\/span><\/div>\n<div class=\"img-container \"><span style=\"color: #555555; text-align: right;\">Dina f\u00f6tter h\u00e5ller sig torra och du h\u00e5ller dig frisk eftersom Nature Camo GTX \u00e4r permanent vattent\u00e4t och extremt ventilerande. Detta s\u00e4kerst\u00e4lls av det trelagers GORE-TEX\u00ae-membranet i hela fodret p\u00e5 Nature Camo GTX. <\/span><\/div>\n<div>\n<h3>Extra halkskydd med VIBRAM<\/h3>\n<p>Du st\u00e5r s\u00e4kert i Nature Camo GTX eftersom den j\u00e4mnar ut din v\u00e4g i oj\u00e4mn terr\u00e4ng. Sulan p\u00e5 Nature Camo GTX har en optimal gummiblandning och \u00e4r d\u00e4rf\u00f6r s\u00e4rskilt halks\u00e4ker, stabil och styv. Detta \u00e4r VIBRAM-effekten som \u00e4r inbyggd i sulan p\u00e5 Nature Camo GTX.  <\/p>\n<h3>H\u00f6g kvalitet och l\u00e4tt<\/h3>\n<p>Din Nature Camo GTX \u00e4r tillverkad av h\u00f6gkvalitativt nubuckl\u00e4der. Det inneb\u00e4r att din Nature Camo GTX inte bara har ett elegant utseende, utan ocks\u00e5 \u00e4r l\u00e4tt och robust. Den har ocks\u00e5 textilinsatser som g\u00f6r skon \u00e4nnu mer ventilerande.  <\/p>\n<h3>Avlastande d\u00e4mpning med HAIX absorption<\/h3>\n<p>Du kommer att uppleva en bekv\u00e4m k\u00e4nsla i Nature Camo GTX \u00e4ven n\u00e4r du \u00e4r ute i flera timmar. Eftersom den integrerade d\u00e4mpningskilen inuti d\u00e4mpar dina steg. Vi kallar detta HAIX Absorption: f\u00f6r driv \u00e4ven under l\u00e5nga arbetsdagar.  <\/p>\n<h3>Ventilerande med klimatsystem<\/h3>\n<p>I Nature Camo GTX kan din fot andas, eftersom ett speciellt skumsystem s\u00e4kerst\u00e4ller att luften cirkulerar i skon och fukt kan komma ut. Klimatsystemet fungerar som ett luftkonditioneringssystem i en sko. <\/p>\n<h3>Exakt passform tack vare speciella l\u00e4ster<\/h3>\n<p>R\u00e4tt sko f\u00f6r dina f\u00f6tter. Tack vare specialdesignade l\u00e4ster passar din Nature Camo GTX perfekt och ger ultimat komfort hela dagen l\u00e5ng. <\/p>\n<\/div>\n<p><strong>Storlekstabell:<\/strong><\/p>\n<\/div>\n<p><img decoding=\"async\" class=\"alignnone wp-image-230973\" src=\"https:\/\/www.huntersfriend.eu\/app\/uploads\/2022\/05\/kokotaulukko-HAIX-600x61.png\" alt=\"\" width=\"925\" height=\"94\" srcset=\"https:\/\/www.huntersfriend.eu\/app\/uploads\/2022\/05\/kokotaulukko-HAIX-600x61.png 600w, https:\/\/www.huntersfriend.eu\/app\/uploads\/2022\/05\/kokotaulukko-HAIX-1024x105.png 1024w, https:\/\/www.huntersfriend.eu\/app\/uploads\/2022\/05\/kokotaulukko-HAIX-768x79.png 768w, https:\/\/www.huntersfriend.eu\/app\/uploads\/2022\/05\/kokotaulukko-HAIX-300x31.png 300w, https:\/\/www.huntersfriend.eu\/app\/uploads\/2022\/05\/kokotaulukko-HAIX-200x20.png 200w, https:\/\/www.huntersfriend.eu\/app\/uploads\/2022\/05\/kokotaulukko-HAIX-190x19.png 190w, https:\/\/www.huntersfriend.eu\/app\/uploads\/2022\/05\/kokotaulukko-HAIX-750x77.png 750w, https:\/\/www.huntersfriend.eu\/app\/uploads\/2022\/05\/kokotaulukko-HAIX.png 1327w\" sizes=\"(max-width: 925px) 100vw, 925px\" \/><\/p>\n","protected":false},"excerpt":{"rendered":"<p><a href=\"https:\/\/www.huntersfriend.eu\/app\/uploads\/2022\/05\/kokotaulukko-HAIX.png\"><strong>Storlekstabell<\/strong><\/a><\/p>\n","protected":false},"featured_media":0,"comment_status":"open","ping_status":"closed","template":"","meta":[],"product_brand":[],"product_cat":[878],"product_tag":[],"class_list":{"0":"post-287891","1":"product","2":"type-product","3":"status-publish","5":"product_cat-uncategorized-sv","7":"first","8":"instock","9":"taxable","10":"shipping-taxable","11":"purchasable","12":"product-type-variable"},"composite_virtual":false,"composite_layout":"","composite_add_to_cart_form_location":"","composite_editable_in_cart":false,"composite_sold_individually_context":"","composite_shop_price_calc":"","composite_components":[],"composite_scenarios":[],"group_of_quantity":0,"min_quantity":0,"max_quantity":"","exclude_order_quantity_value_rules":"no","exclude_category_quantity_rules":"no","combine_variations":"no","exclude_global_add_ons":[],"addons":[],"_links":{"self":[{"href":"https:\/\/www.huntersfriend.eu\/sv\/wp-json\/wp\/v2\/product\/287891","targetHints":{"allow":["GET"]}}],"collection":[{"href":"https:\/\/www.huntersfriend.eu\/sv\/wp-json\/wp\/v2\/product"}],"about":[{"href":"https:\/\/www.huntersfriend.eu\/sv\/wp-json\/wp\/v2\/types\/product"}],"replies":[{"embeddable":true,"href":"https:\/\/www.huntersfriend.eu\/sv\/wp-json\/wp\/v2\/comments?post=287891"}],"wp:attachment":[{"href":"https:\/\/www.huntersfriend.eu\/sv\/wp-json\/wp\/v2\/media?parent=287891"}],"wp:term":[{"taxonomy":"product_brand","embeddable":true,"href":"https:\/\/www.huntersfriend.eu\/sv\/wp-json\/wp\/v2\/product_brand?post=287891"},{"taxonomy":"product_cat","embeddable":true,"href":"https:\/\/www.huntersfriend.eu\/sv\/wp-json\/wp\/v2\/product_cat?post=287891"},{"taxonomy":"product_tag","embeddable":true,"href":"https:\/\/www.huntersfriend.eu\/sv\/wp-json\/wp\/v2\/product_tag?post=287891"}],"curies":[{"name":"wp","href":"https:\/\/api.w.org\/{rel}","templated":true}]}}