{"id":287868,"date":"2022-05-25T15:42:24","date_gmt":"2022-05-25T13:42:24","guid":{"rendered":"https:\/\/www.huntersfriend.eu\/product\/dunlop-blizzard-vinterstovel\/"},"modified":"2025-08-27T10:59:49","modified_gmt":"2025-08-27T08:59:49","slug":"dunlop-blizzard-vinterstovel","status":"publish","type":"product","link":"https:\/\/www.huntersfriend.eu\/sv\/produkt\/dunlop-blizzard-vinterstovel\/","title":{"rendered":"Dunlop Blizzard vinterst\u00f6vel"},"content":{"rendered":"<p id=\"tw-target-text\" class=\"tw-data-text tw-text-large tw-ta\" dir=\"ltr\" data-placeholder=\"K\u00e4\u00e4nn\u00f6s\"><span class=\"Y2IQFc\" lang=\"en\">Dunlop Blizzard \u00e4r en h\u00f6gkvalitativ vinterst\u00f6vel f\u00f6r kallt vinterv\u00e4der. Det varma och bekv\u00e4ma fodret h\u00e5ller dina f\u00f6tter varma \u00e4ven i -15 \u00b0C. Sulan \u00e4r st\u00f6td\u00e4mpande. Sulans m\u00f6nster ger bra grepp p\u00e5 halt underlag. En dragsko h\u00f6gst upp p\u00e5 st\u00f6veln f\u00f6rhindrar att sn\u00f6 kommer in i st\u00f6veln. Tack vare sn\u00f6ret sitter st\u00f6veln b\u00e4ttre p\u00e5 foten. Gr\u00f6n PVC.      <\/span><\/p>\n<p class=\"tw-data-text tw-text-large tw-ta\" dir=\"ltr\" data-placeholder=\"K\u00e4\u00e4nn\u00f6s\"><span class=\"Y2IQFc\" lang=\"en\"><strong>Skafth\u00f6jd:<\/strong> 36 cm<\/span><\/p>\n<p class=\"tw-data-text tw-text-large tw-ta\" dir=\"ltr\" data-placeholder=\"K\u00e4\u00e4nn\u00f6s\"><span class=\"Y2IQFc\" lang=\"en\"><strong>Vikt:<\/strong> 1850 g (storlek 43) <\/span><\/p>\n<p class=\"tw-data-text tw-text-large tw-ta\" dir=\"ltr\" data-placeholder=\"K\u00e4\u00e4nn\u00f6s\"><span class=\"Y2IQFc\" lang=\"en\"><strong>Storlekar:<\/strong> 36\u201348.<\/span><\/p>\n<p dir=\"ltr\" data-placeholder=\"K\u00e4\u00e4nn\u00f6s\">\n","protected":false},"excerpt":{"rendered":"<p><a href=\"https:\/\/www.huntersfriend.eu\/app\/uploads\/2022\/05\/Dunlop-kokotaulukko.png\"><strong>Storlekstabell<\/strong><\/a><\/p>\n","protected":false},"featured_media":231096,"comment_status":"open","ping_status":"closed","template":"","meta":[],"product_brand":[],"product_cat":[2679,2666],"product_tag":[],"class_list":{"0":"post-287868","1":"product","2":"type-product","3":"status-publish","4":"has-post-thumbnail","6":"product_cat-gummistovlar","7":"product_cat-vinterjaktkangor","8":"product_shipping_class-medium-sv","10":"first","11":"instock","12":"taxable","13":"shipping-taxable","14":"purchasable","15":"product-type-variable"},"composite_virtual":false,"composite_layout":"","composite_add_to_cart_form_location":"","composite_editable_in_cart":false,"composite_sold_individually_context":"","composite_shop_price_calc":"","composite_components":[],"composite_scenarios":[],"group_of_quantity":0,"min_quantity":0,"max_quantity":"","exclude_order_quantity_value_rules":"no","exclude_category_quantity_rules":"no","combine_variations":"no","exclude_global_add_ons":[],"addons":[],"_links":{"self":[{"href":"https:\/\/www.huntersfriend.eu\/sv\/wp-json\/wp\/v2\/product\/287868","targetHints":{"allow":["GET"]}}],"collection":[{"href":"https:\/\/www.huntersfriend.eu\/sv\/wp-json\/wp\/v2\/product"}],"about":[{"href":"https:\/\/www.huntersfriend.eu\/sv\/wp-json\/wp\/v2\/types\/product"}],"replies":[{"embeddable":true,"href":"https:\/\/www.huntersfriend.eu\/sv\/wp-json\/wp\/v2\/comments?post=287868"}],"wp:featuredmedia":[{"embeddable":true,"href":"https:\/\/www.huntersfriend.eu\/sv\/wp-json\/wp\/v2\/media\/231096"}],"wp:attachment":[{"href":"https:\/\/www.huntersfriend.eu\/sv\/wp-json\/wp\/v2\/media?parent=287868"}],"wp:term":[{"taxonomy":"product_brand","embeddable":true,"href":"https:\/\/www.huntersfriend.eu\/sv\/wp-json\/wp\/v2\/product_brand?post=287868"},{"taxonomy":"product_cat","embeddable":true,"href":"https:\/\/www.huntersfriend.eu\/sv\/wp-json\/wp\/v2\/product_cat?post=287868"},{"taxonomy":"product_tag","embeddable":true,"href":"https:\/\/www.huntersfriend.eu\/sv\/wp-json\/wp\/v2\/product_tag?post=287868"}],"curies":[{"name":"wp","href":"https:\/\/api.w.org\/{rel}","templated":true}]}}