{"id":287859,"date":"2022-05-25T15:42:07","date_gmt":"2022-05-25T13:42:07","guid":{"rendered":"https:\/\/www.huntersfriend.eu\/product\/kamik-isbrytare\/"},"modified":"2025-08-27T10:59:43","modified_gmt":"2025-08-27T08:59:43","slug":"kamik-isbrytare","status":"publish","type":"product","link":"https:\/\/www.huntersfriend.eu\/sv\/produkt\/kamik-isbrytare\/","title":{"rendered":"Kamik isbrytare"},"content":{"rendered":"<p>Icebreaker gummist\u00f6vel f\u00f6r m\u00e4n h\u00e5ller dig kvar i matchen, oavsett v\u00e4der eller landskap. Dessa vinterst\u00f6vlar \u00e4r l\u00e4tta, 100 % vattent\u00e4ta och har Rubber<sup>He<\/sup>-bottnar f\u00f6r att greppa v\u00e5ta, slaskiga eller isiga ytor. Om du letar efter \u00f6verl\u00e4gsen v\u00e4rme, komfort och m\u00e5ngsidighet kan du inte g\u00e5 fel med Icebreaker.  <\/p>\n<div id=\"heading-features-amp-specs\" class=\"card-header\">\n<p class=\"mb-0\"><strong>Funktioner &amp; specifikationer<\/strong><\/p>\n<\/div>\n<div id=\"collapse-features-amp-specs\" class=\"collapse show\" aria-labelledby=\"heading-features-amp-specs\">\n<div class=\"card-body\">\n<ul>\n<li>H\u00f6jd: 35,5 cm<\/li>\n<li>Vikt: 1814 g per par<\/li>\n<li>Omkrets (baserat p\u00e5 storlek 9): 405 mm<\/li>\n<\/ul>\n<p><strong>Tillverkad i Kanada med inhemska och importerade material<\/strong><\/p>\n<ul>\n<li>Bekv\u00e4m ner till -40 \u00b0C<\/li>\n<li>Vegansk<\/li>\n<\/ul>\n<p><strong>\u00d6VERDEL<\/strong><\/p>\n<ul>\n<li>Vattent\u00e4t och l\u00e4tt syntetisk Rubber<sup>He boot<\/sup><\/li>\n<li>Justerbar nylonkrage<\/li>\n<li>8 mm Zylex\u00ae urtagbart foder (97 % \u00e5tervunnet material)<\/li>\n<li>Fukttransporterande foder<\/li>\n<\/ul>\n<p><strong>YTTERSULA<\/strong><\/p>\n<ul>\n<li>Olje- och syrabest\u00e4ndig<\/li>\n<li>TRACKER l\u00e4tt syntetisk Rubber<sup>He<\/sup> yttersula<\/li>\n<li>Egenutvecklad teknik ger \u00f6verl\u00e4gset grepp och flexibilitet<\/li>\n<\/ul>\n<\/div>\n<\/div>\n","protected":false},"excerpt":{"rendered":"<p><a href=\"https:\/\/www.huntersfriend.eu\/app\/uploads\/2022\/05\/kamik-kokotaulukko-miehet.png\"><strong>Storlekstabell<\/strong><\/a><\/p>\n","protected":false},"featured_media":231070,"comment_status":"open","ping_status":"closed","template":"","meta":[],"product_brand":[],"product_cat":[2679,2666],"product_tag":[],"class_list":{"0":"post-287859","1":"product","2":"type-product","3":"status-publish","4":"has-post-thumbnail","6":"product_cat-gummistovlar","7":"product_cat-vinterjaktkangor","8":"product_shipping_class-medium-sv","10":"first","11":"instock","12":"taxable","13":"shipping-taxable","14":"purchasable","15":"product-type-variable"},"composite_virtual":false,"composite_layout":"","composite_add_to_cart_form_location":"","composite_editable_in_cart":false,"composite_sold_individually_context":"","composite_shop_price_calc":"","composite_components":[],"composite_scenarios":[],"group_of_quantity":0,"min_quantity":0,"max_quantity":"","exclude_order_quantity_value_rules":"no","exclude_category_quantity_rules":"no","combine_variations":"no","exclude_global_add_ons":[],"addons":[],"_links":{"self":[{"href":"https:\/\/www.huntersfriend.eu\/sv\/wp-json\/wp\/v2\/product\/287859","targetHints":{"allow":["GET"]}}],"collection":[{"href":"https:\/\/www.huntersfriend.eu\/sv\/wp-json\/wp\/v2\/product"}],"about":[{"href":"https:\/\/www.huntersfriend.eu\/sv\/wp-json\/wp\/v2\/types\/product"}],"replies":[{"embeddable":true,"href":"https:\/\/www.huntersfriend.eu\/sv\/wp-json\/wp\/v2\/comments?post=287859"}],"wp:featuredmedia":[{"embeddable":true,"href":"https:\/\/www.huntersfriend.eu\/sv\/wp-json\/wp\/v2\/media\/231070"}],"wp:attachment":[{"href":"https:\/\/www.huntersfriend.eu\/sv\/wp-json\/wp\/v2\/media?parent=287859"}],"wp:term":[{"taxonomy":"product_brand","embeddable":true,"href":"https:\/\/www.huntersfriend.eu\/sv\/wp-json\/wp\/v2\/product_brand?post=287859"},{"taxonomy":"product_cat","embeddable":true,"href":"https:\/\/www.huntersfriend.eu\/sv\/wp-json\/wp\/v2\/product_cat?post=287859"},{"taxonomy":"product_tag","embeddable":true,"href":"https:\/\/www.huntersfriend.eu\/sv\/wp-json\/wp\/v2\/product_tag?post=287859"}],"curies":[{"name":"wp","href":"https:\/\/api.w.org\/{rel}","templated":true}]}}