{"id":287833,"date":"2022-05-25T15:42:31","date_gmt":"2022-05-25T13:42:31","guid":{"rendered":"https:\/\/www.huntersfriend.eu\/product\/meindl-solden-2\/"},"modified":"2025-08-27T10:59:32","modified_gmt":"2025-08-27T08:59:32","slug":"meindl-solden-2","status":"publish","type":"product","link":"https:\/\/www.huntersfriend.eu\/sv\/produkt\/meindl-solden-2\/","title":{"rendered":"Meindl S\u00f6lden"},"content":{"rendered":"<p>Klassiska Meindl vinterjaktk\u00e4ngor f\u00f6r kalla och v\u00e5ta f\u00f6rh\u00e5llanden. Inuti k\u00e4ngan finns ett uttagbart fuskp\u00e4lsfoder och utsidan av foten \u00e4r gjord av gummi f\u00f6r att g\u00f6ra den vattent\u00e4t och slitstark. <\/p>\n<p><strong>F\u00e4rg:<\/strong> brun<\/p>\n<p><strong>Ovandel:<\/strong> Bergs-kohud<\/p>\n<p><strong>Foder:<\/strong> Uttagbar fuskp\u00e4ls + thermal<\/p>\n<p><strong>Fotb\u00e4dd:<\/strong> Fuskp\u00e4ls + thermal<\/p>\n<p><strong>Sula:<\/strong> Profilsula med galosch<\/p>\n<p><span style=\"font-size: 14.4px;\"><strong>Vikt:<\/strong> 950g<\/span><\/p>\n<div class=\"divider-border\" data-width=\"100%\" data-animate=\"\" data-animation-delay=\"\" data-color=\"default\"><b class=\"b3\" style=\"font-size: 14.4px;\">Skafth\u00f6jd<\/b><span style=\"font-size: 14.4px;\">: 24cm<\/span><\/div>\n<div class=\"divider-border\" data-width=\"100%\" data-animate=\"\" data-animation-delay=\"\" data-color=\"default\"><span id=\"result_box\" class=\"short_text\" lang=\"en\" style=\"font-size: 14.4px;\"><span class=\"\"><b class=\"b2\">Subzero<\/b><b class=\"b1\"> t<\/b><strong>emperatures<\/strong><\/span><\/span><span style=\"font-size: 14.4px;\">: -25<\/span><\/div>\n<div data-width=\"100%\" data-animate=\"\" data-animation-delay=\"\" data-color=\"default\">\n<p><strong>Storlekstabell:<\/strong><\/p>\n<table class=\"table table-striped table-bordered\">\n<thead>\n<tr>\n<th>EU<\/th>\n<th>US<\/th>\n<th>UK<\/th>\n<th>H\u00c4L TILL T\u00c5<\/th>\n<\/tr>\n<\/thead>\n<tbody>\n<tr>\n<td>36<\/td>\n<td>4.5<\/td>\n<td>3.5<\/td>\n<td>23 cm<\/td>\n<\/tr>\n<tr>\n<td>37<\/td>\n<td>5<\/td>\n<td>4<\/td>\n<td>23.5 cm<\/td>\n<\/tr>\n<tr>\n<td>37.5<\/td>\n<td>5.5<\/td>\n<td>4.5<\/td>\n<td>24 cm<\/td>\n<\/tr>\n<tr>\n<td>38<\/td>\n<td>6<\/td>\n<td>5<\/td>\n<td>24.5 cm<\/td>\n<\/tr>\n<tr>\n<td>39<\/td>\n<td>6.5<\/td>\n<td>5.5<\/td>\n<td>25 cm<\/td>\n<\/tr>\n<tr>\n<td>39.5<\/td>\n<td>7<\/td>\n<td>6<\/td>\n<td>25.25 cm<\/td>\n<\/tr>\n<tr>\n<td>40<\/td>\n<td>7.5<\/td>\n<td>6.5<\/td>\n<td>25.5 cm<\/td>\n<\/tr>\n<tr>\n<td>41<\/td>\n<td>8<\/td>\n<td>7<\/td>\n<td>26 cm<\/td>\n<\/tr>\n<tr>\n<td>41.5<\/td>\n<td>8.5<\/td>\n<td>7.5<\/td>\n<td>26.5 cm<\/td>\n<\/tr>\n<tr>\n<td>42<\/td>\n<td>9<\/td>\n<td>8<\/td>\n<td>27 cm<\/td>\n<\/tr>\n<tr>\n<td>42.5<\/td>\n<td>9.5<\/td>\n<td>8.5<\/td>\n<td>27.5 cm<\/td>\n<\/tr>\n<tr>\n<td>43<\/td>\n<td>10<\/td>\n<td>9<\/td>\n<td>28 cm<\/td>\n<\/tr>\n<tr>\n<td>44<\/td>\n<td>10.5<\/td>\n<td>9.5<\/td>\n<td>28.25 cm<\/td>\n<\/tr>\n<tr>\n<td>44.5<\/td>\n<td>11<\/td>\n<td>10<\/td>\n<td>28.5 cm<\/td>\n<\/tr>\n<tr>\n<td>45<\/td>\n<td>11.5<\/td>\n<td>10.5<\/td>\n<td>29 cm<\/td>\n<\/tr>\n<tr>\n<td>46<\/td>\n<td>12<\/td>\n<td>11<\/td>\n<td>29.5 cm<\/td>\n<\/tr>\n<tr>\n<td>46.5<\/td>\n<td>12.5<\/td>\n<td>11.5<\/td>\n<td>30 cm<\/td>\n<\/tr>\n<tr>\n<td>47<\/td>\n<td>13<\/td>\n<td>12<\/td>\n<td>30.5 cm<\/td>\n<\/tr>\n<tr>\n<td>48<\/td>\n<td>13.5<\/td>\n<td>12.5<\/td>\n<td>30.75 cm<\/td>\n<\/tr>\n<tr>\n<td>48.5<\/td>\n<td>14<\/td>\n<td>13<\/td>\n<td>31 cm<\/td>\n<\/tr>\n<tr>\n<td>49<\/td>\n<td>14.5<\/td>\n<td>13.5<\/td>\n<td>31.5 cm<\/td>\n<\/tr>\n<tr>\n<td>49.5<\/td>\n<td>15<\/td>\n<td>14<\/td>\n<td>32 cm<\/td>\n<\/tr>\n<tr>\n<td>50.5<\/td>\n<td>15.5<\/td>\n<td>14.5<\/td>\n<td>32.5 cm<\/td>\n<\/tr>\n<tr>\n<td>51<\/td>\n<td>16<\/td>\n<td>15<\/td>\n<td>33 cm<\/td>\n<\/tr>\n<\/tbody>\n<\/table>\n<\/div>\n","protected":false},"excerpt":{"rendered":"<p>Klassiska Meindl vinterjaktk\u00e4ngor<\/p>\n","protected":false},"featured_media":231116,"comment_status":"open","ping_status":"closed","template":"","meta":[],"product_brand":[],"product_cat":[2666],"product_tag":[],"class_list":{"0":"post-287833","1":"product","2":"type-product","3":"status-publish","4":"has-post-thumbnail","6":"product_cat-vinterjaktkangor","7":"product_shipping_class-medium-sv","9":"first","10":"instock","11":"taxable","12":"shipping-taxable","13":"purchasable","14":"product-type-variable"},"composite_virtual":false,"composite_layout":"","composite_add_to_cart_form_location":"","composite_editable_in_cart":false,"composite_sold_individually_context":"","composite_shop_price_calc":"","composite_components":[],"composite_scenarios":[],"group_of_quantity":0,"min_quantity":0,"max_quantity":"","exclude_order_quantity_value_rules":"no","exclude_category_quantity_rules":"no","combine_variations":"no","exclude_global_add_ons":[],"addons":[],"_links":{"self":[{"href":"https:\/\/www.huntersfriend.eu\/sv\/wp-json\/wp\/v2\/product\/287833","targetHints":{"allow":["GET"]}}],"collection":[{"href":"https:\/\/www.huntersfriend.eu\/sv\/wp-json\/wp\/v2\/product"}],"about":[{"href":"https:\/\/www.huntersfriend.eu\/sv\/wp-json\/wp\/v2\/types\/product"}],"replies":[{"embeddable":true,"href":"https:\/\/www.huntersfriend.eu\/sv\/wp-json\/wp\/v2\/comments?post=287833"}],"wp:featuredmedia":[{"embeddable":true,"href":"https:\/\/www.huntersfriend.eu\/sv\/wp-json\/wp\/v2\/media\/231116"}],"wp:attachment":[{"href":"https:\/\/www.huntersfriend.eu\/sv\/wp-json\/wp\/v2\/media?parent=287833"}],"wp:term":[{"taxonomy":"product_brand","embeddable":true,"href":"https:\/\/www.huntersfriend.eu\/sv\/wp-json\/wp\/v2\/product_brand?post=287833"},{"taxonomy":"product_cat","embeddable":true,"href":"https:\/\/www.huntersfriend.eu\/sv\/wp-json\/wp\/v2\/product_cat?post=287833"},{"taxonomy":"product_tag","embeddable":true,"href":"https:\/\/www.huntersfriend.eu\/sv\/wp-json\/wp\/v2\/product_tag?post=287833"}],"curies":[{"name":"wp","href":"https:\/\/api.w.org\/{rel}","templated":true}]}}