{"id":287832,"date":"2022-05-25T15:42:14","date_gmt":"2022-05-25T13:42:14","guid":{"rendered":"https:\/\/www.huntersfriend.eu\/product\/meindl-dovre-extreme-gtx-wide\/"},"modified":"2025-10-14T05:00:36","modified_gmt":"2025-10-14T03:00:36","slug":"meindl-dovre-extreme-gtx-wide","status":"publish","type":"product","link":"https:\/\/www.huntersfriend.eu\/sv\/produkt\/meindl-dovre-extreme-gtx-wide\/","title":{"rendered":"Meindl dovre extreme GTX\u00ae wide"},"content":{"rendered":"<p data-start=\"0\" data-end=\"478\">Meindl Dovre Extreme GTX\u00ae Wide \u00e4r en h\u00f6gkvalitativ, h\u00f6gt skuren jaktk\u00e4nga designad f\u00f6r den aktiva j\u00e4garen och friluftsentusiasten som s\u00f6ker slitstarka skor. K\u00e4ngans material \u00e4r vaxat nubuckl\u00e4der av h\u00f6gsta kvalitet. Det ventilerande, vattent\u00e4ta och vindt\u00e4ta GORE-TEX-membranet h\u00e5ller f\u00f6tterna torra n\u00e4r du \u00e4r i r\u00f6relse. Vibram Multigriff-sulan \u00e4r robust och stabil, \u00e4ven i oj\u00e4mn terr\u00e4ng. K\u00e4ngan har ett h\u00f6gt gummistenskydd som skyddar k\u00e4ngan och f\u00f6rl\u00e4nger dess livsl\u00e4ngd.    <\/p>\n<p data-start=\"480\" data-end=\"673\" data-is-only-node=\"\" data-is-last-node=\"\">F\u00e4rg: Brun<br data-start=\"492\" data-end=\"495\">\u00d6vre material: Vaxat nubuckl\u00e4der<br data-start=\"531\" data-end=\"534\">Foder: GORE-TEX<br data-start=\"550\" data-end=\"553\">Fotb\u00e4dd: AIR-ACTIVE\u00ae SOFT PRINT torr sula, bredare modell<br data-start=\"606\" data-end=\"609\">Sula: Meindl Multigriff\u00ae by Vibram\u00ae<br data-start=\"644\" data-end=\"647\">Vikt: 930g<\/p>\n<p data-start=\"480\" data-end=\"673\" data-is-only-node=\"\" data-is-last-node=\"\">Varning! &#8211; V\u00e5r Lemonsize \u00e4r brittisk storlek<br \/>\n<br data-start=\"659\" data-end=\"662\">Storlekstabell:<\/p>\n<table class=\"table table-striped table-bordered\">\n<thead>\n<tr>\n<th>EU<\/th>\n<th>US<\/th>\n<th>UK<\/th>\n<th>H\u00c4L TILL T\u00c5<\/th>\n<\/tr>\n<\/thead>\n<tbody>\n<tr>\n<td>36<\/td>\n<td>4.5<\/td>\n<td>3.5<\/td>\n<td>23 cm<\/td>\n<\/tr>\n<tr>\n<td>37<\/td>\n<td>5<\/td>\n<td>4<\/td>\n<td>23.5 cm<\/td>\n<\/tr>\n<tr>\n<td>37.5<\/td>\n<td>5.5<\/td>\n<td>4.5<\/td>\n<td>24 cm<\/td>\n<\/tr>\n<tr>\n<td>38<\/td>\n<td>6<\/td>\n<td>5<\/td>\n<td>24.5 cm<\/td>\n<\/tr>\n<tr>\n<td>39<\/td>\n<td>6.5<\/td>\n<td>5.5<\/td>\n<td>25 cm<\/td>\n<\/tr>\n<tr>\n<td>39.5<\/td>\n<td>7<\/td>\n<td>6<\/td>\n<td>25.25 cm<\/td>\n<\/tr>\n<tr>\n<td>40<\/td>\n<td>7.5<\/td>\n<td>6.5<\/td>\n<td>25.5 cm<\/td>\n<\/tr>\n<tr>\n<td>41<\/td>\n<td>8<\/td>\n<td>7<\/td>\n<td>26 cm<\/td>\n<\/tr>\n<tr>\n<td>41.5<\/td>\n<td>8.5<\/td>\n<td>7.5<\/td>\n<td>26.5 cm<\/td>\n<\/tr>\n<tr>\n<td>42<\/td>\n<td>9<\/td>\n<td>8<\/td>\n<td>27 cm<\/td>\n<\/tr>\n<tr>\n<td>42.5<\/td>\n<td>9.5<\/td>\n<td>8.5<\/td>\n<td>27.5 cm<\/td>\n<\/tr>\n<tr>\n<td>43<\/td>\n<td>10<\/td>\n<td>9<\/td>\n<td>28 cm<\/td>\n<\/tr>\n<tr>\n<td>44<\/td>\n<td>10.5<\/td>\n<td>9.5<\/td>\n<td>28.25 cm<\/td>\n<\/tr>\n<tr>\n<td>44.5<\/td>\n<td>11<\/td>\n<td>10<\/td>\n<td>28.5 cm<\/td>\n<\/tr>\n<tr>\n<td>45<\/td>\n<td>11.5<\/td>\n<td>10.5<\/td>\n<td>29 cm<\/td>\n<\/tr>\n<tr>\n<td>46<\/td>\n<td>12<\/td>\n<td>11<\/td>\n<td>29.5 cm<\/td>\n<\/tr>\n<tr>\n<td>46.5<\/td>\n<td>12.5<\/td>\n<td>11.5<\/td>\n<td>30 cm<\/td>\n<\/tr>\n<tr>\n<td>47<\/td>\n<td>13<\/td>\n<td>12<\/td>\n<td>30.5 cm<\/td>\n<\/tr>\n<tr>\n<td>48<\/td>\n<td>13.5<\/td>\n<td>12.5<\/td>\n<td>30.75 cm<\/td>\n<\/tr>\n<tr>\n<td>48.5<\/td>\n<td>14<\/td>\n<td>13<\/td>\n<td>31 cm<\/td>\n<\/tr>\n<tr>\n<td>49<\/td>\n<td>14.5<\/td>\n<td>13.5<\/td>\n<td>31.5 cm<\/td>\n<\/tr>\n<tr>\n<td>49.5<\/td>\n<td>15<\/td>\n<td>14<\/td>\n<td>32 cm<\/td>\n<\/tr>\n<tr>\n<td>50.5<\/td>\n<td>15.5<\/td>\n<td>14.5<\/td>\n<td>32.5 cm<\/td>\n<\/tr>\n<tr>\n<td>51<\/td>\n<td>16<\/td>\n<td>15<\/td>\n<td>33 cm<\/td>\n<\/tr>\n<\/tbody>\n<\/table>\n","protected":false},"excerpt":{"rendered":"<p>Klassisk jaktst\u00f6vel med bredare fotb\u00e4dd<\/p>\n","protected":false},"featured_media":277201,"comment_status":"open","ping_status":"closed","template":"","meta":[],"product_brand":[],"product_cat":[2835],"product_tag":[],"class_list":{"0":"post-287832","1":"product","2":"type-product","3":"status-publish","4":"has-post-thumbnail","6":"product_cat-jaktkangor","7":"product_shipping_class-medium-sv","9":"first","10":"instock","11":"taxable","12":"shipping-taxable","13":"purchasable","14":"product-type-variable"},"composite_virtual":false,"composite_layout":"","composite_add_to_cart_form_location":"","composite_editable_in_cart":false,"composite_sold_individually_context":"","composite_shop_price_calc":"","composite_components":[],"composite_scenarios":[],"group_of_quantity":0,"min_quantity":0,"max_quantity":"","exclude_order_quantity_value_rules":"no","exclude_category_quantity_rules":"no","combine_variations":"no","exclude_global_add_ons":[],"addons":[],"_links":{"self":[{"href":"https:\/\/www.huntersfriend.eu\/sv\/wp-json\/wp\/v2\/product\/287832","targetHints":{"allow":["GET"]}}],"collection":[{"href":"https:\/\/www.huntersfriend.eu\/sv\/wp-json\/wp\/v2\/product"}],"about":[{"href":"https:\/\/www.huntersfriend.eu\/sv\/wp-json\/wp\/v2\/types\/product"}],"replies":[{"embeddable":true,"href":"https:\/\/www.huntersfriend.eu\/sv\/wp-json\/wp\/v2\/comments?post=287832"}],"wp:featuredmedia":[{"embeddable":true,"href":"https:\/\/www.huntersfriend.eu\/sv\/wp-json\/wp\/v2\/media\/277201"}],"wp:attachment":[{"href":"https:\/\/www.huntersfriend.eu\/sv\/wp-json\/wp\/v2\/media?parent=287832"}],"wp:term":[{"taxonomy":"product_brand","embeddable":true,"href":"https:\/\/www.huntersfriend.eu\/sv\/wp-json\/wp\/v2\/product_brand?post=287832"},{"taxonomy":"product_cat","embeddable":true,"href":"https:\/\/www.huntersfriend.eu\/sv\/wp-json\/wp\/v2\/product_cat?post=287832"},{"taxonomy":"product_tag","embeddable":true,"href":"https:\/\/www.huntersfriend.eu\/sv\/wp-json\/wp\/v2\/product_tag?post=287832"}],"curies":[{"name":"wp","href":"https:\/\/api.w.org\/{rel}","templated":true}]}}