{"id":287830,"date":"2022-05-31T14:50:55","date_gmt":"2022-05-31T12:50:55","guid":{"rendered":"https:\/\/www.huntersfriend.eu\/product\/meopta-meopro-optika6-3-18x50rd-sfp-bdc-3-2\/"},"modified":"2025-08-27T10:59:14","modified_gmt":"2025-08-27T08:59:14","slug":"meopta-meopro-optika6-3-18x50rd-sfp-bdc-3-2","status":"publish","type":"product","link":"https:\/\/www.huntersfriend.eu\/sv\/produkt\/meopta-meopro-optika6-3-18x50rd-sfp-bdc-3-2\/","title":{"rendered":"Meopta meopro Optika6 3-18x50RD SFP, BDC-3"},"content":{"rendered":"<p>Optika6 3-18&#215;50 och 3-18&#215;56 kikarsikten finns tillg\u00e4ngliga med riktmedel i f\u00f6rsta eller andra fokalplanet (FFP \/ SFP). SFP-modeller har skyddade sid- och h\u00f6jdjusteringar, medan FFP-modeller har exponerade l\u00e5sbara h\u00f6jdjusteringar och skyddade sidjusteringar. FFP-modeller har ocks\u00e5 ett nollstopp p\u00e5 h\u00f6jdjusteringstornet, vilket g\u00f6r att skytten har en tydlig \u00e5terg\u00e5ng till nollpunkten oavsett vilket avst\u00e5nd de har st\u00e4llt in f\u00f6r. Standardklickv\u00e4rden f\u00f6r icke-MIL-riktmedel \u00e4r 0,25 MOA, medan MIL-baserade riktmedel har 0,1 Milradian per klickjustering.   <\/p>\n","protected":false},"excerpt":{"rendered":"<p>Optika6 3-18&#215;50 och 3-18&#215;56 kikarsikten finns tillg\u00e4ngliga med riktmedel i f\u00f6rsta eller andra fokalplanet (FFP \/ SFP). SFP-modeller har skyddade sid- och h\u00f6jdjusteringar, medan FFP-modeller har exponerade l\u00e5sbara h\u00f6jdjusteringar och skyddade sidjusteringar. FFP-modeller har ocks\u00e5 ett nollstopp p\u00e5 h\u00f6jdjusteringstornet, vilket g\u00f6r att skytten har en tydlig \u00e5terg\u00e5ng till nollpunkten oavsett vilket avst\u00e5nd de har st\u00e4llt [&#8230;]\n","protected":false},"featured_media":231560,"comment_status":"open","ping_status":"closed","template":"","meta":[],"product_brand":[],"product_cat":[2526],"product_tag":[],"class_list":{"0":"post-287830","1":"product","2":"type-product","3":"status-publish","4":"has-post-thumbnail","6":"product_cat-kikarsikten-och-optik","8":"first","9":"outofstock","10":"taxable","11":"shipping-taxable","12":"purchasable","13":"product-type-simple"},"composite_virtual":false,"composite_layout":"","composite_add_to_cart_form_location":"","composite_editable_in_cart":false,"composite_sold_individually_context":"","composite_shop_price_calc":"","composite_components":[],"composite_scenarios":[],"group_of_quantity":0,"min_quantity":0,"max_quantity":"","exclude_order_quantity_value_rules":"no","exclude_category_quantity_rules":"no","combine_variations":"no","exclude_global_add_ons":[],"addons":[],"_links":{"self":[{"href":"https:\/\/www.huntersfriend.eu\/sv\/wp-json\/wp\/v2\/product\/287830","targetHints":{"allow":["GET"]}}],"collection":[{"href":"https:\/\/www.huntersfriend.eu\/sv\/wp-json\/wp\/v2\/product"}],"about":[{"href":"https:\/\/www.huntersfriend.eu\/sv\/wp-json\/wp\/v2\/types\/product"}],"replies":[{"embeddable":true,"href":"https:\/\/www.huntersfriend.eu\/sv\/wp-json\/wp\/v2\/comments?post=287830"}],"wp:featuredmedia":[{"embeddable":true,"href":"https:\/\/www.huntersfriend.eu\/sv\/wp-json\/wp\/v2\/media\/231560"}],"wp:attachment":[{"href":"https:\/\/www.huntersfriend.eu\/sv\/wp-json\/wp\/v2\/media?parent=287830"}],"wp:term":[{"taxonomy":"product_brand","embeddable":true,"href":"https:\/\/www.huntersfriend.eu\/sv\/wp-json\/wp\/v2\/product_brand?post=287830"},{"taxonomy":"product_cat","embeddable":true,"href":"https:\/\/www.huntersfriend.eu\/sv\/wp-json\/wp\/v2\/product_cat?post=287830"},{"taxonomy":"product_tag","embeddable":true,"href":"https:\/\/www.huntersfriend.eu\/sv\/wp-json\/wp\/v2\/product_tag?post=287830"}],"curies":[{"name":"wp","href":"https:\/\/api.w.org\/{rel}","templated":true}]}}