{"id":287825,"date":"2022-05-31T14:57:09","date_gmt":"2022-05-31T12:57:09","guid":{"rendered":"https:\/\/www.huntersfriend.eu\/product\/work-sharp-pivot-pro-slipare\/"},"modified":"2026-04-22T14:53:28","modified_gmt":"2026-04-22T12:53:28","slug":"work-sharp-pivot-pro-slipare","status":"publish","type":"product","link":"https:\/\/www.huntersfriend.eu\/sv\/produkt\/work-sharp-pivot-pro-slipare\/","title":{"rendered":"Work Sharp Pivot Pro-slipare"},"content":{"rendered":"<p>Pivot PRO Knife &amp; Tool Sharpener\u00ae \u00e4r den mest funktionsrika medlemmen i Pivot-serien. Den \u00e5terst\u00e4ller snabbt och enkelt fabrikssk\u00e4rpa till knivar och ett brett utbud av eggverktyg p\u00e5 bara n\u00e5gra sekunder. 25\u00b0 Convex-Carbide\u00ae-slipblad \u00e5terst\u00e4ller snabbt en skarp egg, medan de finkorniga keramiska st\u00e4ngerna slipar en knivsegg till fabriksskarpa resultat.  <\/p>\n<p>Ut\u00f6ver knivslipning inkluderar den tv\u00e5 ytterligare dedikerade slipmoduler, en f\u00f6r finkantiga tr\u00e4dg\u00e5rdsverktyg och en annan f\u00f6r saxar och klippverktyg. 320-grit diamantplatta ger den perfekta l\u00f6sningen f\u00f6r att slipa ett brett utbud av blad, inklusive yxor. <\/p>\n<p>Handh\u00e5llen design \u00e4r effektiv f\u00f6r anv\u00e4ndning b\u00e5de p\u00e5 en arbetsb\u00e4nk eller b\u00e4nkskiva och ute p\u00e5 g\u00e5rden eller p\u00e5 l\u00e4gret. Sax- och klippsliparen kan tas bort fr\u00e5n handtaget f\u00f6r bekv\u00e4m anv\u00e4ndning d\u00e4r och n\u00e4r du beh\u00f6ver den. <\/p>\n<p>V\u00e4ssar knivar, saxar, tr\u00e4dg\u00e5rdsredskap, sekat\u00f6rer, klippverktyg och mer.<\/p>\n<ul>\n<li>Slipa p\u00e5 konvex karbid, bryna p\u00e5 keramik<\/li>\n<li>Kompakt, packbar design<\/li>\n<li>Diamantplatta f\u00f6r eggverktyg<\/li>\n<li>Sax &amp; tr\u00e4dg\u00e5rdsredskap<\/li>\n<li>Karbidslipare<\/li>\n<\/ul>\n","protected":false},"excerpt":{"rendered":"<p>Pivot PRO Knife &amp; Tool Sharpener\u00ae \u00e4r den mest funktionsrika medlemmen i Pivot-serien. Den \u00e5terst\u00e4ller snabbt och enkelt fabrikssk\u00e4rpa till knivar och ett brett utbud av eggverktyg p\u00e5 bara n\u00e5gra sekunder. 25\u00b0 Convex-Carbide\u00ae-slipblad \u00e5terst\u00e4ller snabbt en skarp egg, medan de finkorniga keramiska st\u00e4ngerna slipar en knivsegg till fabriksskarpa resultat. Ut\u00f6ver knivslipning inkluderar den tv\u00e5 ytterligare [&#8230;]\n","protected":false},"featured_media":231872,"comment_status":"open","ping_status":"closed","template":"","meta":[],"product_brand":[],"product_cat":[2610],"product_tag":[],"class_list":{"0":"post-287825","1":"product","2":"type-product","3":"status-publish","4":"has-post-thumbnail","6":"product_cat-knivar-yxor-och-slipar","8":"first","9":"instock","10":"taxable","11":"shipping-taxable","12":"purchasable","13":"product-type-simple"},"composite_virtual":false,"composite_layout":"","composite_add_to_cart_form_location":"","composite_editable_in_cart":false,"composite_sold_individually_context":"","composite_shop_price_calc":"","composite_components":[],"composite_scenarios":[],"group_of_quantity":0,"min_quantity":0,"max_quantity":"","exclude_order_quantity_value_rules":"no","exclude_category_quantity_rules":"no","combine_variations":"no","exclude_global_add_ons":[],"addons":[],"_links":{"self":[{"href":"https:\/\/www.huntersfriend.eu\/sv\/wp-json\/wp\/v2\/product\/287825","targetHints":{"allow":["GET"]}}],"collection":[{"href":"https:\/\/www.huntersfriend.eu\/sv\/wp-json\/wp\/v2\/product"}],"about":[{"href":"https:\/\/www.huntersfriend.eu\/sv\/wp-json\/wp\/v2\/types\/product"}],"replies":[{"embeddable":true,"href":"https:\/\/www.huntersfriend.eu\/sv\/wp-json\/wp\/v2\/comments?post=287825"}],"wp:featuredmedia":[{"embeddable":true,"href":"https:\/\/www.huntersfriend.eu\/sv\/wp-json\/wp\/v2\/media\/231872"}],"wp:attachment":[{"href":"https:\/\/www.huntersfriend.eu\/sv\/wp-json\/wp\/v2\/media?parent=287825"}],"wp:term":[{"taxonomy":"product_brand","embeddable":true,"href":"https:\/\/www.huntersfriend.eu\/sv\/wp-json\/wp\/v2\/product_brand?post=287825"},{"taxonomy":"product_cat","embeddable":true,"href":"https:\/\/www.huntersfriend.eu\/sv\/wp-json\/wp\/v2\/product_cat?post=287825"},{"taxonomy":"product_tag","embeddable":true,"href":"https:\/\/www.huntersfriend.eu\/sv\/wp-json\/wp\/v2\/product_tag?post=287825"}],"curies":[{"name":"wp","href":"https:\/\/api.w.org\/{rel}","templated":true}]}}