{"id":287824,"date":"2022-05-31T14:57:07","date_gmt":"2022-05-31T12:57:07","guid":{"rendered":"https:\/\/www.huntersfriend.eu\/product\/work-sharp-kniv-och-verktygsslipare-mk-2\/"},"modified":"2025-08-27T10:58:56","modified_gmt":"2025-08-27T08:58:56","slug":"work-sharp-kniv-och-verktygsslipare-mk-2","status":"publish","type":"product","link":"https:\/\/www.huntersfriend.eu\/sv\/produkt\/work-sharp-kniv-och-verktygsslipare-mk-2\/","title":{"rendered":"Work Sharp kniv- och verktygsslipare MK 2"},"content":{"rendered":"<p class=\"has-medium-font-size\">Kniv- och verktygssliparen \u00e4r den perfekta l\u00f6sningen f\u00f6r b\u00e5de hemmafixare och ivriga anv\u00e4ndare av knivar och verktyg.<\/p>\n<p class=\"has-medium-font-size\">Den slipar alla knivar och verktyg du \u00e4ger med hj\u00e4lp av flexibla band, slipguider och en motor med tv\u00e5 hastigheter. Det g\u00f6r slipningen snabbare, enklare och mer m\u00e5ngsidig \u00e4n tidigare. <\/p>\n<p class=\"has-medium-font-size\">Kombinationen av dubbel hastighetskontroll, 20\u00b0\/25\u00b0 precisionsknivguide och flexibla slipband g\u00f6r att du kan slipa dina blad till resultat som f\u00e5r h\u00e5ren att resa sig, med snabbhet, enkelhet och repeterbarhet.<\/p>\n<p class=\"has-medium-font-size\">Detta \u00e4r det snabbaste och enklaste s\u00e4ttet att f\u00e5 dina knivar s\u00e5 vassa som du beh\u00f6ver dem. Varje g\u00e5ng. <\/p>\n<p>220 volt<\/p>\n<p><strong>VAD FINNS I L\u00c5DAN<\/strong><\/p>\n<ul>\n<li>Work Sharp mk.2 kniv- och verktygsslipare <\/li>\n<li>20\u00b0  25\u00b0 slipguide<\/li>\n<li>65\u00b0 saxguide<\/li>\n<li>(2) P80 grova slipband<\/li>\n<li>(2) P220 medium slipband<\/li>\n<li>(2) 6000 fina slipband<\/li>\n<li><a href=\"https:\/\/www.worksharptools.com\/app\/uploads\/2021\/03\/WSKTS2-Users-Guide-Web-Rev1.pdf\" target=\"_blank\" rel=\"noopener\">Anv\u00e4ndarhandbok<\/a> och snabbstartsguide<\/li>\n<\/ul>\n","protected":false},"excerpt":{"rendered":"<p>Kniv- och verktygssliparen \u00e4r den perfekta l\u00f6sningen f\u00f6r b\u00e5de hemmafixare och ivriga anv\u00e4ndare av knivar och verktyg. Den slipar alla knivar och verktyg du \u00e4ger med hj\u00e4lp av flexibla band, slipguider och en motor med tv\u00e5 hastigheter. Det g\u00f6r slipningen snabbare, enklare och mer m\u00e5ngsidig \u00e4n tidigare. Kombinationen av dubbel hastighetskontroll, 20\u00b0\/25\u00b0 precisionsknivguide och flexibla [&#8230;]\n","protected":false},"featured_media":231855,"comment_status":"open","ping_status":"closed","template":"","meta":[],"product_brand":[],"product_cat":[2610],"product_tag":[],"class_list":{"0":"post-287824","1":"product","2":"type-product","3":"status-publish","4":"has-post-thumbnail","6":"product_cat-knivar-yxor-och-slipar","8":"first","9":"instock","10":"taxable","11":"shipping-taxable","12":"purchasable","13":"product-type-simple"},"composite_virtual":false,"composite_layout":"","composite_add_to_cart_form_location":"","composite_editable_in_cart":false,"composite_sold_individually_context":"","composite_shop_price_calc":"","composite_components":[],"composite_scenarios":[],"group_of_quantity":0,"min_quantity":0,"max_quantity":"","exclude_order_quantity_value_rules":"no","exclude_category_quantity_rules":"no","combine_variations":"no","exclude_global_add_ons":[],"addons":[],"_links":{"self":[{"href":"https:\/\/www.huntersfriend.eu\/sv\/wp-json\/wp\/v2\/product\/287824","targetHints":{"allow":["GET"]}}],"collection":[{"href":"https:\/\/www.huntersfriend.eu\/sv\/wp-json\/wp\/v2\/product"}],"about":[{"href":"https:\/\/www.huntersfriend.eu\/sv\/wp-json\/wp\/v2\/types\/product"}],"replies":[{"embeddable":true,"href":"https:\/\/www.huntersfriend.eu\/sv\/wp-json\/wp\/v2\/comments?post=287824"}],"wp:featuredmedia":[{"embeddable":true,"href":"https:\/\/www.huntersfriend.eu\/sv\/wp-json\/wp\/v2\/media\/231855"}],"wp:attachment":[{"href":"https:\/\/www.huntersfriend.eu\/sv\/wp-json\/wp\/v2\/media?parent=287824"}],"wp:term":[{"taxonomy":"product_brand","embeddable":true,"href":"https:\/\/www.huntersfriend.eu\/sv\/wp-json\/wp\/v2\/product_brand?post=287824"},{"taxonomy":"product_cat","embeddable":true,"href":"https:\/\/www.huntersfriend.eu\/sv\/wp-json\/wp\/v2\/product_cat?post=287824"},{"taxonomy":"product_tag","embeddable":true,"href":"https:\/\/www.huntersfriend.eu\/sv\/wp-json\/wp\/v2\/product_tag?post=287824"}],"curies":[{"name":"wp","href":"https:\/\/api.w.org\/{rel}","templated":true}]}}