{"id":287822,"date":"2022-06-06T11:28:37","date_gmt":"2022-06-06T09:28:37","guid":{"rendered":"https:\/\/www.huntersfriend.eu\/product\/dead-center-dead-level-hunter-xs-lite-2\/"},"modified":"2026-03-11T14:36:11","modified_gmt":"2026-03-11T12:36:11","slug":"dead-center-dead-level-hunter-xs-lite-2","status":"publish","type":"product","link":"https:\/\/www.huntersfriend.eu\/sv\/produkt\/dead-center-dead-level-hunter-xs-lite-2\/","title":{"rendered":"Dead Center dead level Hunter XS lite"},"content":{"rendered":"<p>Dead Lever Hunter XS Lite erbjuder ett 0,5-tums mikrodiameter, ultral\u00e4tt stabiliseringssystem f\u00f6r b\u00e5gskyttar f\u00f6r att anpassa balansen i alla b\u00e5gjaktupps\u00e4ttningar utan att l\u00e4gga till \u00f6verdriven totalvikt, vilket resulterar i en \u00f6verl\u00e4gsen skytteupplevelse. <\/p>\n<p><strong>Komplett system inkluderar:<\/strong><\/p>\n<ul>\n<li>2 Dead Silent Hunting Series &#8211; Carbon XS Stabilizers 0,5-tums stabilisatorer med mikrodiameter f\u00f6r vibrationsd\u00e4mpande stabilitet<\/li>\n<li>1 Diamond Series Lite-f\u00e4ste som \u00e4r 20 % l\u00e4ttare \u00e4n f\u00e4stet i det ursprungliga Dead Level Hunter-kitet men som fortfarande erbjuder o\u00e4ndlig justerbarhet, stens\u00e4ker anslutning som helt enkelt inte vibrerar loss och anv\u00e4nder det nedre bakre monteringsh\u00e5let p\u00e5 b\u00e5griktaren.<\/li>\n<li>6 Custom Balance 1oz vikter f\u00f6r optimal balansjustering<\/li>\n<li>2 Aluminium Weight Caps f\u00f6r ett elegant avslutat utseende<\/li>\n<\/ul>\n<p><strong>Utvald teknik<\/strong><\/p>\n<ul>\n<li>0,5-tums mikrodiameter kolr\u00f6r ger den ultimata kombinationen av d\u00e4mpning och stabilitet utan extra vikt eller k\u00e4nd vibration. <\/li>\n<li>\u00d6verl\u00e4gsen vibrationsd\u00e4mpning och d\u00e4mpningsf\u00f6rm\u00e5ga. Konstruerad av BowJax bepr\u00f6vade material. <\/li>\n<li>Diamond Series-h\u00e5rdvara \u00e4r precisionskonstruerad f\u00f6r stens\u00e4ker prestanda och perfekt balans.<\/li>\n<li>6 oz anpassningsbar vikt ger optimal balans genom att du kan skr\u00e4ddarsy din viktkonfiguration efter dina specifika behov.<\/li>\n<\/ul>\n<p><strong>Inkluderar:<\/strong><br \/>\n(2) XS-stabilisatorer, (6) 1oz Custom Balance Weights 1\/4-20, (1) Diamond Series Single Lite Mount<\/p>\n<p><strong>Produktspecifikationer:<\/strong><br \/>\nStabilisatorl\u00e4ngd &#8211; 8&#8243; &amp; 6&#8243;<br \/>\nStabilisatorl\u00e4ngd &#8211; 10&#8243; &amp; 8&#8243;<\/p>\n","protected":false},"excerpt":{"rendered":"<p>Dead Lever Hunter XS Lite erbjuder ett 0,5-tums mikrodiameter, ultral\u00e4tt stabiliseringssystem f\u00f6r b\u00e5gskyttar f\u00f6r att anpassa balansen i alla b\u00e5gjaktupps\u00e4ttningar utan att l\u00e4gga till \u00f6verdriven totalvikt, vilket resulterar i en \u00f6verl\u00e4gsen skytteupplevelse. Komplett system inkluderar: 2 Dead Silent Hunting Series &#8211; Carbon XS Stabilizers 0,5-tums stabilisatorer med mikrodiameter f\u00f6r vibrationsd\u00e4mpande stabilitet 1 Diamond Series Lite-f\u00e4ste [&#8230;]\n","protected":false},"featured_media":231932,"comment_status":"open","ping_status":"closed","template":"","meta":[],"product_brand":[],"product_cat":[2965],"product_tag":[],"class_list":{"0":"post-287822","1":"product","2":"type-product","3":"status-publish","4":"has-post-thumbnail","6":"product_cat-bagjaktstabilisatorer","8":"first","9":"instock","10":"taxable","11":"shipping-taxable","12":"purchasable","13":"product-type-variable"},"composite_virtual":false,"composite_layout":"","composite_add_to_cart_form_location":"","composite_editable_in_cart":false,"composite_sold_individually_context":"","composite_shop_price_calc":"","composite_components":[],"composite_scenarios":[],"group_of_quantity":0,"min_quantity":0,"max_quantity":"","exclude_order_quantity_value_rules":"no","exclude_category_quantity_rules":"no","combine_variations":"no","exclude_global_add_ons":[],"addons":[],"_links":{"self":[{"href":"https:\/\/www.huntersfriend.eu\/sv\/wp-json\/wp\/v2\/product\/287822","targetHints":{"allow":["GET"]}}],"collection":[{"href":"https:\/\/www.huntersfriend.eu\/sv\/wp-json\/wp\/v2\/product"}],"about":[{"href":"https:\/\/www.huntersfriend.eu\/sv\/wp-json\/wp\/v2\/types\/product"}],"replies":[{"embeddable":true,"href":"https:\/\/www.huntersfriend.eu\/sv\/wp-json\/wp\/v2\/comments?post=287822"}],"wp:featuredmedia":[{"embeddable":true,"href":"https:\/\/www.huntersfriend.eu\/sv\/wp-json\/wp\/v2\/media\/231932"}],"wp:attachment":[{"href":"https:\/\/www.huntersfriend.eu\/sv\/wp-json\/wp\/v2\/media?parent=287822"}],"wp:term":[{"taxonomy":"product_brand","embeddable":true,"href":"https:\/\/www.huntersfriend.eu\/sv\/wp-json\/wp\/v2\/product_brand?post=287822"},{"taxonomy":"product_cat","embeddable":true,"href":"https:\/\/www.huntersfriend.eu\/sv\/wp-json\/wp\/v2\/product_cat?post=287822"},{"taxonomy":"product_tag","embeddable":true,"href":"https:\/\/www.huntersfriend.eu\/sv\/wp-json\/wp\/v2\/product_tag?post=287822"}],"curies":[{"name":"wp","href":"https:\/\/api.w.org\/{rel}","templated":true}]}}