{"id":287817,"date":"2022-06-06T11:01:45","date_gmt":"2022-06-06T09:01:45","guid":{"rendered":"https:\/\/www.huntersfriend.eu\/product\/dead-center-dead-level-hunter-xs-10-8-2\/"},"modified":"2025-08-27T10:59:09","modified_gmt":"2025-08-27T08:59:09","slug":"dead-center-dead-level-hunter-xs-10-8-2","status":"publish","type":"product","link":"https:\/\/www.huntersfriend.eu\/sv\/produkt\/dead-center-dead-level-hunter-xs-10-8-2\/","title":{"rendered":"Dead Center dead level Hunter XS 10 &amp; 8"},"content":{"rendered":"<p>Dead Lever Hunter XS erbjuder ett 0,5-tums stabiliseringssystem med mikrodiameter och ultral\u00e4tt vikt f\u00f6r b\u00e5gskyttar f\u00f6r att anpassa balansen i alla b\u00e5gjaktupps\u00e4ttningar utan att l\u00e4gga till \u00f6verdriven totalvikt, vilket resulterar i en \u00f6verl\u00e4gsen skytteupplevelse. <\/p>\n<p><strong>Funktioner:<\/strong><\/p>\n<ul>\n<li>XS-stabilisatorer har en ultratunn 0,5-tums, l\u00e4ttvikts kolkonstruktion f\u00f6r den ultimata kombinationen av ljudd\u00e4mpning och stabilitet utan extra vikt eller k\u00e4nd vibration.<\/li>\n<li>G\u00e4ngad 1\/4-20 f\u00f6r att acceptera Custom Balance-vikter (inkluderar 6 st 1oz vikter) vilket g\u00f6r att du kan anpassa din b\u00e5ges balans f\u00f6r optimal noggrannhet<\/li>\n<li>H\u00e5rdvara i Diamond-serien \u00e4r precisionskonstruerad f\u00f6r att erbjuda o\u00e4ndlig justerbarhet f\u00f6r stens\u00e4ker prestanda och perfekt balans<\/li>\n<\/ul>\n<p><strong>Specifikationer: <\/strong><\/p>\n<ul>\n<li>Inkluderar (2) XS-stabilisatorer, (6) 1oz Custom Balance-vikter 1\/4-20, (1) Diamond Series Combo Mount<\/li>\n<\/ul>\n","protected":false},"excerpt":{"rendered":"<p>Dead Lever Hunter XS erbjuder ett 0,5-tums stabiliseringssystem med mikrodiameter och ultral\u00e4tt vikt f\u00f6r b\u00e5gskyttar f\u00f6r att anpassa balansen i alla b\u00e5gjaktupps\u00e4ttningar utan att l\u00e4gga till \u00f6verdriven totalvikt, vilket resulterar i en \u00f6verl\u00e4gsen skytteupplevelse. Funktioner: XS-stabilisatorer har en ultratunn 0,5-tums, l\u00e4ttvikts kolkonstruktion f\u00f6r den ultimata kombinationen av ljudd\u00e4mpning och stabilitet utan extra vikt eller k\u00e4nd [&#8230;]\n","protected":false},"featured_media":231912,"comment_status":"open","ping_status":"closed","template":"","meta":[],"product_brand":[],"product_cat":[2965],"product_tag":[],"class_list":{"0":"post-287817","1":"product","2":"type-product","3":"status-publish","4":"has-post-thumbnail","6":"product_cat-bagjaktstabilisatorer","8":"first","9":"instock","10":"taxable","11":"shipping-taxable","12":"purchasable","13":"product-type-variable"},"composite_virtual":false,"composite_layout":"","composite_add_to_cart_form_location":"","composite_editable_in_cart":false,"composite_sold_individually_context":"","composite_shop_price_calc":"","composite_components":[],"composite_scenarios":[],"group_of_quantity":0,"min_quantity":0,"max_quantity":"","exclude_order_quantity_value_rules":"no","exclude_category_quantity_rules":"no","combine_variations":"no","exclude_global_add_ons":[],"addons":[],"_links":{"self":[{"href":"https:\/\/www.huntersfriend.eu\/sv\/wp-json\/wp\/v2\/product\/287817","targetHints":{"allow":["GET"]}}],"collection":[{"href":"https:\/\/www.huntersfriend.eu\/sv\/wp-json\/wp\/v2\/product"}],"about":[{"href":"https:\/\/www.huntersfriend.eu\/sv\/wp-json\/wp\/v2\/types\/product"}],"replies":[{"embeddable":true,"href":"https:\/\/www.huntersfriend.eu\/sv\/wp-json\/wp\/v2\/comments?post=287817"}],"wp:featuredmedia":[{"embeddable":true,"href":"https:\/\/www.huntersfriend.eu\/sv\/wp-json\/wp\/v2\/media\/231912"}],"wp:attachment":[{"href":"https:\/\/www.huntersfriend.eu\/sv\/wp-json\/wp\/v2\/media?parent=287817"}],"wp:term":[{"taxonomy":"product_brand","embeddable":true,"href":"https:\/\/www.huntersfriend.eu\/sv\/wp-json\/wp\/v2\/product_brand?post=287817"},{"taxonomy":"product_cat","embeddable":true,"href":"https:\/\/www.huntersfriend.eu\/sv\/wp-json\/wp\/v2\/product_cat?post=287817"},{"taxonomy":"product_tag","embeddable":true,"href":"https:\/\/www.huntersfriend.eu\/sv\/wp-json\/wp\/v2\/product_tag?post=287817"}],"curies":[{"name":"wp","href":"https:\/\/api.w.org\/{rel}","templated":true}]}}