{"id":287811,"date":"2022-06-14T12:41:08","date_gmt":"2022-06-14T10:41:08","guid":{"rendered":"https:\/\/www.huntersfriend.eu\/product\/pse-stinger-atk-rts-ss-kit-i-lager\/"},"modified":"2025-08-27T10:58:12","modified_gmt":"2025-08-27T08:58:12","slug":"pse-stinger-atk-rts-ss-kit-i-lager","status":"publish","type":"product","link":"https:\/\/www.huntersfriend.eu\/sv\/produkt\/pse-stinger-atk-rts-ss-kit-i-lager\/","title":{"rendered":"PSE Stinger ATK RTS SS Kit \u2013 i lager"},"content":{"rendered":"<p><strong>Kontakta oss f\u00f6r andra versioner av den h\u00e4r pilb\u00e5gen!<\/strong><\/p>\n<p>B\u00e5gskyttar vet vad vi verkligen beh\u00f6ver i en jaktb\u00e5ge. Vi beh\u00f6ver att den ska vara l\u00e4ttdragen, kraftfull och d\u00f6dligt precis. <\/p>\n<p>Men t\u00e4nk om en compoundb\u00e5ge kunde vara allt det och dessutom prisv\u00e4rd? M\u00f6t PSE ATK-serien av b\u00e5gar. <\/p>\n<p>PSE ATK-serien \u00e4r prisv\u00e4rd och d\u00f6dlig och ger dig allt du beh\u00f6ver i en jaktb\u00e5ge utan att tvinga dig att betala f\u00f6r saker du inte beh\u00f6ver. Nya Stinger ATK drivs till och med av v\u00e5r &#8221;Grow With You&#8221; SS Cam, som \u00e4r utformad f\u00f6r att leverera ett brett utbud av dragl\u00e4ngder f\u00f6r v\u00e4xande skyttar. \u00c4r det inte dags att du spenderar mer av dina surt f\u00f6rv\u00e4rvade pengar p\u00e5 upplevelser och mindre vid f\u00f6rs\u00e4ljningsdisken?  <\/p>\n<p><em><strong>Hunter Package<\/strong><\/em> inkluderar Hunter Lite Quiver, Tru-Glo EZ Rest, FX4 Stabilizer, Sierra Lite Sight, Mongoose Peep och Nocking Loop.<\/p>\n<div class=\"grid grid-cols-[minmax(0,30%),minmax(0,70%)] relative group Cam\" data-armada-spec-table-item=\"\" data-product-card-content=\"\">\n<h5 class=\"font-heading heading-font-styles text-headings break-anywhere py-l lg:py-xl px-s lg:px-l border-t border-t-theme even:ml-s lg:even:ml-l relative text-h5 group-even:bg-body-opacity-03 group-last:border-b group-last:border-b-theme\">CAM: AS<\/h5>\n<\/div>\n<div class=\"grid grid-cols-[minmax(0,30%),minmax(0,70%)] relative group Brace height\" data-armada-spec-table-item=\"\" data-product-card-content=\"\">\n<h5 class=\"font-heading heading-font-styles text-headings break-anywhere py-l lg:py-xl px-s lg:px-l border-t border-t-theme even:ml-s lg:even:ml-l relative text-h5 group-even:bg-body-opacity-03 group-last:border-b group-last:border-b-theme\">BRACE HEIGHT: 6-5\/8 tum<\/h5>\n<\/div>\n<div class=\"grid grid-cols-[minmax(0,30%),minmax(0,70%)] relative group Axle to axle\" data-armada-spec-table-item=\"\" data-product-card-content=\"\">\n<h5 class=\"font-heading heading-font-styles text-headings break-anywhere py-l lg:py-xl px-s lg:px-l border-t border-t-theme even:ml-s lg:even:ml-l relative text-h5 group-even:bg-body-opacity-03 group-last:border-b group-last:border-b-theme\">AXEL TILL AXEL: 32 tum<\/h5>\n<p>B\u00e5gens vikt: 4,0 lbs<\/p>\n<\/div>\n<div class=\"grid grid-cols-[minmax(0,30%),minmax(0,70%)] relative group Ibo speed rating\" data-armada-spec-table-item=\"\" data-product-card-content=\"\">\n<h5 class=\"font-heading heading-font-styles text-headings break-anywhere py-l lg:py-xl px-s lg:px-l border-t border-t-theme even:ml-s lg:even:ml-l relative text-h5 group-even:bg-body-opacity-03 group-last:border-b group-last:border-b-theme\">IBO HASTIGHETSGRAD: 312fps<\/h5>\n<\/div>\n<div class=\"grid grid-cols-[minmax(0,30%),minmax(0,70%)] relative group Letoff\" data-armada-spec-table-item=\"\" data-product-card-content=\"\">\n<h5 class=\"font-heading heading-font-styles text-headings break-anywhere py-l lg:py-xl px-s lg:px-l border-t border-t-theme even:ml-s lg:even:ml-l relative text-h5 group-even:bg-body-opacity-03 group-last:border-b group-last:border-b-theme\">LETOFF: 80 %<\/h5>\n<\/div>\n<div class=\"grid grid-cols-[minmax(0,30%),minmax(0,70%)] relative group Draw length range\" data-armada-spec-table-item=\"\" data-product-card-content=\"\">\n<h5 class=\"font-heading heading-font-styles text-headings break-anywhere py-l lg:py-xl px-s lg:px-l border-t border-t-theme even:ml-s lg:even:ml-l relative text-h5 group-even:bg-body-opacity-03 group-last:border-b group-last:border-b-theme\">DRAGL\u00c4NGDSOMR\u00c5DE: 23 tum \u2013 30 tum<\/h5>\n<\/div>\n<div class=\"grid grid-cols-[minmax(0,30%),minmax(0,70%)] relative group Draw weights\" data-armada-spec-table-item=\"\" data-product-card-content=\"\">\n<h5 class=\"font-heading heading-font-styles text-headings break-anywhere py-l lg:py-xl px-s lg:px-l border-t border-t-theme even:ml-s lg:even:ml-l relative text-h5 group-even:bg-body-opacity-03 group-last:border-b group-last:border-b-theme\">DRAGVIKTER: 21-50, 26-60, 30-70#<\/h5>\n<\/div>\n<div class=\"grid grid-cols-[minmax(0,30%),minmax(0,70%)] relative group Limb bolt turns\" data-armada-spec-table-item=\"\" data-product-card-content=\"\">\n<h5 class=\"font-heading heading-font-styles text-headings break-anywhere py-l lg:py-xl px-s lg:px-l border-t border-t-theme even:ml-s lg:even:ml-l relative text-h5 group-even:bg-body-opacity-03 group-last:border-b group-last:border-b-theme\">VARV P\u00c5 LIMBBULT: 10<\/h5>\n<\/div>\n","protected":false},"excerpt":{"rendered":"<p>RH 30-70# country camo<\/p>\n","protected":false},"featured_media":267241,"comment_status":"open","ping_status":"closed","template":"","meta":[],"product_brand":[],"product_cat":[2842],"product_tag":[],"class_list":{"0":"post-287811","1":"product","2":"type-product","3":"status-publish","4":"has-post-thumbnail","6":"product_cat-compound-fabrikssatser","8":"first","9":"instock","10":"taxable","11":"shipping-taxable","12":"purchasable","13":"product-type-simple"},"composite_virtual":false,"composite_layout":"","composite_add_to_cart_form_location":"","composite_editable_in_cart":false,"composite_sold_individually_context":"","composite_shop_price_calc":"","composite_components":[],"composite_scenarios":[],"group_of_quantity":0,"min_quantity":0,"max_quantity":"","exclude_order_quantity_value_rules":"no","exclude_category_quantity_rules":"no","combine_variations":"no","exclude_global_add_ons":[],"addons":[],"_links":{"self":[{"href":"https:\/\/www.huntersfriend.eu\/sv\/wp-json\/wp\/v2\/product\/287811","targetHints":{"allow":["GET"]}}],"collection":[{"href":"https:\/\/www.huntersfriend.eu\/sv\/wp-json\/wp\/v2\/product"}],"about":[{"href":"https:\/\/www.huntersfriend.eu\/sv\/wp-json\/wp\/v2\/types\/product"}],"replies":[{"embeddable":true,"href":"https:\/\/www.huntersfriend.eu\/sv\/wp-json\/wp\/v2\/comments?post=287811"}],"wp:featuredmedia":[{"embeddable":true,"href":"https:\/\/www.huntersfriend.eu\/sv\/wp-json\/wp\/v2\/media\/267241"}],"wp:attachment":[{"href":"https:\/\/www.huntersfriend.eu\/sv\/wp-json\/wp\/v2\/media?parent=287811"}],"wp:term":[{"taxonomy":"product_brand","embeddable":true,"href":"https:\/\/www.huntersfriend.eu\/sv\/wp-json\/wp\/v2\/product_brand?post=287811"},{"taxonomy":"product_cat","embeddable":true,"href":"https:\/\/www.huntersfriend.eu\/sv\/wp-json\/wp\/v2\/product_cat?post=287811"},{"taxonomy":"product_tag","embeddable":true,"href":"https:\/\/www.huntersfriend.eu\/sv\/wp-json\/wp\/v2\/product_tag?post=287811"}],"curies":[{"name":"wp","href":"https:\/\/api.w.org\/{rel}","templated":true}]}}