{"id":287808,"date":"2022-06-06T11:58:04","date_gmt":"2022-06-06T09:58:04","guid":{"rendered":"https:\/\/www.huntersfriend.eu\/product\/dead-center-dead-silent-jaktserie-carbon-xs-6\/"},"modified":"2025-08-27T10:58:07","modified_gmt":"2025-08-27T08:58:07","slug":"dead-center-dead-silent-jaktserie-carbon-xs-6","status":"publish","type":"product","link":"https:\/\/www.huntersfriend.eu\/sv\/produkt\/dead-center-dead-silent-jaktserie-carbon-xs-6\/","title":{"rendered":"Dead Center dead silent jaktserie \u2013 carbon XS 6"},"content":{"rendered":"<p>Dead Silent Hunting Series Carbon XS Stabilizers har b\u00e5de .5in. mikrodiameterkol och mikrodiameterbearbetade \u00e4ndstycken i aluminium, vilket g\u00f6r det till v\u00e5r tunnaste och l\u00e4ttaste stabiliseringsl\u00f6sning hittills. <\/p>\n<p><strong>Funktioner:<\/strong><\/p>\n<ul>\n<li>Mikrodiameter kolr\u00f6r ger den ultimata kombinationen av ljudd\u00e4mpning och stabilitet utan extra vikt eller k\u00e4nd vibration<\/li>\n<li>Stabilisatorljudd\u00e4mpare ger \u00f6verl\u00e4gsen vibrationsd\u00e4mpning och ljudd\u00e4mpningsf\u00f6rm\u00e5ga. Konstruerad av BowJax bepr\u00f6vade material. <\/li>\n<li>Dubbla O-ringar f\u00f6r extra d\u00e4mpning och ljudd\u00e4mpande egenskaper<\/li>\n<li>CNC-bearbetade \u00e4ndstycken i aluminium med mikrodiameter f\u00f6r stabilitet och h\u00e5llbarhet<\/li>\n<li>Anpassade balansvikter g\u00f6r att du kan skr\u00e4ddarsy viktkonfigurationen efter dina specifika behov. Inkluderar (2) 1oz vikter. <\/li>\n<\/ul>\n<p><strong>Specifikationer: <\/strong><\/p>\n<ul>\n<li>6&#8243; &#8211; 4.4oz<\/li>\n<li>Inkluderar (2) 1oz anpassade balansvikter<\/li>\n<\/ul>\n","protected":false},"excerpt":{"rendered":"<p>Dead Silent Hunting Series Carbon XS Stabilizers har b\u00e5de .5in. mikrodiameterkol och mikrodiameterbearbetade \u00e4ndstycken i aluminium, vilket g\u00f6r det till v\u00e5r tunnaste och l\u00e4ttaste stabiliseringsl\u00f6sning hittills. Funktioner: Mikrodiameter kolr\u00f6r ger den ultimata kombinationen av ljudd\u00e4mpning och stabilitet utan extra vikt eller k\u00e4nd vibration Stabilisatorljudd\u00e4mpare ger \u00f6verl\u00e4gsen vibrationsd\u00e4mpning och ljudd\u00e4mpningsf\u00f6rm\u00e5ga. Konstruerad av BowJax bepr\u00f6vade material. Dubbla [&#8230;]\n","protected":false},"featured_media":231963,"comment_status":"open","ping_status":"closed","template":"","meta":[],"product_brand":[],"product_cat":[2965],"product_tag":[],"class_list":{"0":"post-287808","1":"product","2":"type-product","3":"status-publish","4":"has-post-thumbnail","6":"product_cat-bagjaktstabilisatorer","8":"first","9":"instock","10":"taxable","11":"shipping-taxable","12":"purchasable","13":"product-type-variable"},"composite_virtual":false,"composite_layout":"","composite_add_to_cart_form_location":"","composite_editable_in_cart":false,"composite_sold_individually_context":"","composite_shop_price_calc":"","composite_components":[],"composite_scenarios":[],"group_of_quantity":0,"min_quantity":0,"max_quantity":"","exclude_order_quantity_value_rules":"no","exclude_category_quantity_rules":"no","combine_variations":"no","exclude_global_add_ons":[],"addons":[],"_links":{"self":[{"href":"https:\/\/www.huntersfriend.eu\/sv\/wp-json\/wp\/v2\/product\/287808","targetHints":{"allow":["GET"]}}],"collection":[{"href":"https:\/\/www.huntersfriend.eu\/sv\/wp-json\/wp\/v2\/product"}],"about":[{"href":"https:\/\/www.huntersfriend.eu\/sv\/wp-json\/wp\/v2\/types\/product"}],"replies":[{"embeddable":true,"href":"https:\/\/www.huntersfriend.eu\/sv\/wp-json\/wp\/v2\/comments?post=287808"}],"wp:featuredmedia":[{"embeddable":true,"href":"https:\/\/www.huntersfriend.eu\/sv\/wp-json\/wp\/v2\/media\/231963"}],"wp:attachment":[{"href":"https:\/\/www.huntersfriend.eu\/sv\/wp-json\/wp\/v2\/media?parent=287808"}],"wp:term":[{"taxonomy":"product_brand","embeddable":true,"href":"https:\/\/www.huntersfriend.eu\/sv\/wp-json\/wp\/v2\/product_brand?post=287808"},{"taxonomy":"product_cat","embeddable":true,"href":"https:\/\/www.huntersfriend.eu\/sv\/wp-json\/wp\/v2\/product_cat?post=287808"},{"taxonomy":"product_tag","embeddable":true,"href":"https:\/\/www.huntersfriend.eu\/sv\/wp-json\/wp\/v2\/product_tag?post=287808"}],"curies":[{"name":"wp","href":"https:\/\/api.w.org\/{rel}","templated":true}]}}