{"id":287797,"date":"2022-06-17T13:43:04","date_gmt":"2022-06-17T11:43:04","guid":{"rendered":"https:\/\/www.huntersfriend.eu\/product\/sitka-fanatic-hoodie-uppdaterad\/"},"modified":"2025-08-27T10:57:36","modified_gmt":"2025-08-27T08:57:36","slug":"sitka-fanatic-hoodie-uppdaterad","status":"publish","type":"product","link":"https:\/\/www.huntersfriend.eu\/sv\/produkt\/sitka-fanatic-hoodie-uppdaterad\/","title":{"rendered":"SITKA Fanatic-hoodie, uppdaterad"},"content":{"rendered":"<p>Fanatic \u00e4r en h\u00f6gpresterande hoodie p\u00e5 steroider som snabbt kommer att bli en favorit i ditt system f\u00f6r jakt p\u00e5 vitsvanshjort. Kroppsanpassad grid- och microgrid-fleece samverkar f\u00f6r att reglera din kroppstemperatur samtidigt som lukten minskas tack vare Polygiene\u00ae Odor Control Technology. <\/p>\n<p>GORE \u2122 OPTIFADE \u2122 Concealment Elevated II \u00e4r utformad f\u00f6r att d\u00f6lja j\u00e4gare under v\u00e4ntan p\u00e5 en konfrontation p\u00e5 n\u00e4ra h\u00e5ll, i svagt ljus eller i upph\u00f6jd position.<\/p>\n<p>Vikt: 470,60 g \/\/ Storlek L <\/p>\n<p>Material, kropp och huva: kraftig Comfort stretch-fleece (93 % polyester\/7 % elastan).<\/p>\n<p>Material, ansiktsmask: snabbtorkande, l\u00e4tt stretchmesh (88 % polyester\/12 % elastan).<\/p>\n<p>Polygiene\u00ae Odor Control Technology neutraliserar s\u00e4kert lukt som orsakas av svett.<\/p>\n<p>Inbyggd ansiktsmask i ventilerande mesh: D\u00f6lj ditt ansikte n\u00e4r du r\u00f6r dig och \u00f6ka dina chanser till framg\u00e5ng.<\/p>\n<p>\u00d6vervikbara handskar: F\u00f6rutom de integrerade tumh\u00e5len m\u00f6jligg\u00f6rs enkel lager-p\u00e5-lager-anv\u00e4ndning.<\/p>\n","protected":false},"excerpt":{"rendered":"<p>Fanatic \u00e4r en h\u00f6gpresterande hoodie p\u00e5 steroider som snabbt kommer att bli en favorit i ditt system f\u00f6r jakt p\u00e5 vitsvanshjort. Kroppsanpassad grid- och microgrid-fleece samverkar f\u00f6r att reglera din kroppstemperatur samtidigt som lukten minskas tack vare Polygiene\u00ae Odor Control Technology. GORE \u2122 OPTIFADE \u2122 Concealment Elevated II \u00e4r utformad f\u00f6r att d\u00f6lja j\u00e4gare under [&#8230;]\n","protected":false},"featured_media":257873,"comment_status":"open","ping_status":"closed","template":"","meta":[],"product_brand":[],"product_cat":[2813],"product_tag":[],"class_list":{"0":"post-287797","1":"product","2":"type-product","3":"status-publish","4":"has-post-thumbnail","6":"product_cat-skjortor-hoodies","8":"first","9":"instock","10":"taxable","11":"shipping-taxable","12":"purchasable","13":"product-type-variable"},"composite_virtual":false,"composite_layout":"","composite_add_to_cart_form_location":"","composite_editable_in_cart":false,"composite_sold_individually_context":"","composite_shop_price_calc":"","composite_components":[],"composite_scenarios":[],"group_of_quantity":0,"min_quantity":0,"max_quantity":"","exclude_order_quantity_value_rules":"no","exclude_category_quantity_rules":"no","combine_variations":"no","exclude_global_add_ons":[],"addons":[],"_links":{"self":[{"href":"https:\/\/www.huntersfriend.eu\/sv\/wp-json\/wp\/v2\/product\/287797","targetHints":{"allow":["GET"]}}],"collection":[{"href":"https:\/\/www.huntersfriend.eu\/sv\/wp-json\/wp\/v2\/product"}],"about":[{"href":"https:\/\/www.huntersfriend.eu\/sv\/wp-json\/wp\/v2\/types\/product"}],"replies":[{"embeddable":true,"href":"https:\/\/www.huntersfriend.eu\/sv\/wp-json\/wp\/v2\/comments?post=287797"}],"wp:featuredmedia":[{"embeddable":true,"href":"https:\/\/www.huntersfriend.eu\/sv\/wp-json\/wp\/v2\/media\/257873"}],"wp:attachment":[{"href":"https:\/\/www.huntersfriend.eu\/sv\/wp-json\/wp\/v2\/media?parent=287797"}],"wp:term":[{"taxonomy":"product_brand","embeddable":true,"href":"https:\/\/www.huntersfriend.eu\/sv\/wp-json\/wp\/v2\/product_brand?post=287797"},{"taxonomy":"product_cat","embeddable":true,"href":"https:\/\/www.huntersfriend.eu\/sv\/wp-json\/wp\/v2\/product_cat?post=287797"},{"taxonomy":"product_tag","embeddable":true,"href":"https:\/\/www.huntersfriend.eu\/sv\/wp-json\/wp\/v2\/product_tag?post=287797"}],"curies":[{"name":"wp","href":"https:\/\/api.w.org\/{rel}","templated":true}]}}