{"id":287794,"date":"2022-06-23T13:25:02","date_gmt":"2022-06-23T11:25:02","guid":{"rendered":"https:\/\/www.huntersfriend.eu\/product\/sitka-core-lattvikts-crew-ss\/"},"modified":"2025-08-27T10:57:33","modified_gmt":"2025-08-27T08:57:33","slug":"sitka-core-lattvikts-crew-ss","status":"publish","type":"product","link":"https:\/\/www.huntersfriend.eu\/sv\/produkt\/sitka-core-lattvikts-crew-ss\/","title":{"rendered":"SITKA core l\u00e4ttvikts crew SS"},"content":{"rendered":"<p>Med korta \u00e4rmar och en l\u00e5g crewneck \u00e4r CORE Lightweight Crew SS det hudn\u00e4ra lager som \u00e4r grunden f\u00f6r alla \u00e5rstider. Med permanent Polygiene\u00ae Odor Control Technology f\u00f6r att neutralisera lukt genom att stoppa tillv\u00e4xten av bakterier och svampar. CORE Lightweight-serien arbetar h\u00e5rt f\u00f6r att h\u00e5lla lukten borta samtidigt som den aktivt transporterar bort fukt fr\u00e5n huden.  <\/p>\n<ul class=\"HeroSpecs__list\">\n<li>\n<p class=\"Hero-desc\"><strong>GORE\u2122 OPTIFADE\u2122 Concealment Subalpine<\/strong> \u00e4r designad f\u00f6r att f\u00f6rf\u00f6lja och \u00f6verfalla hovdjur fr\u00e5n markniv\u00e5 i tr\u00e4dbevuxen och vegeterad terr\u00e4ng.<\/p>\n<\/li>\n<li>\n<p class=\"Hero-desc\"><strong>Vikt:<\/strong> 116 g \/\/ Storlek: L<\/p>\n<\/li>\n<li>\n<p class=\"Hero-desc\"><strong>Material:<\/strong> snabbtorkande, l\u00e4ttviktig Comfort stretch-stickning (100 % polyester).<\/p>\n<\/li>\n<li>\n<p class=\"Hero-desc\"><strong>Drop-Tail Design:<\/strong> Snabbtorkande, l\u00e4ttviktig comfort stretch-stickning.<\/p>\n<\/li>\n<li>\n<p class=\"Hero-desc\"><strong>L\u00e5gprofil Flatlock-s\u00f6mmar:<\/strong> H\u00e5ll lukten borta samtidigt som fukt transporteras bort.<\/p>\n<\/li>\n<li>\n<p class=\"Hero-desc\"><strong>Polygiene\u00ae Odor Control Technology<\/strong> neutraliserar s\u00e4kert lukt som orsakas av svett.<\/p>\n<\/li>\n<\/ul>\n","protected":false},"excerpt":{"rendered":"<p>Med korta \u00e4rmar och en l\u00e5g crewneck \u00e4r CORE Lightweight Crew SS det hudn\u00e4ra lager som \u00e4r grunden f\u00f6r alla \u00e5rstider. Med permanent Polygiene\u00ae Odor Control Technology f\u00f6r att neutralisera lukt genom att stoppa tillv\u00e4xten av bakterier och svampar. CORE Lightweight-serien arbetar h\u00e5rt f\u00f6r att h\u00e5lla lukten borta samtidigt som den aktivt transporterar bort fukt [&#8230;]\n","protected":false},"featured_media":237629,"comment_status":"open","ping_status":"closed","template":"","meta":[],"product_brand":[],"product_cat":[2580,2813],"product_tag":[],"class_list":{"0":"post-287794","1":"product","2":"type-product","3":"status-publish","4":"has-post-thumbnail","6":"product_cat-lager-pa-lager","7":"product_cat-skjortor-hoodies","9":"first","10":"instock","11":"taxable","12":"shipping-taxable","13":"purchasable","14":"product-type-variable"},"composite_virtual":false,"composite_layout":"","composite_add_to_cart_form_location":"","composite_editable_in_cart":false,"composite_sold_individually_context":"","composite_shop_price_calc":"","composite_components":[],"composite_scenarios":[],"group_of_quantity":0,"min_quantity":0,"max_quantity":"","exclude_order_quantity_value_rules":"no","exclude_category_quantity_rules":"no","combine_variations":"no","exclude_global_add_ons":[],"addons":[],"_links":{"self":[{"href":"https:\/\/www.huntersfriend.eu\/sv\/wp-json\/wp\/v2\/product\/287794","targetHints":{"allow":["GET"]}}],"collection":[{"href":"https:\/\/www.huntersfriend.eu\/sv\/wp-json\/wp\/v2\/product"}],"about":[{"href":"https:\/\/www.huntersfriend.eu\/sv\/wp-json\/wp\/v2\/types\/product"}],"replies":[{"embeddable":true,"href":"https:\/\/www.huntersfriend.eu\/sv\/wp-json\/wp\/v2\/comments?post=287794"}],"wp:featuredmedia":[{"embeddable":true,"href":"https:\/\/www.huntersfriend.eu\/sv\/wp-json\/wp\/v2\/media\/237629"}],"wp:attachment":[{"href":"https:\/\/www.huntersfriend.eu\/sv\/wp-json\/wp\/v2\/media?parent=287794"}],"wp:term":[{"taxonomy":"product_brand","embeddable":true,"href":"https:\/\/www.huntersfriend.eu\/sv\/wp-json\/wp\/v2\/product_brand?post=287794"},{"taxonomy":"product_cat","embeddable":true,"href":"https:\/\/www.huntersfriend.eu\/sv\/wp-json\/wp\/v2\/product_cat?post=287794"},{"taxonomy":"product_tag","embeddable":true,"href":"https:\/\/www.huntersfriend.eu\/sv\/wp-json\/wp\/v2\/product_tag?post=287794"}],"curies":[{"name":"wp","href":"https:\/\/api.w.org\/{rel}","templated":true}]}}