{"id":287789,"date":"2022-06-17T12:45:01","date_gmt":"2022-06-17T10:45:01","guid":{"rendered":"https:\/\/www.huntersfriend.eu\/product\/sitka-core-mid-wt-zip-t-subalpine-2\/"},"modified":"2025-10-06T08:03:39","modified_gmt":"2025-10-06T06:03:39","slug":"sitka-core-mid-wt-zip-t-subalpine-2","status":"publish","type":"product","link":"https:\/\/www.huntersfriend.eu\/sv\/produkt\/sitka-core-mid-wt-zip-t-subalpine-2\/","title":{"rendered":"SITKA core mid wt zip-t (subalpine)"},"content":{"rendered":"<p>CORE Midweight Zip-T har snabbtorkande, bekv\u00e4m stretch-fleece och en h\u00f6g hals med dragkedja f\u00f6r att h\u00e5lla din aktiva kroppstemperatur reglerad n\u00e4r temperaturen stiger eller sjunker. Permanent Polygiene\u00ae Odor Control Technology och en l\u00e5g flatlocks\u00f6mskonstruktion g\u00f6r detta till ett m\u00e5ngsidigt lager n\u00e4rmast huden f\u00f6r en m\u00e4ngd olika f\u00f6rh\u00e5llanden och aktivitetsniv\u00e5er. <\/p>\n<p>GORE\u2122 OPTIFADE\u2122 Concealment Open Country \u00e4r vetenskapligt optimerad f\u00f6r avst\u00e5ndsbed\u00f6mning p\u00e5 50 yards och l\u00e4ngre p\u00e5 markniv\u00e5 i stenig terr\u00e4ng ovanf\u00f6r tr\u00e4dgr\u00e4nsen.<\/p>\n<p>GORE\u2122 OPTIFADE\u2122 Concealment Subalpine \u00e4r utformad f\u00f6r att f\u00f6rf\u00f6lja och \u00f6verfalla hovdjur fr\u00e5n markniv\u00e5 i tr\u00e4dbevuxen och vegeterad terr\u00e4ng.<\/p>\n<p>Vikt: 283,49 g \/\/ storlek l <\/p>\n<p>Material: snabbtorkande, medeltjock Comfort stretch-fleece (96 % polyester\/4 % elastan).<\/p>\n<p>Polygiene\u00ae Odor Control Technology neutraliserar s\u00e4kert lukt som orsakas av svett.<\/p>\n","protected":false},"excerpt":{"rendered":"<p>CORE Midweight Zip-T har snabbtorkande, bekv\u00e4m stretch-fleece och en h\u00f6g hals med dragkedja f\u00f6r att h\u00e5lla din aktiva kroppstemperatur reglerad n\u00e4r temperaturen stiger eller sjunker. Permanent Polygiene\u00ae Odor Control Technology och en l\u00e5g flatlocks\u00f6mskonstruktion g\u00f6r detta till ett m\u00e5ngsidigt lager n\u00e4rmast huden f\u00f6r en m\u00e4ngd olika f\u00f6rh\u00e5llanden och aktivitetsniv\u00e5er. GORE\u2122 OPTIFADE\u2122 Concealment Open Country \u00e4r [&#8230;]\n","protected":false},"featured_media":257916,"comment_status":"open","ping_status":"closed","template":"","meta":[],"product_brand":[],"product_cat":[2580,2813],"product_tag":[],"class_list":{"0":"post-287789","1":"product","2":"type-product","3":"status-publish","4":"has-post-thumbnail","6":"product_cat-lager-pa-lager","7":"product_cat-skjortor-hoodies","9":"first","10":"instock","11":"taxable","12":"shipping-taxable","13":"purchasable","14":"product-type-variable"},"composite_virtual":false,"composite_layout":"","composite_add_to_cart_form_location":"","composite_editable_in_cart":false,"composite_sold_individually_context":"","composite_shop_price_calc":"","composite_components":[],"composite_scenarios":[],"group_of_quantity":0,"min_quantity":0,"max_quantity":"","exclude_order_quantity_value_rules":"no","exclude_category_quantity_rules":"no","combine_variations":"no","exclude_global_add_ons":[],"addons":[],"_links":{"self":[{"href":"https:\/\/www.huntersfriend.eu\/sv\/wp-json\/wp\/v2\/product\/287789","targetHints":{"allow":["GET"]}}],"collection":[{"href":"https:\/\/www.huntersfriend.eu\/sv\/wp-json\/wp\/v2\/product"}],"about":[{"href":"https:\/\/www.huntersfriend.eu\/sv\/wp-json\/wp\/v2\/types\/product"}],"replies":[{"embeddable":true,"href":"https:\/\/www.huntersfriend.eu\/sv\/wp-json\/wp\/v2\/comments?post=287789"}],"wp:featuredmedia":[{"embeddable":true,"href":"https:\/\/www.huntersfriend.eu\/sv\/wp-json\/wp\/v2\/media\/257916"}],"wp:attachment":[{"href":"https:\/\/www.huntersfriend.eu\/sv\/wp-json\/wp\/v2\/media?parent=287789"}],"wp:term":[{"taxonomy":"product_brand","embeddable":true,"href":"https:\/\/www.huntersfriend.eu\/sv\/wp-json\/wp\/v2\/product_brand?post=287789"},{"taxonomy":"product_cat","embeddable":true,"href":"https:\/\/www.huntersfriend.eu\/sv\/wp-json\/wp\/v2\/product_cat?post=287789"},{"taxonomy":"product_tag","embeddable":true,"href":"https:\/\/www.huntersfriend.eu\/sv\/wp-json\/wp\/v2\/product_tag?post=287789"}],"curies":[{"name":"wp","href":"https:\/\/api.w.org\/{rel}","templated":true}]}}