{"id":287778,"date":"2022-06-16T08:09:05","date_gmt":"2022-06-16T06:09:05","guid":{"rendered":"https:\/\/www.huntersfriend.eu\/product\/sitka-mountain-jacket-subalpine-2\/"},"modified":"2025-09-25T12:43:31","modified_gmt":"2025-09-25T10:43:31","slug":"sitka-mountain-jacket-subalpine-2","status":"publish","type":"product","link":"https:\/\/www.huntersfriend.eu\/sv\/produkt\/sitka-mountain-jacket-subalpine-2\/","title":{"rendered":"SITKA Mountain Jacket (Subalpine)"},"content":{"rendered":"<p>Konstruerad av en borstad polyesteryta \u00f6ver 3-lagers GORE-TEX INFINIUM\u2122 med WINDSTOPPER\u00ae-teknologi; Mountain Jacket \u00e4r d\u00f6dligt tyst, helt vindt\u00e4t och redo f\u00f6r alla v\u00e4der f\u00f6r att st\u00e5 emot bergsvindar, l\u00e4tt regn eller sn\u00f6.<\/p>\n<p><strong>Varf\u00f6r SITKA gjorde detta<\/strong><\/p>\n<p>Bergsjakt kommer med sina egna unika utmaningar: kalla temperaturer, bitande vind, regn och sn\u00f6. F\u00f6r att tackla dessa varierande hinder m\u00e5ste j\u00e4gare vanligtvis b\u00e4ra m\u00e5nga olika f\u00f6rem\u00e5l samtidigt som de f\u00f6rs\u00f6ker bibeh\u00e5lla andningsf\u00f6rm\u00e5gan och \u2013 \u00e4nnu viktigare \u2013 smygf\u00f6rm\u00e5ga, och traditionella mjuka skal var f\u00f6r tunga och inte komprimerbara. V\u00e5rt m\u00e5l var att utveckla ett enda plagg som skulle vara helt vindt\u00e4tt, vattenavvisande, l\u00e4tt och ventilerande, allt inom ett tyst yttermaterial. Kort sagt, vi designade en jacka du kan b\u00e4ra 90 % av tiden.   <\/p>\n<p>GORE\u2122 OPTIFADE\u2122 Concealment Subalpine \u00e4r designad f\u00f6r att f\u00f6rf\u00f6lja och \u00f6verfalla hovdjur (hjortarter) fr\u00e5n markniv\u00e5 i tr\u00e4dbevuxen och vegeterad terr\u00e4ng.<\/p>\n<p>GORE\u2122 OPTIFADE\u2122 Concealment Open Country \u00e4r vetenskapligt optimerad f\u00f6r avst\u00e5ndsbed\u00f6mning p\u00e5 50 yards och l\u00e4ngre p\u00e5 markniv\u00e5 i stenig terr\u00e4ng ovanf\u00f6r tr\u00e4dgr\u00e4nsen.<\/p>\n<p>Vikt: 320,35 g \/\/ Storlek L<\/p>\n<p>Material: 3-lagers GORE-TEX INFINIUM\u2122 med WINDSTOPPER\u00ae Form Fit-teknologi, borstad polyesteryta och borstad trik\u00e5interi\u00f6r av polyester.<\/p>\n<p>Slitstark vattenavvisande finish motst\u00e5r l\u00e4tt nederb\u00f6rd och f\u00f6rhindrar att yttermaterialet blir bl\u00f6tt.<\/p>\n<p>Br\u00f6stficka med dragkedja i mesh: Den ultimata fristaden f\u00f6r n\u00f6dv\u00e4ndigheter.<\/p>\n<p>Handfickor med dragkedja i mesh: Designade f\u00f6r att passa ovanf\u00f6r ett ryggs\u00e4cks midjeb\u00e4lte utan att klumpa ihop sig n\u00e4r du b\u00e4r en ryggs\u00e4ck.<\/p>\n<p>Borstad polyesteryta: Och borstad trik\u00e5interi\u00f6r av polyester.<\/p>\n<p>GORE-TEX INFINIUM\u2122 med WINDSTOPPER\u00ae: Erbjuder komplett vindt\u00e4tt skydd genom ett slitstarkt, l\u00e4tt och ventilerande membran.<\/p>\n","protected":false},"excerpt":{"rendered":"<p>Konstruerad av en borstad polyesteryta \u00f6ver 3-lagers GORE-TEX INFINIUM\u2122 med WINDSTOPPER\u00ae-teknologi; Mountain Jacket \u00e4r d\u00f6dligt tyst, helt vindt\u00e4t och redo f\u00f6r alla v\u00e4der f\u00f6r att st\u00e5 emot bergsvindar, l\u00e4tt regn eller sn\u00f6. Varf\u00f6r SITKA gjorde detta Bergsjakt kommer med sina egna unika utmaningar: kalla temperaturer, bitande vind, regn och sn\u00f6. F\u00f6r att tackla dessa varierande [&#8230;]\n","protected":false},"featured_media":257932,"comment_status":"open","ping_status":"closed","template":"","meta":[],"product_brand":[],"product_cat":[878],"product_tag":[],"class_list":{"0":"post-287778","1":"product","2":"type-product","3":"status-publish","4":"has-post-thumbnail","6":"product_cat-uncategorized-sv","8":"first","9":"outofstock","10":"taxable","11":"shipping-taxable","12":"purchasable","13":"product-type-variable"},"composite_virtual":false,"composite_layout":"","composite_add_to_cart_form_location":"","composite_editable_in_cart":false,"composite_sold_individually_context":"","composite_shop_price_calc":"","composite_components":[],"composite_scenarios":[],"group_of_quantity":0,"min_quantity":0,"max_quantity":"","exclude_order_quantity_value_rules":"no","exclude_category_quantity_rules":"no","combine_variations":"no","exclude_global_add_ons":[],"addons":[],"_links":{"self":[{"href":"https:\/\/www.huntersfriend.eu\/sv\/wp-json\/wp\/v2\/product\/287778","targetHints":{"allow":["GET"]}}],"collection":[{"href":"https:\/\/www.huntersfriend.eu\/sv\/wp-json\/wp\/v2\/product"}],"about":[{"href":"https:\/\/www.huntersfriend.eu\/sv\/wp-json\/wp\/v2\/types\/product"}],"replies":[{"embeddable":true,"href":"https:\/\/www.huntersfriend.eu\/sv\/wp-json\/wp\/v2\/comments?post=287778"}],"wp:featuredmedia":[{"embeddable":true,"href":"https:\/\/www.huntersfriend.eu\/sv\/wp-json\/wp\/v2\/media\/257932"}],"wp:attachment":[{"href":"https:\/\/www.huntersfriend.eu\/sv\/wp-json\/wp\/v2\/media?parent=287778"}],"wp:term":[{"taxonomy":"product_brand","embeddable":true,"href":"https:\/\/www.huntersfriend.eu\/sv\/wp-json\/wp\/v2\/product_brand?post=287778"},{"taxonomy":"product_cat","embeddable":true,"href":"https:\/\/www.huntersfriend.eu\/sv\/wp-json\/wp\/v2\/product_cat?post=287778"},{"taxonomy":"product_tag","embeddable":true,"href":"https:\/\/www.huntersfriend.eu\/sv\/wp-json\/wp\/v2\/product_tag?post=287778"}],"curies":[{"name":"wp","href":"https:\/\/api.w.org\/{rel}","templated":true}]}}