{"id":287777,"date":"2022-06-17T13:43:14","date_gmt":"2022-06-17T11:43:14","guid":{"rendered":"https:\/\/www.huntersfriend.eu\/product\/sitka-ws-timberline-byxa\/"},"modified":"2025-08-27T10:57:11","modified_gmt":"2025-08-27T08:57:11","slug":"sitka-ws-timberline-byxa","status":"publish","type":"product","link":"https:\/\/www.huntersfriend.eu\/sv\/produkt\/sitka-ws-timberline-byxa\/","title":{"rendered":"SITKA WS Timberline-byxa"},"content":{"rendered":"<p>En kraftig jaktbyxa byggd f\u00f6r l\u00e5nga utflykter i ol\u00e4ndig och avl\u00e4gsen terr\u00e4ng. Timberline-byxan har en f\u00f6rst\u00e4rkt vattent\u00e4t och ventilerande sits och kn\u00e4n som s\u00e4kerst\u00e4ller att dessa byxor kommer att \u00f6verleva dina b\u00e4sta \u00e4ventyr. Avtagbara kn\u00e4skydd ger extra skydd. <\/p>\n<ul class=\"HeroSpecs__list\">\n<li>\n<p class=\"Hero-desc\"><strong>GORE\u2122 OPTIFADE\u2122 Concealment Subalpine<\/strong> \u00e4r designad f\u00f6r att f\u00f6rf\u00f6lja och \u00f6verfalla hovdjur fr\u00e5n markniv\u00e5 i tr\u00e4dbevuxen och vegeterad terr\u00e4ng.<\/p>\n<\/li>\n<li>\n<p class=\"Hero-desc\"><strong>Vikt:<\/strong> 640 g \/\/ 26 Reg.<\/p>\n<\/li>\n<li>\n<p class=\"Hero-desc\"><strong>Material:<\/strong> Polyester stretchv\u00e4v.<\/p>\n<\/li>\n<li>\n<p class=\"Hero-desc\"><strong>Slitstark vattenavvisande<\/strong> finish som motst\u00e5r l\u00e4tt nederb\u00f6rd och f\u00f6rhindrar att tyget p\u00e5 framsidan blir bl\u00f6tt.<\/p>\n<\/li>\n<li>\n<p class=\"Hero-desc\"><strong>Ledad passform:<\/strong> Passformen \u00e4r atletisk med avsmalnande ben och en l\u00e5g profil i midjan som inte korvar sig eller skaver under en ryggs\u00e4ck.<\/p>\n<\/li>\n<li>\n<p class=\"Hero-desc\"><strong>Avtagbara kn\u00e4skydd:<\/strong> Avtagbara kn\u00e4skydd ger extra skydd oavsett om du kl\u00e4ttrar genom talus i norra Klippiga bergen, tar dig fram genom kaktusar i Sonora\u00f6knen eller fl\u00e5r ett djur.<\/p>\n<\/li>\n<li>\n<p class=\"Hero-desc\"><strong>F\u00f6rst\u00e4rkt sits och kn\u00e4n:<\/strong> Sitsen och kn\u00e4na \u00e4r f\u00f6rst\u00e4rkta med ett vattent\u00e4tt nylon Ripstop-tyg, s\u00e5 en l\u00e5ng vandring p\u00e5 en v\u00e5t sadel eller en snabb sittpaus i sn\u00f6n inte l\u00e4mnar dig kall och v\u00e5t.<\/p>\n<\/li>\n<\/ul>\n","protected":false},"excerpt":{"rendered":"<p>En kraftig jaktbyxa byggd f\u00f6r l\u00e5nga utflykter i ol\u00e4ndig och avl\u00e4gsen terr\u00e4ng. Timberline-byxan har en f\u00f6rst\u00e4rkt vattent\u00e4t och ventilerande sits och kn\u00e4n som s\u00e4kerst\u00e4ller att dessa byxor kommer att \u00f6verleva dina b\u00e4sta \u00e4ventyr. Avtagbara kn\u00e4skydd ger extra skydd. GORE\u2122 OPTIFADE\u2122 Concealment Subalpine \u00e4r designad f\u00f6r att f\u00f6rf\u00f6lja och \u00f6verfalla hovdjur fr\u00e5n markniv\u00e5 i tr\u00e4dbevuxen och [&#8230;]\n","protected":false},"featured_media":237655,"comment_status":"open","ping_status":"closed","template":"","meta":[],"product_brand":[],"product_cat":[2765,2710],"product_tag":[],"class_list":{"0":"post-287777","1":"product","2":"type-product","3":"status-publish","4":"has-post-thumbnail","6":"product_cat-fyndlada-slutrea","7":"product_cat-jaktklader-for-dam","9":"first","10":"instock","11":"sale","12":"taxable","13":"shipping-taxable","14":"purchasable","15":"product-type-variable"},"composite_virtual":false,"composite_layout":"","composite_add_to_cart_form_location":"","composite_editable_in_cart":false,"composite_sold_individually_context":"","composite_shop_price_calc":"","composite_components":[],"composite_scenarios":[],"group_of_quantity":0,"min_quantity":0,"max_quantity":"","exclude_order_quantity_value_rules":"no","exclude_category_quantity_rules":"no","combine_variations":"no","exclude_global_add_ons":[],"addons":[],"_links":{"self":[{"href":"https:\/\/www.huntersfriend.eu\/sv\/wp-json\/wp\/v2\/product\/287777","targetHints":{"allow":["GET"]}}],"collection":[{"href":"https:\/\/www.huntersfriend.eu\/sv\/wp-json\/wp\/v2\/product"}],"about":[{"href":"https:\/\/www.huntersfriend.eu\/sv\/wp-json\/wp\/v2\/types\/product"}],"replies":[{"embeddable":true,"href":"https:\/\/www.huntersfriend.eu\/sv\/wp-json\/wp\/v2\/comments?post=287777"}],"wp:featuredmedia":[{"embeddable":true,"href":"https:\/\/www.huntersfriend.eu\/sv\/wp-json\/wp\/v2\/media\/237655"}],"wp:attachment":[{"href":"https:\/\/www.huntersfriend.eu\/sv\/wp-json\/wp\/v2\/media?parent=287777"}],"wp:term":[{"taxonomy":"product_brand","embeddable":true,"href":"https:\/\/www.huntersfriend.eu\/sv\/wp-json\/wp\/v2\/product_brand?post=287777"},{"taxonomy":"product_cat","embeddable":true,"href":"https:\/\/www.huntersfriend.eu\/sv\/wp-json\/wp\/v2\/product_cat?post=287777"},{"taxonomy":"product_tag","embeddable":true,"href":"https:\/\/www.huntersfriend.eu\/sv\/wp-json\/wp\/v2\/product_tag?post=287777"}],"curies":[{"name":"wp","href":"https:\/\/api.w.org\/{rel}","templated":true}]}}